{"id":51587,"date":"2020-03-14T14:27:46","date_gmt":"2020-03-14T13:27:47","guid":{"rendered":"https:\/\/www.customeeple.com\/?post_type=product&#038;p=51587"},"modified":"2020-03-14T14:50:27","modified_gmt":"2020-03-14T13:50:27","slug":"castillos-de-borgona-esp","status":"publish","type":"product","link":"https:\/\/www.customeeple.com\/es\/producto\/castillos-de-borgona-esp\/","title":{"rendered":"Castillos de Borgo\u00f1a (ESP)"},"content":{"rendered":"<div class=\"p_collection\">\n<div id=\"primary_block\" class=\"clearfix\">\n<div class=\"add-top p_collection\">\n<p>El juego se establece en el valle del Loira de la Francia medieval (siglo XV). Como pr\u00edncipes influyentes de Borgo\u00f1a los jugadores se esfuerzan en comerciar y construir estrat\u00e9gicamente sus feudos con el fin de expandirlos y hacerlos prosperar.<\/p>\n<p>Los jugadores asumen el papel de arist\u00f3cratas, controlando inicialmente un peque\u00f1o feudo. Durante la partida\u00a0construyen asentamientos y poderosos castillos, comercian a lo largo del r\u00edo, explotan minas de plata y utilizan el conocimiento de los viajeros.<\/p>\n<p>Durante la partida, los jugadores cogen losetas del tablero central y las colocan en su feudo, representado por tableros individuales. Cada loseta tiene una funci\u00f3n concreta que se desbloquea al colocarla.\u00a0El feudo\u00a0est\u00e1 compuesto por varias regiones, cada una de las cuales requiere un tipo distinto de loseta. El juego finaliza cuando el \u00faltimo jugador acaba su turno en la quinta ronda de la quinta fase. Despu\u00e9s de contabilizar los puntos de victoria, el jugador que m\u00e1s haya obtenido ser\u00e1 el ganador.<\/p>\n<p>Los castillos de Borgo\u00f1a es un emocionante juego de estrategia para 2 a 4 jugadores, perfecto para aquellos que buscan nuevos retos y horas de diversi\u00f3n. Dise\u00f1ado por Stefan Feld, ha estado durante a\u00f1os entre los diez juegos m\u00e1s valorados de la BGG.<\/p>\n<p><strong>Contenido: <\/strong>Esta edici\u00f3n incluye 4 expansiones (9 tableros individuales), que aportan variedad a las partidas y a\u00f1aden nuevos feudos para los jugadores.<\/p>\n<\/div>\n<\/div>\n<\/div>\n<div class=\"product_components double-top add-border\">\n<div>\n<p><strong>Cantidad de jugadores<\/strong>: 2 a 4 jugadores<\/p>\n<p><strong>Duraci\u00f3n<\/strong>: 30-90 minutos<\/p>\n<p><strong>Edad<\/strong>: +12 a\u00f1os<\/p>\n<p><strong>Idioma<\/strong>: Espa\u00f1ol<\/p>\n<\/div>\n<div><\/div>\n<\/div>\n","protected":false},"excerpt":{"rendered":"<p>Boardgame.<\/p>\n","protected":false},"featured_media":51589,"template":"","meta":{"_acf_changed":false},"product_brand":[],"product_cat":[1561,1653,1556,1180],"product_tag":[1264,1280],"class_list":{"0":"post-51587","1":"product","2":"type-product","3":"status-publish","4":"has-post-thumbnail","6":"product_cat-familiar-es","7":"product_cat-boardgames","8":"product_cat-board-games-es","9":"product_cat-retail-products-es","10":"product_tag-boardgame-es","11":"product_tag-juego-de-mesa-es","13":"first","14":"onbackorder","15":"sale","16":"taxable","17":"shipping-taxable","18":"purchasable","19":"product-type-simple"},"exclude_global_add_ons":[],"addons":[],"acf":[],"_links":{"self":[{"href":"https:\/\/www.customeeple.com\/es\/wp-json\/wp\/v2\/product\/51587","targetHints":{"allow":["GET"]}}],"collection":[{"href":"https:\/\/www.customeeple.com\/es\/wp-json\/wp\/v2\/product"}],"about":[{"href":"https:\/\/www.customeeple.com\/es\/wp-json\/wp\/v2\/types\/product"}],"wp:featuredmedia":[{"embeddable":true,"href":"https:\/\/www.customeeple.com\/es\/wp-json\/wp\/v2\/media\/51589"}],"wp:attachment":[{"href":"https:\/\/www.customeeple.com\/es\/wp-json\/wp\/v2\/media?parent=51587"}],"wp:term":[{"taxonomy":"product_brand","embeddable":true,"href":"https:\/\/www.customeeple.com\/es\/wp-json\/wp\/v2\/product_brand?post=51587"},{"taxonomy":"product_cat","embeddable":true,"href":"https:\/\/www.customeeple.com\/es\/wp-json\/wp\/v2\/product_cat?post=51587"},{"taxonomy":"product_tag","embeddable":true,"href":"https:\/\/www.customeeple.com\/es\/wp-json\/wp\/v2\/product_tag?post=51587"}],"curies":[{"name":"wp","href":"https:\/\/api.w.org\/{rel}","templated":true}]}}