{"id":51583,"date":"2020-03-14T14:22:06","date_gmt":"2020-03-14T13:22:06","guid":{"rendered":"https:\/\/www.customeeple.com\/?post_type=product&#038;p=51583"},"modified":"2020-03-14T14:49:54","modified_gmt":"2020-03-14T13:49:54","slug":"azul-pabellon-de-verano-esp","status":"publish","type":"product","link":"https:\/\/www.customeeple.com\/es\/producto\/azul-pabellon-de-verano-esp\/","title":{"rendered":"Azul Pabell\u00f3n de Verano (ESP)"},"content":{"rendered":"<div class=\"p_collection\">\n<div id=\"primary_block\" class=\"clearfix\">\n<div class=\"add-top p_collection\">\n<p>El rey Manuel I ha encargado a \u00a0los maestros artesanos de Portugal la construcci\u00f3n y restauraci\u00f3n de \u00a0muchos edificios de gran belleza. Lamentablemente, el rey Manuel muri\u00f3 antes de que se iniciara su declaraci\u00f3n de amor a la familia real, el \u00a0Pabell\u00f3n de Verano.<br \/>\nEn Azul Pabell\u00f3n de Verano, los jugadores tienen la tarea de construir los pisos de la obra maestra sin construir del Rey. Usando la \u00a0misma mec\u00e1nica de selecci\u00f3n de la serie Azul, los jugadores deben \u00a0seleccionar cuidadosamente los materiales m\u00e1s bellos y evitar el \u00a0despilfarro de suministros. S\u00f3lo los mejores artesanos estar\u00e1n a la altura del desaf\u00edo.<\/p>\n<\/div>\n<\/div>\n<\/div>\n<div class=\"product_components double-top add-border\">\n<div>\n<p><strong>Cantidad de jugadores<\/strong>: 2 a 4 jugadores<\/p>\n<p><strong>Edad<\/strong>: +8 a\u00f1os<\/p>\n<p><strong>Idioma<\/strong>: Espa\u00f1ol<\/p>\n<\/div>\n<div><\/div>\n<\/div>\n","protected":false},"excerpt":{"rendered":"<p>Boardgame.<\/p>\n","protected":false},"featured_media":51585,"template":"","meta":{"_acf_changed":false},"product_brand":[],"product_cat":[1561,1653,1556,1180],"product_tag":[1264,1280],"class_list":{"0":"post-51583","1":"product","2":"type-product","3":"status-publish","4":"has-post-thumbnail","6":"product_cat-familiar-es","7":"product_cat-boardgames","8":"product_cat-board-games-es","9":"product_cat-retail-products-es","10":"product_tag-boardgame-es","11":"product_tag-juego-de-mesa-es","13":"first","14":"onbackorder","15":"sale","16":"taxable","17":"shipping-taxable","18":"purchasable","19":"product-type-simple"},"exclude_global_add_ons":[],"addons":[],"acf":[],"_links":{"self":[{"href":"https:\/\/www.customeeple.com\/es\/wp-json\/wp\/v2\/product\/51583","targetHints":{"allow":["GET"]}}],"collection":[{"href":"https:\/\/www.customeeple.com\/es\/wp-json\/wp\/v2\/product"}],"about":[{"href":"https:\/\/www.customeeple.com\/es\/wp-json\/wp\/v2\/types\/product"}],"wp:featuredmedia":[{"embeddable":true,"href":"https:\/\/www.customeeple.com\/es\/wp-json\/wp\/v2\/media\/51585"}],"wp:attachment":[{"href":"https:\/\/www.customeeple.com\/es\/wp-json\/wp\/v2\/media?parent=51583"}],"wp:term":[{"taxonomy":"product_brand","embeddable":true,"href":"https:\/\/www.customeeple.com\/es\/wp-json\/wp\/v2\/product_brand?post=51583"},{"taxonomy":"product_cat","embeddable":true,"href":"https:\/\/www.customeeple.com\/es\/wp-json\/wp\/v2\/product_cat?post=51583"},{"taxonomy":"product_tag","embeddable":true,"href":"https:\/\/www.customeeple.com\/es\/wp-json\/wp\/v2\/product_tag?post=51583"}],"curies":[{"name":"wp","href":"https:\/\/api.w.org\/{rel}","templated":true}]}}