{"id":51557,"date":"2020-03-14T11:13:11","date_gmt":"2020-03-10T10:13:11","guid":{"rendered":"https:\/\/www.customeeple.com\/?post_type=product&#038;p=51557"},"modified":"2020-11-07T20:01:23","modified_gmt":"2020-11-07T19:01:23","slug":"adepta-sororitas-imagifier","status":"publish","type":"product","link":"https:\/\/www.customeeple.com\/es\/producto\/adepta-sororitas-imagifier\/","title":{"rendered":"Adepta Sororitas Imagifier"},"content":{"rendered":"<p>El papel de Imagifier es sagrado entre las \u00d3rdenes Militantes. En estas fervorosas Hermanas recae la tarea de ensalzar las virtudes de las Sororitas ca\u00eddas, y de predicar sus obras en medio del estruendo de la batalla para que el esp\u00edritu de la m\u00e1rtir insufle su fuerza a las guerreras de la Orden. Una Imagifier lleva un soporte con una imagen de una venerada m\u00e1rtir. Sostenida en lo alto, esta imagen sirve como un lugar de fe para las Sisters of Battle y un faro de pureza marcial, inspirando a las Hermanas cercanas a nuevas cotas de violencia y estoicismo al servicio del Emperador.<\/p>\n<p>Con el kit puedes montar a una Imagifier con un soporte, sobre el cu\u00e1l est\u00e1 montada la imagen de una santa ca\u00edda empu\u00f1ando un c\u00e1liz y una espada. La Imagifier se puede montar con dos opciones de cabeza: una sin casco, con una capucha baja sobre los ojos de la Imagifier, mientras que la otra tiene casco.<\/p>\n<p>Este set se suministra en 11 piezas de pl\u00e1stico e incluye una peana redonda Citadel de 32 mm.<\/p>\n<p>The kit builds a single Imagifier bearing a stanchion, atop which is mounted the image of a fallen saint wielding a chalice and sword. The Imagifier can be assembled with a choice of two head options \u2013one is unhelmeted, with a low hanging hood over the Imagifier\u2019s eyes, while the other is helmeted.<\/p>\n<p>This set is supplied in 11 plastic components and contains a Citadel 32mm Round Base.<\/p>\n","protected":false},"excerpt":{"rendered":"<p>Games Workshop Miniature.<\/p>\n","protected":false},"featured_media":51834,"template":"","meta":{"_acf_changed":false},"product_brand":[],"product_cat":[1177,1180,1372,1623,1229],"product_tag":[1179],"class_list":{"0":"post-51557","1":"product","2":"type-product","3":"status-publish","4":"has-post-thumbnail","6":"product_cat-games-workshop-es","7":"product_cat-retail-products-es","8":"product_cat-sci-fi-es","9":"product_cat-wargames-es-2","10":"product_cat-warhammer-40k-es","11":"product_tag-gamesworkshop-es","13":"first","14":"onbackorder","15":"sale","16":"taxable","17":"shipping-taxable","18":"purchasable","19":"product-type-simple"},"exclude_global_add_ons":[],"addons":[],"acf":[],"_links":{"self":[{"href":"https:\/\/www.customeeple.com\/es\/wp-json\/wp\/v2\/product\/51557","targetHints":{"allow":["GET"]}}],"collection":[{"href":"https:\/\/www.customeeple.com\/es\/wp-json\/wp\/v2\/product"}],"about":[{"href":"https:\/\/www.customeeple.com\/es\/wp-json\/wp\/v2\/types\/product"}],"wp:featuredmedia":[{"embeddable":true,"href":"https:\/\/www.customeeple.com\/es\/wp-json\/wp\/v2\/media\/51834"}],"wp:attachment":[{"href":"https:\/\/www.customeeple.com\/es\/wp-json\/wp\/v2\/media?parent=51557"}],"wp:term":[{"taxonomy":"product_brand","embeddable":true,"href":"https:\/\/www.customeeple.com\/es\/wp-json\/wp\/v2\/product_brand?post=51557"},{"taxonomy":"product_cat","embeddable":true,"href":"https:\/\/www.customeeple.com\/es\/wp-json\/wp\/v2\/product_cat?post=51557"},{"taxonomy":"product_tag","embeddable":true,"href":"https:\/\/www.customeeple.com\/es\/wp-json\/wp\/v2\/product_tag?post=51557"}],"curies":[{"name":"wp","href":"https:\/\/api.w.org\/{rel}","templated":true}]}}