{"id":51551,"date":"2020-03-14T11:05:30","date_gmt":"2020-03-14T10:05:30","guid":{"rendered":"https:\/\/www.customeeple.com\/?post_type=product&#038;p=51551"},"modified":"2022-03-19T00:00:36","modified_gmt":"2022-03-18T23:00:36","slug":"adepta-sororitas-seraphim-squad","status":"publish","type":"product","link":"https:\/\/www.customeeple.com\/es\/producto\/adepta-sororitas-seraphim-squad\/","title":{"rendered":"Adepta Sororitas Seraphim Squad"},"content":{"rendered":"<p>Las guerreras angelicales conocidas como Seraphim luchan adelantadas al ej\u00e9rcito del Adepta Sororitas. Equipadas con propulsores de salto modelo San Leor, descienden desde lo alto y se lanzan a las l\u00edneas enemigas, utilizando la potencia del ataque y el asombro para destruir las formaciones enemigas antes de que sus hermanas hermanas abran fuego. Cada Seraphim empu\u00f1a un par de pistolas, elegidas de entre la trinidad santa de las armas. Las pistolas b\u00f3lter se usan para disparar andanadas letales mientras las Seraphim atraviesan el cielo, los lanzallamas escupen torrentes ardientes para inmovilizar filas de enemigos, mientras que las pistolas infierno disparan rayos de calor enfocados que se derriten a trav\u00e9s de la armadura y la carne con despreciativa facilidad.<\/p>\n<p>Con el kit puedes montar cinco Seraphim. Las Seraphim llevan cada una dos pistolas b\u00f3lter, aunque dos de ellas pueden equiparse con pistolas lanzallamas, mientras que dos m\u00e1s pueden llevar pistolas infierno. Una minitura puede montarse como Seraphim Superior, armada con una pistola b\u00f3lter o una pistola de plasma en una mano y una pistola b\u00f3lter, espada sierra o espada de energ\u00eda en la otra.<\/p>\n<p>Este set se suministra en 107 piezas de pl\u00e1stico y contiene 5 peanas redondas Citadel de 32 mm y 2 juegos de m\u00e1stiles con ranura Citadel de 45 mm. Tambi\u00e9n se incluye una hoja de calcoman\u00edas del Adepta Sororitas.<\/p>\n<p>The kit builds five Seraphim. The Seraphim each carry two bolt pistols, though two of their number can instead be equipped with hand flamers while two more can bear inferno pistols. One model can be assembled as a Seraphim Superior, armed with a bolt pistol or plasma pistol in one hand and a choice of bolt pistol, chainsword or power sword in the other.<\/p>\n<p>This set is supplied in 107 plastic components and contains 5x Citadel 32mm Round Bases and 2x Citadel 45mm Groove Stem Sets. An Adepta Sororitas Transfer Sheet is also included.<\/p>\n","protected":false},"excerpt":{"rendered":"<p>Games Workshop miniatures.<\/p>\n","protected":false},"featured_media":51828,"template":"","meta":{"_acf_changed":false},"product_brand":[],"product_cat":[1177,1180,1372,1623,1229],"product_tag":[1179],"class_list":{"0":"post-51551","1":"product","2":"type-product","3":"status-publish","4":"has-post-thumbnail","6":"product_cat-games-workshop-es","7":"product_cat-retail-products-es","8":"product_cat-sci-fi-es","9":"product_cat-wargames-es-2","10":"product_cat-warhammer-40k-es","11":"product_tag-gamesworkshop-es","13":"first","14":"outofstock","15":"sale","16":"taxable","17":"shipping-taxable","18":"purchasable","19":"product-type-simple"},"exclude_global_add_ons":[],"addons":[],"acf":[],"_links":{"self":[{"href":"https:\/\/www.customeeple.com\/es\/wp-json\/wp\/v2\/product\/51551","targetHints":{"allow":["GET"]}}],"collection":[{"href":"https:\/\/www.customeeple.com\/es\/wp-json\/wp\/v2\/product"}],"about":[{"href":"https:\/\/www.customeeple.com\/es\/wp-json\/wp\/v2\/types\/product"}],"wp:featuredmedia":[{"embeddable":true,"href":"https:\/\/www.customeeple.com\/es\/wp-json\/wp\/v2\/media\/51828"}],"wp:attachment":[{"href":"https:\/\/www.customeeple.com\/es\/wp-json\/wp\/v2\/media?parent=51551"}],"wp:term":[{"taxonomy":"product_brand","embeddable":true,"href":"https:\/\/www.customeeple.com\/es\/wp-json\/wp\/v2\/product_brand?post=51551"},{"taxonomy":"product_cat","embeddable":true,"href":"https:\/\/www.customeeple.com\/es\/wp-json\/wp\/v2\/product_cat?post=51551"},{"taxonomy":"product_tag","embeddable":true,"href":"https:\/\/www.customeeple.com\/es\/wp-json\/wp\/v2\/product_tag?post=51551"}],"curies":[{"name":"wp","href":"https:\/\/api.w.org\/{rel}","templated":true}]}}