{"id":51257,"date":"2020-02-21T11:18:39","date_gmt":"2020-02-21T10:18:39","guid":{"rendered":"https:\/\/www.customeeple.com\/?post_type=product&#038;p=51257"},"modified":"2025-02-04T23:09:58","modified_gmt":"2025-02-04T22:09:58","slug":"aristeia-doublet","status":"publish","type":"product","link":"https:\/\/www.customeeple.com\/es\/producto\/aristeia-doublet\/","title":{"rendered":"Aristeia! Double Trouble"},"content":{"rendered":"<p>Esta expansi\u00f3n incorpora una nueva mec\u00e1nica a Aristeia!: perfiles dobles. Ambos Personajes disponen de dos perfiles de juego diferentes, uno en cada cara de su carta de Personaje.<\/p>\n<p><a href=\"https:\/\/aristeiathegame.com\/characters\/moonchild\">Moonchild<\/a>\u00a0es una Dogface ariadna, con la capacidad de transmutarse a una Dog-Warrior cuando recibe Da\u00f1o. Fue rastreadora y gu\u00eda en el Dead Man Journey que une MOB Liberty con Fort Apache 5 antes de ser reclutada por la compa\u00f1\u00eda Keller Resources. Utilizando la jerga propia de los moba, estamos ante un Personaje de late game.<\/p>\n<p><a href=\"https:\/\/aristeiathegame.com\/characters\/lei_gong\">Lei Gong<\/a>\u00a0es el nombre de una divinidad en la mitolog\u00eda china cuyo nombre significa \u201cSe\u00f1or del Trueno\u201d. S\u00edmbolo e icono del programa tecnol\u00f3gico-militar Soldado Invencible del EstadoImperio, este campe\u00f3n es la respuesta de Yu Jing a la maquinaria publicitaria panoce\u00e1nica que encarna Maximus. Es r\u00e1pido y esquivo en un perfil; en el otro es contundente y mortal.<\/p>\n<p>Esta expansi\u00f3n de Aristeia!, adem\u00e1s de incluir las dos miniaturas en pl\u00e1stico premontadas con la m\u00e1xima calidad, sello de Corvus Belli, incorpora las 2 cartas de personaje, las 2 cartas de iniciativa, 8 cartas t\u00e1cticas, 2 cartas de reglas y los marcadores necesarios para jugar esta expansi\u00f3n. Un total de 50 cartas en cada caja, ya que se incorpora una copia en cada uno de los idiomas del juego: espa\u00f1ol, ingl\u00e9s, alem\u00e1n y franc\u00e9s.<\/p>\n<p><strong>Double Trouble<\/strong>\u00a0no es un juego independiente. Requiere\u00a0<a href=\"https:\/\/store.corvusbelli.com\/boardgames\/aristeia\/core\/aristeia-core\">Aristeia!<\/a> para jugar.<\/p>\n","protected":false},"excerpt":{"rendered":"<p>Expansi\u00f3n para Aristeia!<\/p>\n","protected":false},"featured_media":51260,"template":"","meta":{"_acf_changed":false},"product_brand":[],"product_cat":[1323,1653,1555,1556,1180,1372],"product_tag":[1324,1264,1280],"class_list":{"0":"post-51257","1":"product","2":"type-product","3":"status-publish","4":"has-post-thumbnail","6":"product_cat-aristeia-es","7":"product_cat-boardgames","8":"product_cat-miniature-games-es","9":"product_cat-board-games-es","10":"product_cat-retail-products-es","11":"product_cat-sci-fi-es","12":"product_tag-aristeia-es","13":"product_tag-boardgame-es","14":"product_tag-juego-de-mesa-es","16":"first","17":"onbackorder","18":"sale","19":"taxable","20":"shipping-taxable","21":"purchasable","22":"product-type-simple"},"exclude_global_add_ons":[],"addons":[],"acf":[],"_links":{"self":[{"href":"https:\/\/www.customeeple.com\/es\/wp-json\/wp\/v2\/product\/51257","targetHints":{"allow":["GET"]}}],"collection":[{"href":"https:\/\/www.customeeple.com\/es\/wp-json\/wp\/v2\/product"}],"about":[{"href":"https:\/\/www.customeeple.com\/es\/wp-json\/wp\/v2\/types\/product"}],"wp:featuredmedia":[{"embeddable":true,"href":"https:\/\/www.customeeple.com\/es\/wp-json\/wp\/v2\/media\/51260"}],"wp:attachment":[{"href":"https:\/\/www.customeeple.com\/es\/wp-json\/wp\/v2\/media?parent=51257"}],"wp:term":[{"taxonomy":"product_brand","embeddable":true,"href":"https:\/\/www.customeeple.com\/es\/wp-json\/wp\/v2\/product_brand?post=51257"},{"taxonomy":"product_cat","embeddable":true,"href":"https:\/\/www.customeeple.com\/es\/wp-json\/wp\/v2\/product_cat?post=51257"},{"taxonomy":"product_tag","embeddable":true,"href":"https:\/\/www.customeeple.com\/es\/wp-json\/wp\/v2\/product_tag?post=51257"}],"curies":[{"name":"wp","href":"https:\/\/api.w.org\/{rel}","templated":true}]}}