{"id":51075,"date":"2020-08-08T16:12:32","date_gmt":"2020-08-08T15:12:32","guid":{"rendered":"https:\/\/www.customeeple.com\/?post_type=product&#038;p=51075"},"modified":"2020-08-10T15:50:36","modified_gmt":"2020-08-10T14:50:36","slug":"overlay-compatible-wingspan","status":"publish","type":"product","link":"https:\/\/www.customeeple.com\/es\/producto\/overlay-compatible-wingspan\/","title":{"rendered":"Overlay Compatible con Wingspan"},"content":{"rendered":"<p>Un conjunto de superposiciones transparentes de metacrilato para mantener la puntuaci\u00f3n del juego ordenada y segura, haciendo que las partidas sean m\u00e1s f\u00e1ciles de jugar. \u00a1Mantenga sus marcadores a salvo de terremotos ocasionales en la mesa!<\/p>\n<p>Nuestra superposici\u00f3n para <b><a href=\"https:\/\/boardgamegeek.com\/boardgame\/266192\/wingspan\">Wingspan<\/a><\/b> es perfecta para usar con el tablero de puntuaci\u00f3n , te permite mantener la puntuaci\u00f3n en su lugar durante el juego. Sube tus partidas al siguiente nivel.<\/p>\n<p>Tiene 2 lados uno para cada uno de los diferentes modos de puntuaci\u00f3n, ambas piezas\u00a0 encajan perfectamente entre s\u00ed dejando el cart\u00f3n del juego en el medio.<\/p>\n<p>Puedes insertar el tablero de puntuaci\u00f3n entre las 2 l\u00e1minas acr\u00edlicas y con esto evitas que se mueva durante la partida. Atenci\u00f3n no debes pegar el tablero de puntuaci\u00f3n al acr\u00edlico.<\/p>\n<div class=\"moreinfo\">\n<p><strong>Material: <\/strong>metacrilato<\/p>\n<p dir=\"ltr\"><strong>Espesor:<\/strong> 2x 2 mm<\/p>\n<p dir=\"ltr\"><strong>Cantidad:<\/strong> 1<\/p>\n<p><strong>Uso:<\/strong> Bandeja organizadora<\/p>\n<p><b><a href=\"https:\/\/boardgamegeek.com\/boardgame\/266192\/wingspan\">Wingspan<\/a><\/b> es un juego de <a class=\"ng-binding\" title=\"Elizabeth Hargrave\" href=\"https:\/\/boardgamegeek.com\/boardgamedesigner\/111338\/elizabeth-hargrave\">Elizabeth Hargrave<\/a><strong><span class=\"ng-scope\">\u00a0<\/span><\/strong> publicado por <strong> <a class=\"ng-binding\" title=\"Stonemaier Games\" href=\"https:\/\/boardgamegeek.com\/boardgamepublisher\/23202\/stonemaier-games\">Stonemaier Games<\/a><\/strong><strong>.<\/strong>\u00a0<strong>Customeeple<\/strong>\u00a0no mantiene ninguna relaci\u00f3n con esta compa\u00f1\u00eda y este producto no esta apoyado por ellos de ninguna forma.<\/p>\n<\/div>\n","protected":false},"excerpt":{"rendered":"<p>Bandeja organizadora<\/p>\n","protected":false},"featured_media":53468,"template":"","meta":{"_acf_changed":false},"product_brand":[],"product_cat":[1370,1397],"product_tag":[1442],"class_list":{"0":"post-51075","1":"product","2":"type-product","3":"status-publish","4":"has-post-thumbnail","6":"product_cat-customeeple-es","7":"product_cat-overlay-es","8":"product_tag-overlay-es","10":"first","11":"instock","12":"taxable","13":"shipping-taxable","14":"purchasable","15":"product-type-simple"},"exclude_global_add_ons":[],"addons":[],"acf":[],"_links":{"self":[{"href":"https:\/\/www.customeeple.com\/es\/wp-json\/wp\/v2\/product\/51075","targetHints":{"allow":["GET"]}}],"collection":[{"href":"https:\/\/www.customeeple.com\/es\/wp-json\/wp\/v2\/product"}],"about":[{"href":"https:\/\/www.customeeple.com\/es\/wp-json\/wp\/v2\/types\/product"}],"wp:featuredmedia":[{"embeddable":true,"href":"https:\/\/www.customeeple.com\/es\/wp-json\/wp\/v2\/media\/53468"}],"wp:attachment":[{"href":"https:\/\/www.customeeple.com\/es\/wp-json\/wp\/v2\/media?parent=51075"}],"wp:term":[{"taxonomy":"product_brand","embeddable":true,"href":"https:\/\/www.customeeple.com\/es\/wp-json\/wp\/v2\/product_brand?post=51075"},{"taxonomy":"product_cat","embeddable":true,"href":"https:\/\/www.customeeple.com\/es\/wp-json\/wp\/v2\/product_cat?post=51075"},{"taxonomy":"product_tag","embeddable":true,"href":"https:\/\/www.customeeple.com\/es\/wp-json\/wp\/v2\/product_tag?post=51075"}],"curies":[{"name":"wp","href":"https:\/\/api.w.org\/{rel}","templated":true}]}}