{"id":51041,"date":"2020-02-10T15:10:23","date_gmt":"2020-02-10T14:10:23","guid":{"rendered":"https:\/\/www.customeeple.com\/?post_type=product&#038;p=51041"},"modified":"2020-02-11T11:19:35","modified_gmt":"2020-02-11T10:19:35","slug":"barrage-compatible-executive-overlay","status":"publish","type":"product","link":"https:\/\/www.customeeple.com\/es\/producto\/barrage-compatible-executive-overlay\/","title":{"rendered":"Barrage Compatible Executive Overlay"},"content":{"rendered":"<p>Nuetras bandeja organizadora compatible con <b><a href=\"https:\/\/boardgamegeek.com\/boardgame\/251247\/barrage\">Barrage<\/a><\/b> es perfecta para usar en el tablero de ejecutivo en el juego de mesa <b><a href=\"https:\/\/boardgamegeek.com\/boardgame\/251247\/barrage\">Barrage<\/a><\/b>, te permite mantener todos los recursos en su lugar y es f\u00e1cil de usar.<\/p>\n<div class=\"moreinfo\">\n<p><strong>Material: <\/strong>DM<\/p>\n<p dir=\"ltr\"><strong>Espesor:<\/strong> 2,5 mm<\/p>\n<p dir=\"ltr\"><strong>Cantidad:<\/strong> 1 o 4 bandejas<\/p>\n<p><strong>Uso:<\/strong> Bandeja organizadora<\/p>\n<p>&nbsp;<\/p>\n<\/div>\n<p><strong><a href=\"https:\/\/boardgamegeek.com\/boardgame\/224517\/brass-birmingham\"><b>\u00a0<\/b><\/a><b><a href=\"https:\/\/boardgamegeek.com\/boardgame\/251247\/barrage\">Barrage<\/a><\/b> <\/strong>es un juego de\u00a0<span class=\"ng-scope\"><strong><a class=\"ng-binding\" title=\"Tommaso Battista\" href=\"https:\/\/boardgamegeek.com\/boardgamedesigner\/108836\/tommaso-battista\">Tommaso Battista<\/a><\/strong> y\u00a0\u00a0<\/span><strong><span class=\"ng-scope\"><a class=\"ng-binding\" title=\"Simone Luciani\" href=\"https:\/\/boardgamegeek.com\/boardgamedesigner\/35418\/simone-luciani\">Simone Luciani<\/a>\u00a0<\/span><\/strong> publicado por <strong>\u00a0<a class=\"ng-binding\" title=\"Cranio Creations\" href=\"https:\/\/boardgamegeek.com\/boardgamepublisher\/10768\/cranio-creations\">Cranio Creations<\/a><\/strong>\u00a0<strong>.<\/strong>\u00a0<strong>Customeeple<\/strong>\u00a0no mantiene ninguna relaci\u00f3n con esta compa\u00f1\u00eda y este producto no esta apoyado por ellos de ninguna forma.<\/p>\n","protected":false},"excerpt":{"rendered":"<p>Bandeja organizadora<\/p>\n","protected":false},"featured_media":51049,"template":"","meta":{"_acf_changed":false},"product_brand":[],"product_cat":[1370,1397],"product_tag":[1442],"class_list":{"0":"post-51041","1":"product","2":"type-product","3":"status-publish","4":"has-post-thumbnail","6":"product_cat-customeeple-es","7":"product_cat-overlay-es","8":"product_tag-overlay-es","10":"first","11":"instock","12":"taxable","13":"shipping-taxable","14":"purchasable","15":"product-type-variable"},"exclude_global_add_ons":[],"addons":[],"acf":[],"_links":{"self":[{"href":"https:\/\/www.customeeple.com\/es\/wp-json\/wp\/v2\/product\/51041","targetHints":{"allow":["GET"]}}],"collection":[{"href":"https:\/\/www.customeeple.com\/es\/wp-json\/wp\/v2\/product"}],"about":[{"href":"https:\/\/www.customeeple.com\/es\/wp-json\/wp\/v2\/types\/product"}],"wp:featuredmedia":[{"embeddable":true,"href":"https:\/\/www.customeeple.com\/es\/wp-json\/wp\/v2\/media\/51049"}],"wp:attachment":[{"href":"https:\/\/www.customeeple.com\/es\/wp-json\/wp\/v2\/media?parent=51041"}],"wp:term":[{"taxonomy":"product_brand","embeddable":true,"href":"https:\/\/www.customeeple.com\/es\/wp-json\/wp\/v2\/product_brand?post=51041"},{"taxonomy":"product_cat","embeddable":true,"href":"https:\/\/www.customeeple.com\/es\/wp-json\/wp\/v2\/product_cat?post=51041"},{"taxonomy":"product_tag","embeddable":true,"href":"https:\/\/www.customeeple.com\/es\/wp-json\/wp\/v2\/product_tag?post=51041"}],"curies":[{"name":"wp","href":"https:\/\/api.w.org\/{rel}","templated":true}]}}