{"id":50949,"date":"2020-02-07T11:49:09","date_gmt":"2020-02-07T10:49:10","guid":{"rendered":"https:\/\/www.customeeple.com\/?post_type=product&#038;p=50949"},"modified":"2020-02-11T11:16:46","modified_gmt":"2020-02-11T10:16:46","slug":"barrage-compatible-insert-305-x-213","status":"publish","type":"product","link":"https:\/\/www.customeeple.com\/es\/producto\/barrage-compatible-insert-305-x-213\/","title":{"rendered":"Inserto compatible Barrage  (30,5 x 21,3)"},"content":{"rendered":"<p>Nuestros insertos son perfecto para almacenar todos los componentes del juego \u00a0<a href=\"https:\/\/boardgamegeek.com\/boardgame\/251247\/barrage\"><b>Barrage<\/b><\/a>, incluida la expansi\u00f3n <strong><a class=\"ng-binding\" href=\"https:\/\/boardgamegeek.com\/boardgameexpansion\/263711\/barrage-leeghwater-project\">Barrage: el proyecto Leeghwater Project <\/a><\/strong>\u00a0Incluye cajas y separadores para las diferentes piezas del juego (incluidos los componentes de cada jugador) y acelerar\u00e1 la configuraci\u00f3n de el juego adem\u00e1s de facilitar su recolecci\u00f3n.<\/p>\n<p><strong>Nota<\/strong>: Calcula que tu caja encaja perfectamente con nuestro inserto, esta pensado para cajas con un interior de <strong>(30,5 x 21,3 x 11,7) <\/strong>Este formato es compatible con muchas cajas en el mercado como por ejemplo <b><a href=\"https:\/\/boardgamegeek.com\/boardgame\/251247\/barrage\">Barrage<\/a>.<\/b>\u00a0Podemos fabricar f\u00e1cilmente insertos en otros tama\u00f1os, solo<strong>\u00a0<\/strong><strong><a href=\"..\/contact-us\/\">contacta con nosotros<\/a>.<\/strong><\/p>\n<div class=\"moreinfo\">\n<p><strong>Material: <\/strong>DM<\/p>\n<p dir=\"ltr\"><strong>Espesor:<\/strong> 2,5 mm<\/p>\n<p dir=\"ltr\"><strong>Tama\u00f1o:<\/strong> (30,5 x 21,3 x 11,7)<\/p>\n<p dir=\"ltr\"><strong>Cantidad:<\/strong> 1 inserto<\/p>\n<p><strong>Nota:\u00a0<\/strong>Miniaturas y accesorios no incluidos. Este producto se vende sin montar. Necesita pegamento para montar la piezas<\/p>\n<\/div>\n<p><strong><a href=\"https:\/\/boardgamegeek.com\/boardgame\/224517\/brass-birmingham\"><b>\u00a0<\/b><\/a><b><a href=\"https:\/\/boardgamegeek.com\/boardgame\/251247\/barrage\">Barrage<\/a><\/b> <\/strong>es un juego de\u00a0<span class=\"ng-scope\"><strong><a class=\"ng-binding\" title=\"Tommaso Battista\" href=\"https:\/\/boardgamegeek.com\/boardgamedesigner\/108836\/tommaso-battista\">Tommaso Battista<\/a><\/strong> y\u00a0\u00a0<\/span><span class=\"ng-scope\"><strong><a class=\"ng-binding\" title=\"Simone Luciani\" href=\"https:\/\/boardgamegeek.com\/boardgamedesigner\/35418\/simone-luciani\">Simone Luciani<\/a><\/strong>\u00a0<\/span> publicado por \u00a0<a class=\"ng-binding\" title=\"Cranio Creations\" href=\"https:\/\/boardgamegeek.com\/boardgamepublisher\/10768\/cranio-creations\"><strong>Cranio Creations<\/strong><\/a>\u00a0<strong>.<\/strong>\u00a0<strong>Customeeple<\/strong>\u00a0no mantiene ninguna relaci\u00f3n con esta compa\u00f1\u00eda y este producto no esta apoyado por ellos de ninguna forma.<\/p>\n","protected":false},"excerpt":{"rendered":"<p>Un robusto inserto para tus juegos.<\/p>\n","protected":false},"featured_media":51026,"template":"","meta":{"_acf_changed":false},"product_brand":[],"product_cat":[1370,1395],"product_tag":[332],"class_list":{"0":"post-50949","1":"product","2":"type-product","3":"status-publish","4":"has-post-thumbnail","6":"product_cat-customeeple-es","7":"product_cat-insertos","8":"product_tag-insert-es","10":"first","11":"instock","12":"taxable","13":"shipping-taxable","14":"purchasable","15":"product-type-simple"},"exclude_global_add_ons":[],"addons":[],"acf":[],"_links":{"self":[{"href":"https:\/\/www.customeeple.com\/es\/wp-json\/wp\/v2\/product\/50949","targetHints":{"allow":["GET"]}}],"collection":[{"href":"https:\/\/www.customeeple.com\/es\/wp-json\/wp\/v2\/product"}],"about":[{"href":"https:\/\/www.customeeple.com\/es\/wp-json\/wp\/v2\/types\/product"}],"wp:featuredmedia":[{"embeddable":true,"href":"https:\/\/www.customeeple.com\/es\/wp-json\/wp\/v2\/media\/51026"}],"wp:attachment":[{"href":"https:\/\/www.customeeple.com\/es\/wp-json\/wp\/v2\/media?parent=50949"}],"wp:term":[{"taxonomy":"product_brand","embeddable":true,"href":"https:\/\/www.customeeple.com\/es\/wp-json\/wp\/v2\/product_brand?post=50949"},{"taxonomy":"product_cat","embeddable":true,"href":"https:\/\/www.customeeple.com\/es\/wp-json\/wp\/v2\/product_cat?post=50949"},{"taxonomy":"product_tag","embeddable":true,"href":"https:\/\/www.customeeple.com\/es\/wp-json\/wp\/v2\/product_tag?post=50949"}],"curies":[{"name":"wp","href":"https:\/\/api.w.org\/{rel}","templated":true}]}}