{"id":50933,"date":"2020-02-08T11:00:25","date_gmt":"2020-02-05T09:34:26","guid":{"rendered":"https:\/\/www.customeeple.com\/?post_type=product&#038;p=50933"},"modified":"2020-02-15T09:43:14","modified_gmt":"2020-02-15T08:43:14","slug":"tau-empire-commander-shadowsun","status":"publish","type":"product","link":"https:\/\/www.customeeple.com\/es\/producto\/tau-empire-commander-shadowsun\/","title":{"rendered":"T\u2019au Empire, Commander Shadowsun"},"content":{"rendered":"<p>O&#8217;Shaserra, la Comandante Shadowsun, es una gran guerrera y una estratega magistral. Se desplaza por el campo de batalla con su XV22 Battlesuit, utilizando sus avanzados sistemas de punter\u00eda y su sofisticada tecnolog\u00eda de ocultaci\u00f3n para identificar a sus presas y acecharlas sin ser vistas. Con su amplia gama de armas letales es la ruina de casi cualquier enemigo: sus bl\u00e1sters de fusi\u00f3n destrozan la armadura pesada, su c\u00e1psula de misiles destruye veh\u00edculos ligeros y su lanzadardos destroza a cualquiera que se acerque demasiado con una lluvia de disparos afilados.<\/p>\n<p>Como maestra indiscutible del Kauyon, la estrategia militar de la casta de fuego conocida como el Cazador paciente, O\u2019Shaserra es una general consumada y ser\u00e1 la Se\u00f1ora de la Guerra perfecta para tu ej\u00e9rcito del T\u2019au Empire.<\/p>\n<p>El Battlesuit de vanguardia de Shadowsun est\u00e1 equipado con un lanzadardos, dos bl\u00e1sters de fusi\u00f3n de alta energ\u00eda (cualquiera de los cu\u00e1les se puede reemplazar con un bl\u00e1ster de fusi\u00f3n disperso), una c\u00e1psula de misil ligera y una pistola de pulsos. Tambi\u00e9n la acompa\u00f1a un MV37 Advanced Guardian Drone y un MV62 Command-link Drone.<\/p>\n<p>Este kit se suministra en 52 piezas de pl\u00e1stico y contiene 1 peana redonda Citadel de 50 mm, 2 peanas redondas Citadel de 32 mm y 2 soportes largos para voladores.<\/p>\n","protected":false},"excerpt":{"rendered":"<p>Games Workshop miniature.<\/p>\n","protected":false},"featured_media":51005,"template":"","meta":{"_acf_changed":false},"product_brand":[],"product_cat":[1177,1180,1372,1229],"product_tag":[1179,1241],"class_list":{"0":"post-50933","1":"product","2":"type-product","3":"status-publish","4":"has-post-thumbnail","6":"product_cat-games-workshop-es","7":"product_cat-retail-products-es","8":"product_cat-sci-fi-es","9":"product_cat-warhammer-40k-es","10":"product_tag-gamesworkshop-es","11":"product_tag-tau-empire-es","13":"first","14":"outofstock","15":"sale","16":"taxable","17":"shipping-taxable","18":"purchasable","19":"product-type-simple"},"exclude_global_add_ons":[],"addons":[],"acf":[],"_links":{"self":[{"href":"https:\/\/www.customeeple.com\/es\/wp-json\/wp\/v2\/product\/50933","targetHints":{"allow":["GET"]}}],"collection":[{"href":"https:\/\/www.customeeple.com\/es\/wp-json\/wp\/v2\/product"}],"about":[{"href":"https:\/\/www.customeeple.com\/es\/wp-json\/wp\/v2\/types\/product"}],"wp:featuredmedia":[{"embeddable":true,"href":"https:\/\/www.customeeple.com\/es\/wp-json\/wp\/v2\/media\/51005"}],"wp:attachment":[{"href":"https:\/\/www.customeeple.com\/es\/wp-json\/wp\/v2\/media?parent=50933"}],"wp:term":[{"taxonomy":"product_brand","embeddable":true,"href":"https:\/\/www.customeeple.com\/es\/wp-json\/wp\/v2\/product_brand?post=50933"},{"taxonomy":"product_cat","embeddable":true,"href":"https:\/\/www.customeeple.com\/es\/wp-json\/wp\/v2\/product_cat?post=50933"},{"taxonomy":"product_tag","embeddable":true,"href":"https:\/\/www.customeeple.com\/es\/wp-json\/wp\/v2\/product_tag?post=50933"}],"curies":[{"name":"wp","href":"https:\/\/api.w.org\/{rel}","templated":true}]}}