{"id":50671,"date":"2020-01-27T17:44:50","date_gmt":"2020-01-27T16:44:50","guid":{"rendered":"https:\/\/www.customeeple.com\/?post_type=product&#038;p=50671"},"modified":"2020-02-21T10:13:34","modified_gmt":"2020-02-21T09:13:34","slug":"malifaux-caja-de-cartas-stats","status":"publish","type":"product","link":"https:\/\/www.customeeple.com\/es\/producto\/malifaux-caja-de-cartas-stats\/","title":{"rendered":"Malifaux M3 Caja para las cartas de Stats"},"content":{"rendered":"<p>Una caja fabricada en DM para almacenar tus cartas de personaje de <strong><a href=\"http:\/\/www.wyrd-games.net\/\">Malifaux<\/a>\u00a0<\/strong>. Incluye una tapa deslizante de metacrilato grabada con un logo de <strong><a href=\"http:\/\/www.wyrd-games.net\/\">Malifaux<\/a>\u00a0<\/strong><\/p>\n<p>Cada hueco tiene espacio para guardar aproximadamente 25 cartas enfundadas.<\/p>\n<p>Puedes comprar una caja diferente para cada facci\u00f3n. Adem\u00e1s los divisores est\u00e1n etiquetados con las palabras clave necesarias para cada facci\u00f3n<\/p>\n<p>Todas las piezas han sido dise\u00f1adas en colaboraci\u00f3n con\u00a0<strong><a href=\"http:\/\/www.wyrd-games.net\/\">Wyrd games<\/a><\/strong>\u00a0para ser totalmente compatibles con\u00a0<strong><a href=\"http:\/\/www.wyrd-games.net\/malifaux\">Malifaux<\/a>.<\/strong><\/p>\n<div class=\"moreinfo\">\n<p><strong style=\"font-size: 14px; line-height: 1.5em;\">Material:\u00a0<\/strong>DM y tapa de metacrilato<\/p>\n<p dir=\"ltr\"><strong>Espesor:<\/strong>\u00a02,5 \u00a0mm<\/p>\n<p dir=\"ltr\"><strong>Tama\u00f1o: <\/strong> \u00a013,2 x 20 x 8,2 cm\u00a0<strong><br \/>\n<\/strong><\/p>\n<p dir=\"ltr\"><strong>Cantidad: <\/strong>1<\/p>\n<p><strong>Uso:<\/strong> Caja para almacenar cartas de\u00a0<strong><a href=\"http:\/\/www.wyrd-games.net\/\">Malifaux<\/a><\/strong><\/p>\n<\/div>\n<div class=\"infopreorder\"><strong>Note:<\/strong> La caja se vende sin montar, necesitar\u00e1s pegamento para ensamblarla.<\/div>\n","protected":false},"excerpt":{"rendered":"<p>Caja de almacenamiento\u00a0<strong><a href=\"http:\/\/www.wyrd-games.net\/\">Malifaux<\/a><\/strong><\/p>\n","protected":false},"featured_media":50624,"template":"","meta":{"_acf_changed":false},"product_brand":[],"product_cat":[191,1370,1400,1671,1425,1391,2360],"product_tag":[1652],"class_list":{"0":"post-50671","1":"product","2":"type-product","3":"status-publish","4":"has-post-thumbnail","6":"product_cat-accesorios","7":"product_cat-customeeple-es","8":"product_cat-fantasia","9":"product_cat-malifaux-es-3","10":"product_cat-malifaux-es-2","11":"product_cat-deck-holders-es","12":"product_cat-productos-oficiales","13":"product_tag-malifaux-es-2","15":"first","16":"instock","17":"taxable","18":"shipping-taxable","19":"purchasable","20":"product-type-variable"},"exclude_global_add_ons":[],"addons":[],"acf":[],"_links":{"self":[{"href":"https:\/\/www.customeeple.com\/es\/wp-json\/wp\/v2\/product\/50671","targetHints":{"allow":["GET"]}}],"collection":[{"href":"https:\/\/www.customeeple.com\/es\/wp-json\/wp\/v2\/product"}],"about":[{"href":"https:\/\/www.customeeple.com\/es\/wp-json\/wp\/v2\/types\/product"}],"wp:featuredmedia":[{"embeddable":true,"href":"https:\/\/www.customeeple.com\/es\/wp-json\/wp\/v2\/media\/50624"}],"wp:attachment":[{"href":"https:\/\/www.customeeple.com\/es\/wp-json\/wp\/v2\/media?parent=50671"}],"wp:term":[{"taxonomy":"product_brand","embeddable":true,"href":"https:\/\/www.customeeple.com\/es\/wp-json\/wp\/v2\/product_brand?post=50671"},{"taxonomy":"product_cat","embeddable":true,"href":"https:\/\/www.customeeple.com\/es\/wp-json\/wp\/v2\/product_cat?post=50671"},{"taxonomy":"product_tag","embeddable":true,"href":"https:\/\/www.customeeple.com\/es\/wp-json\/wp\/v2\/product_tag?post=50671"}],"curies":[{"name":"wp","href":"https:\/\/api.w.org\/{rel}","templated":true}]}}