{"id":50643,"date":"2020-01-27T17:07:20","date_gmt":"2020-01-27T16:07:21","guid":{"rendered":"https:\/\/www.customeeple.com\/?post_type=product&#038;p=50643"},"modified":"2020-01-27T17:15:46","modified_gmt":"2020-01-27T16:15:46","slug":"aristeia-mendoza","status":"publish","type":"product","link":"https:\/\/www.customeeple.com\/es\/producto\/aristeia-mendoza\/","title":{"rendered":"Aristeia! &#8211; Mendoza &#8216;Sacred Flame of God&#8217;"},"content":{"rendered":"<p>El actor de Mayafilms, conocido en el HexaDome como Padre-Inquisidor Mendoza, caracterizado como uno de los m\u00faltiples personajes que ha encarnado durante su carrera: un \u00e1ngel ca\u00eddo imbuido en las llamas sagradas de su creador. Creamos de esta forma un aspecto totalmente diferente para Mendoza, pero manteniendo el fuego como elemento identificador com\u00fan.<\/p>\n<p>Esta versi\u00f3n de metal de alta calidad de Padre-Inquisidor Mendoza ofrece un dise\u00f1o alternativo, perfecto tanto para jugadores como para coleccionistas.<\/p>\n<p>El Padre Inquisidor Mendoza original se puede encontrar en la expansi\u00f3n\u00a0<strong><a href=\"https:\/\/store.corvusbelli.com\/boardgames\/aristeia\/expansions\/smoke-and-mirrors\">Smoke And Mirrors<\/a>.<\/strong><\/p>\n<p><strong>Recuerda:<\/strong>\u00a0para jugar con Mendoza &#8216;Sacred Flame of God&#8217; necesitar\u00e1s disponer de la expansi\u00f3n donde aparece el perfil original, ya que sus cartas t\u00e1cticas no est\u00e1n incluidas con la skin.<\/p>\n","protected":false},"excerpt":{"rendered":"<p><a href=\"https:\/\/store.corvusbelli.com\/boardgames\/aristeia\/core\/aristeia-core\"><strong>Aristeia!<\/strong><\/a> Skin de miniatura<\/p>\n","protected":false},"featured_media":50645,"template":"","meta":{"_acf_changed":false},"product_brand":[],"product_cat":[1323,1653,1555,1556,1180,1372],"product_tag":[1324],"class_list":{"0":"post-50643","1":"product","2":"type-product","3":"status-publish","4":"has-post-thumbnail","6":"product_cat-aristeia-es","7":"product_cat-boardgames","8":"product_cat-miniature-games-es","9":"product_cat-board-games-es","10":"product_cat-retail-products-es","11":"product_cat-sci-fi-es","12":"product_tag-aristeia-es","14":"first","15":"onbackorder","16":"sale","17":"taxable","18":"shipping-taxable","19":"purchasable","20":"product-type-simple"},"exclude_global_add_ons":[],"addons":[],"acf":[],"_links":{"self":[{"href":"https:\/\/www.customeeple.com\/es\/wp-json\/wp\/v2\/product\/50643","targetHints":{"allow":["GET"]}}],"collection":[{"href":"https:\/\/www.customeeple.com\/es\/wp-json\/wp\/v2\/product"}],"about":[{"href":"https:\/\/www.customeeple.com\/es\/wp-json\/wp\/v2\/types\/product"}],"wp:featuredmedia":[{"embeddable":true,"href":"https:\/\/www.customeeple.com\/es\/wp-json\/wp\/v2\/media\/50645"}],"wp:attachment":[{"href":"https:\/\/www.customeeple.com\/es\/wp-json\/wp\/v2\/media?parent=50643"}],"wp:term":[{"taxonomy":"product_brand","embeddable":true,"href":"https:\/\/www.customeeple.com\/es\/wp-json\/wp\/v2\/product_brand?post=50643"},{"taxonomy":"product_cat","embeddable":true,"href":"https:\/\/www.customeeple.com\/es\/wp-json\/wp\/v2\/product_cat?post=50643"},{"taxonomy":"product_tag","embeddable":true,"href":"https:\/\/www.customeeple.com\/es\/wp-json\/wp\/v2\/product_tag?post=50643"}],"curies":[{"name":"wp","href":"https:\/\/api.w.org\/{rel}","templated":true}]}}