{"id":50541,"date":"2020-01-25T11:00:47","date_gmt":"2020-01-21T10:12:48","guid":{"rendered":"https:\/\/www.customeeple.com\/?post_type=product&#038;p=50541"},"modified":"2020-02-06T20:35:16","modified_gmt":"2020-02-06T19:35:16","slug":"warcry-cards-pack-kharadron-overlords","status":"publish","type":"product","link":"https:\/\/www.customeeple.com\/es\/producto\/warcry-cards-pack-kharadron-overlords\/","title":{"rendered":"Warcry Cards Pack: Kharadron Overlords"},"content":{"rendered":"<p>Los Kharadron son un pueblo cauteloso a los que no les gusta embarcarse en cualquier empresa a menos que se les asegure su rentabilidad. Sin embargo, su hambre de a\u00e9ter-oro, un misterioso metal m\u00e1s ligero que el aire que alimenta a gran parte de su sociedad, es tal que los corsarios atrevidos lo perseguir\u00e1n hasta el borde de la realidad y m\u00e1s all\u00e1. Algunos Kharadron incluso entrar\u00e1n en Ochopartes en busca de ricas vetas de a\u00e9ter-oro. Estas bandas de prospectores est\u00e1n armadas con todo tipo de tecnolog\u00eda mortal, y aunque tales expediciones son siempre peligrosas, las recompensas potenciales son realmente grandes.<\/p>\n<p>\u00bfQui\u00e9n necesita el favor de los dioses cuando tienes aeterm\u00e1tica? \u00a1Saquea Ochopartes en tus partidas de Warcry con este set de cartas de Kharadron Overlords! En el interior, encontrar\u00e1s reglas para usar una variedad de luchadores Kharadron Overlords fuertemente armados. Si est\u00e1s buscando una banda capaz de devastar enemigos a larga distancia mientras se mantiene en combate cuerpo a cuerpo, \u00e9sta es la indicada para ti.<\/p>\n<p><strong>Este set contiene:<\/strong><br \/>\n&#8211; Una carta de habilidad de facci\u00f3n, que te permite aprovechar t\u00e1cticas, trucos y habilidades \u00fanicas de esta banda, incluidas las runas que necesitas para usarlas. El reverso te permite identificar a los luchadores en tu banda. El set incluye una carta de habilidades de facci\u00f3n en cada una de las siguientes lenguas: ingl\u00e9s, franc\u00e9s, alem\u00e1n, italiano, espa\u00f1ol, chino, japon\u00e9s y ruso.<br \/>\n&#8211; Cartas de luchador para 23 tipos de luchadores, incluidos Endrinriggers, Skywardens, Arkanauts y Grundstok Thunderers, armados con una variedad de opciones de armas.<br \/>\n&#8211; 2 tarjetas separadoras, que se utilizan para realizar un seguimiento de las fichas que se aplican a los luchadores en las partidas<\/p>\n<p>Who needs the favour of the gods when you have aethermatics? Plunder the Eightpoints in your games of Warcry with this Kharadron Overlords card pack! Inside, you\u2019ll find rules for using a variety of heavily armed Kharadron Overlords fighters. If you&#8217;re looking for a warband capable of devastating enemies at long range while holding its own in close combat, this is the one for you.<\/p>\n<p><strong>This set contains:<\/strong><br \/>\n&#8211; A faction ability card, allowing you to harness tactics, tricks and abilities unique to this warband, including the runemarks you need to use them. The reverse allows you to identify the fighters in your warband. The set contains a faction abilities card in each of the following languages: English, French, German, Italian, Spanish, Chinese, Japanese, and Russian.<br \/>\n&#8211; Fighter cards for 23 types of fighter, including Endrinriggers, Skywardens, Arkanauts and Grundstok Thunderers, armed with a variety of weapon options<br \/>\n&#8211; 2x divider cards, used to keep track of any tokens that apply to fighters in games<\/p>\n","protected":false},"excerpt":{"rendered":"<p>Boardgame.<\/p>\n","protected":false},"featured_media":50821,"template":"","meta":{"_acf_changed":false},"product_brand":[],"product_cat":[1400,1180,1654],"product_tag":[1179],"class_list":{"0":"post-50541","1":"product","2":"type-product","3":"status-publish","4":"has-post-thumbnail","6":"product_cat-fantasia","7":"product_cat-retail-products-es","8":"product_cat-warhammer-age-of-sigmar-es-2","9":"product_tag-gamesworkshop-es","11":"first","12":"outofstock","13":"sale","14":"taxable","15":"shipping-taxable","16":"purchasable","17":"product-type-simple"},"exclude_global_add_ons":[],"addons":[],"acf":[],"_links":{"self":[{"href":"https:\/\/www.customeeple.com\/es\/wp-json\/wp\/v2\/product\/50541","targetHints":{"allow":["GET"]}}],"collection":[{"href":"https:\/\/www.customeeple.com\/es\/wp-json\/wp\/v2\/product"}],"about":[{"href":"https:\/\/www.customeeple.com\/es\/wp-json\/wp\/v2\/types\/product"}],"wp:featuredmedia":[{"embeddable":true,"href":"https:\/\/www.customeeple.com\/es\/wp-json\/wp\/v2\/media\/50821"}],"wp:attachment":[{"href":"https:\/\/www.customeeple.com\/es\/wp-json\/wp\/v2\/media?parent=50541"}],"wp:term":[{"taxonomy":"product_brand","embeddable":true,"href":"https:\/\/www.customeeple.com\/es\/wp-json\/wp\/v2\/product_brand?post=50541"},{"taxonomy":"product_cat","embeddable":true,"href":"https:\/\/www.customeeple.com\/es\/wp-json\/wp\/v2\/product_cat?post=50541"},{"taxonomy":"product_tag","embeddable":true,"href":"https:\/\/www.customeeple.com\/es\/wp-json\/wp\/v2\/product_tag?post=50541"}],"curies":[{"name":"wp","href":"https:\/\/api.w.org\/{rel}","templated":true}]}}