{"id":50527,"date":"2020-01-25T11:00:02","date_gmt":"2020-01-21T10:08:02","guid":{"rendered":"https:\/\/www.customeeple.com\/?post_type=product&#038;p=50527"},"modified":"2020-02-01T12:05:25","modified_gmt":"2020-02-01T11:05:25","slug":"warcry-cards-pack-disciples-of-tzeentch","status":"publish","type":"product","link":"https:\/\/www.customeeple.com\/es\/producto\/warcry-cards-pack-disciples-of-tzeentch\/","title":{"rendered":"Warcry Cards Pack: Disciples of Tzeentch"},"content":{"rendered":"<p>Los servidores de Tzeentch se deleitan en la manipulaci\u00f3n; despu\u00e9s de todo, por algo se conoce a su patr\u00f3n como el Arquitecto del Destino. Dentro de las grandes ciudades se esconden los Kairic Acolytes, mientras que los despiadados reba\u00f1os de Tzaangor acechan en los bosques deformes. Los daemons de Tzeentch son especialmente extra\u00f1os, a menudo lanzan rayos de fuego et\u00e9reo. Tzeentch es el mayor mecenas de la brujer\u00eda entre los Dioses del Caos, por lo que no sorprende que muchos de sus seguidores sean poderosos magos, que con su poder hechicero reescriben las leyes de la realidad.<\/p>\n<p>\u00a1Lleva la locura mal\u00e9fica de las legiones daem\u00f3nicas de Tzeentch a Warcry con este set de cartas! Este set te permite usar una variedad de daemons en tus batallas de escaramuzas. Destruye a tus enemigos con fuego brujo o desciende sobre ellos en una horda retorcida y chirriante. Despu\u00e9s de todo el Se\u00f1or de la Transformaci\u00f3n, se basa sobre todo en las opciones&#8230;<\/p>\n<p><strong>Este set contiene:<\/strong><br \/>\n&#8211; Una carta de habilidad de facci\u00f3n, que te permite aprovechar t\u00e1cticas, trucos y habilidades exclusivas de esta banda, incluidas las runas que necesitas para usarlas. El reverso te permite identificar a los luchadores en tu banda. El set incluye una carta de habilidades de facci\u00f3n en cada una de las siguientes lenguas: ingl\u00e9s, franc\u00e9s, alem\u00e1n, italiano, espa\u00f1ol, chino, japon\u00e9s y ruso.<br \/>\n&#8211; Cartas de luchador para 8 tipos de luchadores, incluidos los Blue Horrors, Brimstone Horrors, Pink Horrors, Flamers of Tzeentch y Screamers of Tzeentch<br \/>\n&#8211; 2 tarjetas separadoras, que se utilizan para realizar un seguimiento de las fichas que se aplican a los luchadores en las partidas<\/p>\n<p>Bring the malefic madness of the Tzeentch\u2019s daemonic legions to Warcry with this card pack! This set lets you use a variety of daemons in your skirmish battles. Blow your enemies apart with magical warpfire or descend upon them in a chittering, squirming horde. The Changer of Ways, after all, is all about choice\u2026<\/p>\n<p><strong>This set contains:<\/strong><br \/>\n&#8211; A faction ability card, allowing you to harness tactics, tricks and abilities unique to this warband, including the runemarks you need to use them. The reverse allows you to identify the fighters in your warband. The set contains a faction abilities card in each of the following languages: English, French, German, Italian, Spanish, Chinese, Japanese, and Russian.<br \/>\n&#8211; Fighter cards for 8 types of fighter, including Blue Horrors, Brimstone Horrors, Pink Horrors, Flamers of Tzeentch and Screamers of Tzeentch<br \/>\n&#8211; 2x divider cards, used to keep track of any tokens that apply to fighters in games<\/p>\n","protected":false},"excerpt":{"rendered":"<p>Boardgame.<\/p>\n","protected":false},"featured_media":50819,"template":"","meta":{"_acf_changed":false},"product_brand":[],"product_cat":[1400,1180,1654],"product_tag":[1179],"class_list":{"0":"post-50527","1":"product","2":"type-product","3":"status-publish","4":"has-post-thumbnail","6":"product_cat-fantasia","7":"product_cat-retail-products-es","8":"product_cat-warhammer-age-of-sigmar-es-2","9":"product_tag-gamesworkshop-es","11":"first","12":"instock","13":"sale","14":"taxable","15":"shipping-taxable","16":"purchasable","17":"product-type-simple"},"exclude_global_add_ons":[],"addons":[],"acf":[],"_links":{"self":[{"href":"https:\/\/www.customeeple.com\/es\/wp-json\/wp\/v2\/product\/50527","targetHints":{"allow":["GET"]}}],"collection":[{"href":"https:\/\/www.customeeple.com\/es\/wp-json\/wp\/v2\/product"}],"about":[{"href":"https:\/\/www.customeeple.com\/es\/wp-json\/wp\/v2\/types\/product"}],"wp:featuredmedia":[{"embeddable":true,"href":"https:\/\/www.customeeple.com\/es\/wp-json\/wp\/v2\/media\/50819"}],"wp:attachment":[{"href":"https:\/\/www.customeeple.com\/es\/wp-json\/wp\/v2\/media?parent=50527"}],"wp:term":[{"taxonomy":"product_brand","embeddable":true,"href":"https:\/\/www.customeeple.com\/es\/wp-json\/wp\/v2\/product_brand?post=50527"},{"taxonomy":"product_cat","embeddable":true,"href":"https:\/\/www.customeeple.com\/es\/wp-json\/wp\/v2\/product_cat?post=50527"},{"taxonomy":"product_tag","embeddable":true,"href":"https:\/\/www.customeeple.com\/es\/wp-json\/wp\/v2\/product_tag?post=50527"}],"curies":[{"name":"wp","href":"https:\/\/api.w.org\/{rel}","templated":true}]}}