{"id":50456,"date":"2020-01-18T09:50:26","date_gmt":"2020-01-18T08:50:26","guid":{"rendered":"https:\/\/www.customeeple.com\/?post_type=product&#038;p=50456"},"modified":"2023-04-20T00:00:06","modified_gmt":"2023-04-19T23:00:06","slug":"battle-sisters-squad","status":"publish","type":"product","link":"https:\/\/www.customeeple.com\/es\/producto\/battle-sisters-squad\/","title":{"rendered":"Battle Sisters Squad"},"content":{"rendered":"<p>Las Battle Sisters componen la mayor\u00eda de todas las \u00d3rdenes Militantes que acaban con herejes, xenos y traidores por igual con su sagrada trinidad de armas: b\u00f3lter, fusi\u00f3n y lanzallamas. Son los soldados de infanter\u00eda del Emperador, espada de su desaf\u00edo y escudo indomable. Ante sus b\u00f3lteres atronadores, innumerables alien\u00edgenas, mutantes, traidores y herejes han hallado su final. Dondequiera que avancen por el campo de batalla, la luz del Emperador se extiende como un amanecer sagrado, manifest\u00e1ndose en forma de milagros que desv\u00edan r\u00e1fagas y proyectiles de un enemigo a quien en ocasiones consume el fuego de la justa venganza. Sus exultantes oraciones resuenan con mayor fuerza ante estas impresionantes demostraciones de la divinidad manifiesta del Emperador, y cada vez que presionan el gatillo acaban con m\u00e1s abominaciones indignas que osan enfrentarse al Se\u00f1or de la Humanidad.<\/p>\n<p>Con este kit podr\u00e1s montar 10 Battle Sisters y un Incensor Cherub. Las Battle Sisters est\u00e1n equipadas con b\u00f3lteres aunque hasta dos de ellas se pueden montar con un arma especial (b\u00f3lter tormenta, rifle de fusi\u00f3n o lanzallamas). De forma alternativa, una Battle Sister puede portar un arma especial mientras que otra porta un arma pesada (b\u00f3lter pesado o lanzallamas pesado). Una de tus Battle Sisters puede llevar un Simulacrum Imperialis sagrado, con dos opciones de variantes montadas en lo alto del asta. Las piezas te permiten montar una Sister Superior armada con espada sierra o espada de energ\u00eda y una serie de armas de proyectil, incluido un b\u00f3lter condenaci\u00f3n o combi-arma (lanzallamas, fusi\u00f3n o plasma).<\/p>\n<p>Este kit consta de 179 piezas de pl\u00e1stico e incluye 10 peanas redondas Citadel de 32 mm y 1 peana redonda Citadel de 25 mm. Asimismo incluye una hoja de calcoman\u00edas de Adepta Sororitas.<\/p>\n","protected":false},"excerpt":{"rendered":"<p>Games Workshop miniatures.<\/p>\n","protected":false},"featured_media":50420,"template":"","meta":{"_acf_changed":false},"product_brand":[],"product_cat":[1177,1180,1372,1623,1229],"product_tag":[1179],"class_list":{"0":"post-50456","1":"product","2":"type-product","3":"status-publish","4":"has-post-thumbnail","6":"product_cat-games-workshop-es","7":"product_cat-retail-products-es","8":"product_cat-sci-fi-es","9":"product_cat-wargames-es-2","10":"product_cat-warhammer-40k-es","11":"product_tag-gamesworkshop-es","13":"first","14":"instock","15":"sale","16":"taxable","17":"shipping-taxable","18":"purchasable","19":"product-type-simple"},"exclude_global_add_ons":[],"addons":[],"acf":[],"_links":{"self":[{"href":"https:\/\/www.customeeple.com\/es\/wp-json\/wp\/v2\/product\/50456","targetHints":{"allow":["GET"]}}],"collection":[{"href":"https:\/\/www.customeeple.com\/es\/wp-json\/wp\/v2\/product"}],"about":[{"href":"https:\/\/www.customeeple.com\/es\/wp-json\/wp\/v2\/types\/product"}],"wp:featuredmedia":[{"embeddable":true,"href":"https:\/\/www.customeeple.com\/es\/wp-json\/wp\/v2\/media\/50420"}],"wp:attachment":[{"href":"https:\/\/www.customeeple.com\/es\/wp-json\/wp\/v2\/media?parent=50456"}],"wp:term":[{"taxonomy":"product_brand","embeddable":true,"href":"https:\/\/www.customeeple.com\/es\/wp-json\/wp\/v2\/product_brand?post=50456"},{"taxonomy":"product_cat","embeddable":true,"href":"https:\/\/www.customeeple.com\/es\/wp-json\/wp\/v2\/product_cat?post=50456"},{"taxonomy":"product_tag","embeddable":true,"href":"https:\/\/www.customeeple.com\/es\/wp-json\/wp\/v2\/product_tag?post=50456"}],"curies":[{"name":"wp","href":"https:\/\/api.w.org\/{rel}","templated":true}]}}