{"id":50385,"date":"2020-01-17T15:45:13","date_gmt":"2020-01-17T14:45:13","guid":{"rendered":"https:\/\/www.customeeple.com\/?post_type=product&#038;p=50385"},"modified":"2020-01-17T15:51:14","modified_gmt":"2020-01-17T14:51:14","slug":"inifnityn3","status":"publish","type":"product","link":"https:\/\/www.customeeple.com\/es\/producto\/inifnityn3\/","title":{"rendered":"Infinity 3rd Edition (ESP)"},"content":{"rendered":"<div>\u00a1Reglas pulidas! \u00a1Nuevos perfiles de tropa! \u00a1El mismo juego, pero mejor! Utilizando miniaturas de metal de 28 mm de altura, Infinity es un juego de mesa que simula combates y operaciones especiales en un ambiente de ciencia ficci\u00f3n con est\u00e9tica manga.Las miniaturas de Infinity se caracterizan por la alta calidad y detalle de su modelado, el dinamismo de sus posturas, y su est\u00e9tica futurista. La 3\u00aa edici\u00f3n del libro de reglas de Infinity cuenta con las reglas completas del juego y el trasfondo que le permiten sumergirse en el universo de Infinity.<\/div>\n<hr \/>\n<div>Libros a todo color.,N\u00famero de p\u00e1ginas: Trasfondo: 180 p\u00e1ginas; Reglas: 272 p\u00e1ginas,Encuadernaci\u00f3n: Tapa blanda con solapas. Ambos libros van contenidos en un estuche.,Idiomas disponibles: castellano<\/div>\n<hr \/>\n<div class=\"mt-4\">\n<ul>\n<li><strong><i>Este producto no es un juguete.<\/i><\/strong>\u00a0\u00a0<i>No est\u00e1 pensado para ser usado por personas de 14 a\u00f1os o menos.<\/i><\/li>\n<li><i>Las miniaturas incluidas en nuestros productos se proveen sin pintar. Tambi\u00e9n puede requerir ensamblado. Los componentes reales pueden variar de los mostrados.<\/i><\/li>\n<\/ul>\n<\/div>\n","protected":false},"excerpt":{"rendered":"<p>Infinity N3 rules<\/p>\n","protected":false},"featured_media":50387,"template":"","meta":{"_acf_changed":false},"product_brand":[],"product_cat":[1182,291,1668,1180],"product_tag":[151,306],"class_list":{"0":"post-50385","1":"product","2":"type-product","3":"status-publish","4":"has-post-thumbnail","6":"product_cat-combined-army-es","7":"product_cat-infinity-es-2","8":"product_cat-miniatures-es","9":"product_cat-retail-products-es","10":"product_tag-infinity-es","11":"product_tag-infinity-the-game-es-2","13":"first","14":"instock","15":"sale","16":"taxable","17":"shipping-taxable","18":"purchasable","19":"product-type-simple"},"exclude_global_add_ons":[],"addons":[],"acf":[],"_links":{"self":[{"href":"https:\/\/www.customeeple.com\/es\/wp-json\/wp\/v2\/product\/50385","targetHints":{"allow":["GET"]}}],"collection":[{"href":"https:\/\/www.customeeple.com\/es\/wp-json\/wp\/v2\/product"}],"about":[{"href":"https:\/\/www.customeeple.com\/es\/wp-json\/wp\/v2\/types\/product"}],"wp:featuredmedia":[{"embeddable":true,"href":"https:\/\/www.customeeple.com\/es\/wp-json\/wp\/v2\/media\/50387"}],"wp:attachment":[{"href":"https:\/\/www.customeeple.com\/es\/wp-json\/wp\/v2\/media?parent=50385"}],"wp:term":[{"taxonomy":"product_brand","embeddable":true,"href":"https:\/\/www.customeeple.com\/es\/wp-json\/wp\/v2\/product_brand?post=50385"},{"taxonomy":"product_cat","embeddable":true,"href":"https:\/\/www.customeeple.com\/es\/wp-json\/wp\/v2\/product_cat?post=50385"},{"taxonomy":"product_tag","embeddable":true,"href":"https:\/\/www.customeeple.com\/es\/wp-json\/wp\/v2\/product_tag?post=50385"}],"curies":[{"name":"wp","href":"https:\/\/api.w.org\/{rel}","templated":true}]}}