{"id":50287,"date":"2020-01-09T12:10:33","date_gmt":"2020-01-09T11:10:33","guid":{"rendered":"https:\/\/www.customeeple.com\/?post_type=product&#038;p=50287"},"modified":"2020-01-09T12:13:34","modified_gmt":"2020-01-09T11:13:34","slug":"virus-2-2","status":"publish","type":"product","link":"https:\/\/www.customeeple.com\/es\/producto\/virus-2-2\/","title":{"rendered":"Virus 2"},"content":{"rendered":"<p><strong>\u00a1Los Virus han evolucionado!<\/strong><\/p>\n<p>Justo cuando los esfuerzos de nuestros m\u00e9dicos empezaban a dar sus frutos, los problemas se complican.<\/p>\n<p>Las muestras almacenadas en el laboratorio para su estudio, revelan que los virus han mutado y se han vuelto mucho m\u00e1s resistentes y agresivos.<\/p>\n<p>Las medicinas tradicionales resultan in\u00fatiles contra ellos. Y aunque nuestros cient\u00edficos trabajan para crear nuevas medidas efectivas, el tiempo corre y los nuevos virus empiezan a expandirse sin control sembrando el p\u00e1nico en el laboratorio.<\/p>\n<p>Tu labor ahora ser\u00e1 controlar la nueva pandemia y evitar que los virus evolucionados alcancen a la poblaci\u00f3n.<\/p>\n<p>Trata de mantener a raya los virus poni\u00e9ndolos en cuarentena para evitar su propagaci\u00f3n. Pero \u00e1ndate con ojo, porque tus rivales no te pondr\u00e1n las cosas f\u00e1ciles y har\u00e1n todo lo posible por boicotear tu trabajo y quedarse toda la gloria.<\/p>\n<p><strong>ADVERTENCIA:<\/strong>\u00a0VIRUS! 2 Evolution es una expasi\u00f3n y se necesita \u201c<strong><a href=\"https:\/\/www.customeeple.com\/product\/virus-2\/\">VIRUS!<\/a><\/strong>\u201d para poder jugar.<\/p>\n<h6><strong>JUGADORES: 2-6<\/strong><\/h6>\n<h6><strong>DURACI\u00d3N: 20 MINUTOS<\/strong><\/h6>\n<h6><strong>EDAD RECOMENDADA: 8+ <\/strong><\/h6>\n<h6><strong>IDIOMAS: ESPA\u00d1OL\/ENGLISH\/FRAN\u00c7AIS<\/strong><\/h6>\n<p>&nbsp;<\/p>\n","protected":false},"excerpt":{"rendered":"<p>juego de cartas<\/p>\n","protected":false},"featured_media":50285,"template":"","meta":{"_acf_changed":false},"product_brand":[],"product_cat":[1557,1653,1180],"product_tag":[1264,1280,1663],"class_list":{"0":"post-50287","1":"product","2":"type-product","3":"status-publish","4":"has-post-thumbnail","6":"product_cat-card-game-es","7":"product_cat-boardgames","8":"product_cat-retail-products-es","9":"product_tag-boardgame-es","10":"product_tag-juego-de-mesa-es","11":"product_tag-tranjis-es-2","13":"first","14":"instock","15":"sale","16":"taxable","17":"shipping-taxable","18":"purchasable","19":"product-type-simple"},"exclude_global_add_ons":[],"addons":[],"acf":[],"_links":{"self":[{"href":"https:\/\/www.customeeple.com\/es\/wp-json\/wp\/v2\/product\/50287","targetHints":{"allow":["GET"]}}],"collection":[{"href":"https:\/\/www.customeeple.com\/es\/wp-json\/wp\/v2\/product"}],"about":[{"href":"https:\/\/www.customeeple.com\/es\/wp-json\/wp\/v2\/types\/product"}],"wp:featuredmedia":[{"embeddable":true,"href":"https:\/\/www.customeeple.com\/es\/wp-json\/wp\/v2\/media\/50285"}],"wp:attachment":[{"href":"https:\/\/www.customeeple.com\/es\/wp-json\/wp\/v2\/media?parent=50287"}],"wp:term":[{"taxonomy":"product_brand","embeddable":true,"href":"https:\/\/www.customeeple.com\/es\/wp-json\/wp\/v2\/product_brand?post=50287"},{"taxonomy":"product_cat","embeddable":true,"href":"https:\/\/www.customeeple.com\/es\/wp-json\/wp\/v2\/product_cat?post=50287"},{"taxonomy":"product_tag","embeddable":true,"href":"https:\/\/www.customeeple.com\/es\/wp-json\/wp\/v2\/product_tag?post=50287"}],"curies":[{"name":"wp","href":"https:\/\/api.w.org\/{rel}","templated":true}]}}