{"id":50218,"date":"2020-01-03T13:11:25","date_gmt":"2020-01-03T12:11:25","guid":{"rendered":"https:\/\/www.customeeple.com\/?post_type=product&#038;p=50218"},"modified":"2021-03-02T12:35:16","modified_gmt":"2021-03-02T11:35:16","slug":"bandeja-expositora-compatible-con-cthulhu-death-may-die","status":"publish","type":"product","link":"https:\/\/www.customeeple.com\/es\/producto\/bandeja-expositora-compatible-con-cthulhu-death-may-die\/","title":{"rendered":"Bandeja expositora compatible con Cthulhu Death may die"},"content":{"rendered":"<p>Una bandeja expositora para las minis de tus juegos. Puedes tener todo un equipo expuesto y cogerlos a medida que los necesites.<\/p>\n<p>La bandeja incluye 10 bases de 25mm que puedes usar para mejorar el aspecto de tus miniaturas.<\/p>\n<p>Las bandeja encajara a la perfecci\u00f3n con las miniaturas del\u00a0 juego <a href=\"https:\/\/www.cmon.com\/product\/cthulhu-death-may-die\/cthulhu-death-may-die\"><strong>Cthulhu Death may die<\/strong><\/a><\/p>\n<p><strong>Material: <\/strong>DM<\/p>\n<div class=\"moreinfo\">\n<p dir=\"ltr\"><strong>Espesor:<\/strong> 2,5 mm<\/p>\n<p dir=\"ltr\"><strong>Tama\u00f1o:<\/strong> 19 x 11,5 cm<\/p>\n<p dir=\"ltr\"><strong>Cantidad:<\/strong> 1 bandeja<\/p>\n<p><a href=\"https:\/\/www.cmon.com\/product\/cthulhu-death-may-die\/cthulhu-death-may-die\"><strong>Cthulhu Death may die<\/strong><\/a> es un juego publicado por <a href=\"https:\/\/www.cmon.com\/\"><strong>CMON games<\/strong>.<\/a>\u00a0<strong>Customeeple<\/strong>\u00a0no mantiene ninguna relaci\u00f3n con esta compa\u00f1\u00eda y este producto no esta apoyado por ellos de ninguna forma.<\/p>\n<\/div>\n","protected":false},"excerpt":{"rendered":"<p>Una bandeja expositora para <a href=\"https:\/\/www.cmon.com\/product\/cthulhu-death-may-die\/cthulhu-death-may-die\"><strong>Cthulhu Death may die<\/strong><\/a><\/p>\n","protected":false},"featured_media":50307,"template":"","meta":{"_acf_changed":false},"product_brand":[],"product_cat":[191,304,2339,1370,1399],"product_tag":[2247,1442,1663],"class_list":{"0":"post-50218","1":"product","2":"type-product","3":"status-publish","4":"has-post-thumbnail","6":"product_cat-accesorios","7":"product_cat-bases-es","8":"product_cat-cthulhu-death-may-die","9":"product_cat-customeeple-es","10":"product_cat-escenografia-es","11":"product_tag-cmon-es","12":"product_tag-overlay-es","13":"product_tag-tranjis-es-2","15":"first","16":"instock","17":"taxable","18":"shipping-taxable","19":"purchasable","20":"product-type-simple"},"exclude_global_add_ons":[],"addons":[],"acf":[],"_links":{"self":[{"href":"https:\/\/www.customeeple.com\/es\/wp-json\/wp\/v2\/product\/50218","targetHints":{"allow":["GET"]}}],"collection":[{"href":"https:\/\/www.customeeple.com\/es\/wp-json\/wp\/v2\/product"}],"about":[{"href":"https:\/\/www.customeeple.com\/es\/wp-json\/wp\/v2\/types\/product"}],"wp:featuredmedia":[{"embeddable":true,"href":"https:\/\/www.customeeple.com\/es\/wp-json\/wp\/v2\/media\/50307"}],"wp:attachment":[{"href":"https:\/\/www.customeeple.com\/es\/wp-json\/wp\/v2\/media?parent=50218"}],"wp:term":[{"taxonomy":"product_brand","embeddable":true,"href":"https:\/\/www.customeeple.com\/es\/wp-json\/wp\/v2\/product_brand?post=50218"},{"taxonomy":"product_cat","embeddable":true,"href":"https:\/\/www.customeeple.com\/es\/wp-json\/wp\/v2\/product_cat?post=50218"},{"taxonomy":"product_tag","embeddable":true,"href":"https:\/\/www.customeeple.com\/es\/wp-json\/wp\/v2\/product_tag?post=50218"}],"curies":[{"name":"wp","href":"https:\/\/api.w.org\/{rel}","templated":true}]}}