{"id":50210,"date":"2020-01-03T12:52:50","date_gmt":"2020-01-03T11:52:50","guid":{"rendered":"https:\/\/www.customeeple.com\/?post_type=product&#038;p=50210"},"modified":"2021-03-02T12:35:10","modified_gmt":"2021-03-02T11:35:10","slug":"bandeja-contenedora-compatible-con-cthulhu-death-may-die","status":"publish","type":"product","link":"https:\/\/www.customeeple.com\/es\/producto\/bandeja-contenedora-compatible-con-cthulhu-death-may-die\/","title":{"rendered":"Bandeja contenedora compatible con Cthulhu Death may die (1 Ud)"},"content":{"rendered":"<p>Una bandeja organizadora de metacrilato transparente para tener ordenadas las piezas de tus juegos. F\u00edjate que esta bandeja tiene espacios para ayudar a que las piezas\u00a0\u00a0no se muevan de su sitio.<\/p>\n<p>\u00a1Mant\u00e9n tus piezas a salvo de los ocasionales golpes en la mesa!<\/p>\n<p>Las bandejas encajan a la perfecci\u00f3n con los tableros de jugador del juego <a href=\"https:\/\/www.cmon.com\/product\/cthulhu-death-may-die\/cthulhu-death-may-die\"><strong>Cthulhu Death may die<\/strong><\/a><\/p>\n<p>Puedes comprar solamente la pieza de metacrilato o incluir un add on de DM para hacer de base.<\/p>\n<p><strong>Material: <\/strong>DM y metacrilato<\/p>\n<div class=\"moreinfo\">\n<p dir=\"ltr\"><strong>Espesor:<\/strong> 2,5 mm<\/p>\n<p dir=\"ltr\"><strong>Tama\u00f1o:<\/strong> 27 x 16 cm<\/p>\n<p dir=\"ltr\"><strong>Cantidad:<\/strong> 1 Overlay<\/p>\n<p><a href=\"https:\/\/www.cmon.com\/product\/cthulhu-death-may-die\/cthulhu-death-may-die\"><strong>Cthulhu Death may die<\/strong><\/a> es un juego publicado por <a href=\"https:\/\/www.cmon.com\/\"><strong>CMON games<\/strong>.<\/a>\u00a0<strong>Customeeple<\/strong>\u00a0no mantiene ninguna relaci\u00f3n con esta compa\u00f1\u00eda y este producto no esta apoyado por ellos de ninguna forma.<\/p>\n<\/div>\n","protected":false},"excerpt":{"rendered":"<p>Una bandejas contenedora para <a href=\"https:\/\/www.cmon.com\/product\/cthulhu-death-may-die\/cthulhu-death-may-die\"><strong>Cthulhu Death may die<\/strong><\/a><\/p>\n","protected":false},"featured_media":58396,"template":"","meta":{"_acf_changed":false},"product_brand":[],"product_cat":[191,2339,1370,1397],"product_tag":[2247,1442,1663],"class_list":{"0":"post-50210","1":"product","2":"type-product","3":"status-publish","4":"has-post-thumbnail","6":"product_cat-accesorios","7":"product_cat-cthulhu-death-may-die","8":"product_cat-customeeple-es","9":"product_cat-overlay-es","10":"product_tag-cmon-es","11":"product_tag-overlay-es","12":"product_tag-tranjis-es-2","14":"first","15":"instock","16":"taxable","17":"shipping-taxable","18":"purchasable","19":"product-type-variable"},"exclude_global_add_ons":[],"addons":[],"acf":[],"_links":{"self":[{"href":"https:\/\/www.customeeple.com\/es\/wp-json\/wp\/v2\/product\/50210","targetHints":{"allow":["GET"]}}],"collection":[{"href":"https:\/\/www.customeeple.com\/es\/wp-json\/wp\/v2\/product"}],"about":[{"href":"https:\/\/www.customeeple.com\/es\/wp-json\/wp\/v2\/types\/product"}],"wp:featuredmedia":[{"embeddable":true,"href":"https:\/\/www.customeeple.com\/es\/wp-json\/wp\/v2\/media\/58396"}],"wp:attachment":[{"href":"https:\/\/www.customeeple.com\/es\/wp-json\/wp\/v2\/media?parent=50210"}],"wp:term":[{"taxonomy":"product_brand","embeddable":true,"href":"https:\/\/www.customeeple.com\/es\/wp-json\/wp\/v2\/product_brand?post=50210"},{"taxonomy":"product_cat","embeddable":true,"href":"https:\/\/www.customeeple.com\/es\/wp-json\/wp\/v2\/product_cat?post=50210"},{"taxonomy":"product_tag","embeddable":true,"href":"https:\/\/www.customeeple.com\/es\/wp-json\/wp\/v2\/product_tag?post=50210"}],"curies":[{"name":"wp","href":"https:\/\/api.w.org\/{rel}","templated":true}]}}