{"id":50189,"date":"2020-02-15T12:12:31","date_gmt":"2020-01-02T11:12:32","guid":{"rendered":"https:\/\/www.customeeple.com\/?post_type=product&#038;p=50189"},"modified":"2020-02-20T16:13:32","modified_gmt":"2020-02-20T15:13:32","slug":"torreta-para-xwing-copy","status":"publish","type":"product","link":"https:\/\/www.customeeple.com\/es\/producto\/torreta-para-xwing-copy\/","title":{"rendered":"Marcador Num\u00e9rico Grande para Xwing"},"content":{"rendered":"<p>Una \u00fatil Aro para identificar tus naves <strong>GRANDES<\/strong> en Partidas de <a href=\"https:\/\/www.fantasyflightgames.com\/en\/products\/x-wing-second-edition\/\"><strong>Star Wars X-Wing (Segunda edici\u00f3n)<\/strong><\/a>. El material fluorescente y el tama\u00f1o de la fuente garantizan una buena visibilidad. Puedes personalizar por completo el n\u00famero y el color para que encaje con tu escuadr\u00f3n. Tambi\u00e9n puede agregar el marcador de torreta o doble torreta.<\/p>\n<p>Este producto es compatibles con naves <strong>GRANDES<\/strong> del juego <a href=\"https:\/\/www.fantasyflightgames.com\/en\/products\/x-wing-second-edition\/\"><strong>Star Wars X-Wing (Segunda edici\u00f3n)<\/strong><\/a><\/p>\n<p><strong>Material:<\/strong> Metacrilato fluorescente<\/p>\n<div class=\"moreinfo\">\n<p><strong>Espesor:<\/strong>\u00a03 mm<\/p>\n<p><strong>Cantidad :<\/strong> 1 peana<\/p>\n<p><strong>Uso: <\/strong>peana num\u00e9rica<\/p>\n<\/div>\n<p><strong><a href=\"https:\/\/www.fantasyflightgames.com\/en\/products\/x-wing-second-edition\/\">Star Wars X-Wing (Second Edition)<\/a><\/strong>\u00a0es un juego publciado por\u00a0<a href=\"http:\/\/www.fantasyflightgames.com\/\"><strong>Fantasy Flight Publishing Inc<\/strong><\/a>. <strong>Customeeple<\/strong>\u00a0no mantiene ninguna relaci\u00f3n con esa compa\u00f1\u00eda y este producto no est\u00e1 de ninguna manera patrocinado por ellos.<\/p>\n","protected":false},"excerpt":{"rendered":"<p>Identifica f\u00e1cilmente tus naves de\u00a0 <strong><a href=\"http:\/\/boardgamegeek.com\/boardgame\/103885\/star-wars-x-wing-miniatures-game\">Star Wars X-Wing<\/a>\u00a0<\/strong><\/p>\n","protected":false},"featured_media":51244,"template":"","meta":{"_acf_changed":false},"product_brand":[],"product_cat":[191,1370,1372,816,1411],"product_tag":[645],"class_list":{"0":"post-50189","1":"product","2":"type-product","3":"status-publish","4":"has-post-thumbnail","6":"product_cat-accesorios","7":"product_cat-customeeple-es","8":"product_cat-sci-fi-es","9":"product_cat-space-fight-es","10":"product_cat-star-wars-x-wing-es","11":"product_tag-x-wing-es-2","12":"pa_methacrylate-colors-azul-fluor-mfbl-es","13":"pa_methacrylate-colors-naranja-fluor-mfor-es","14":"pa_methacrylate-colors-verde-fluor-mfgr","15":"pa_methacrylate-colors-amarill-fluor-mfye","16":"pa_methacrylate-colors-magenta-fluor-mfma-es","18":"first","19":"instock","20":"taxable","21":"shipping-taxable","22":"product-type-variable"},"exclude_global_add_ons":false,"addons":[{"name":"N\u00famero","type":"heading","position":0,"required":false,"title_format":"label","default":"","description_enable":false,"description":"","placeholder_enable":false,"placeholder":"","display":"select","restrictions_type":"any_text","adjust_price":false,"price":"","price_type":"","restrictions":false,"min":"0","max":"0","options":[]},{"name":"N\u00famero","type":"custom_text","position":0,"required":true,"title_format":"hide","default":"","description_enable":false,"description":"","placeholder_enable":false,"placeholder":"","display":"select","restrictions_type":"any_text","adjust_price":false,"price":"","price_type":"quantity_based","restrictions":true,"min":"1","max":"2","options":[]}],"acf":[],"_links":{"self":[{"href":"https:\/\/www.customeeple.com\/es\/wp-json\/wp\/v2\/product\/50189","targetHints":{"allow":["GET"]}}],"collection":[{"href":"https:\/\/www.customeeple.com\/es\/wp-json\/wp\/v2\/product"}],"about":[{"href":"https:\/\/www.customeeple.com\/es\/wp-json\/wp\/v2\/types\/product"}],"wp:featuredmedia":[{"embeddable":true,"href":"https:\/\/www.customeeple.com\/es\/wp-json\/wp\/v2\/media\/51244"}],"wp:attachment":[{"href":"https:\/\/www.customeeple.com\/es\/wp-json\/wp\/v2\/media?parent=50189"}],"wp:term":[{"taxonomy":"product_brand","embeddable":true,"href":"https:\/\/www.customeeple.com\/es\/wp-json\/wp\/v2\/product_brand?post=50189"},{"taxonomy":"product_cat","embeddable":true,"href":"https:\/\/www.customeeple.com\/es\/wp-json\/wp\/v2\/product_cat?post=50189"},{"taxonomy":"product_tag","embeddable":true,"href":"https:\/\/www.customeeple.com\/es\/wp-json\/wp\/v2\/product_tag?post=50189"}],"curies":[{"name":"wp","href":"https:\/\/api.w.org\/{rel}","templated":true}]}}