{"id":50050,"date":"2020-10-12T12:22:35","date_gmt":"2020-10-12T11:22:35","guid":{"rendered":"https:\/\/www.customeeple.com\/?post_type=product&#038;p=50050"},"modified":"2020-10-23T18:02:12","modified_gmt":"2020-10-23T17:02:12","slug":"inserto-compatible-keyforge-246-x-246-x-65-cm-copy-copy","status":"publish","type":"product","link":"https:\/\/www.customeeple.com\/es\/producto\/inserto-compatible-keyforge-246-x-246-x-65-cm-copy-copy\/","title":{"rendered":"Inserto compatible Marvel Champions (24,4 x 28,2 x 6,5 cm)"},"content":{"rendered":"<p>\u00bfEst\u00e1s cansado de los huecos de aire en las cajas de los juegos?\u00bfjuegos que vienen con insertos que molestan m\u00e1s que organizan? Esta es tu soluci\u00f3n, compra tu propio inserto a medida. Nunca m\u00e1s rodar\u00e1n las piezas por la caja y podr\u00e1s tener organizadas las cartas de un juego.<\/p>\n<p>Este es un inserto de juego dise\u00f1ado para caber dentro de la caja de Marvel Champions para que puedas tener en el orden correcto todas las cartas que vinieron con el juego. El inserto separa la caja en 2 columnas de 6,4 para tarjetas, e incluye 14 separadores para el espacio de las tarjetas, y dos peque\u00f1os para el espacio central para marcadores y diales. Adicionalmente puedes comprar <a href=\"https:\/\/www.customeeple.com\/?p=33454\">separadores extra<\/a>.<\/p>\n<p>Puedes comprar el inserto solo o con un pr\u00e1ctico paquete de caja para almacenar todas las fichas del juego y usarlo durante el juego para mantener todo ordenado mientras juegas.<\/p>\n<p><strong>Nota<\/strong>:Comprueba que tu caja de juego tenga espacio suficiente para que este juego inserte su formato es compatible con Marvel Champions. Podemos fabricar f\u00e1cilmente insertos en otros tama\u00f1os, solo<strong>\u00a0<\/strong><strong><a href=\"..\/contact-us\/\">contacta con nosotros<\/a>.<\/strong><\/p>\n<div class=\"moreinfo\"><strong>Material: <\/strong>DM<\/div>\n<div class=\"moreinfo\"><strong>Espesor:<\/strong> 2,5 mm<br \/><strong>Tama\u00f1o:<\/strong> 24,4 x 28,2 x 6,5 cm<\/div>\n<div class=\"moreinfo\">\n<p dir=\"ltr\"><strong>Cantidad:<\/strong> 1 inserto y 14+2 separadores.<\/p>\n<p><strong>Marvel Champions<\/strong> es un juego publicado por <strong><a title=\"Fantasy Flight Games\" href=\"https:\/\/boardgamegeek.com\/boardgamepublisher\/17\/fantasy-flight-games\">Fantasy Flight Games<\/a>\u00a0<\/strong>. <strong>Customeeple<\/strong>\u00a0no mantiene ninguna relaci\u00f3n con esta compa\u00f1\u00eda y este producto no esta apoyado por ellos de ninguna forma.<\/div>\n","protected":false},"excerpt":{"rendered":"<p>Un resistente inserto pensado para cajas de <strong>24,9 x 24,9 x 4,6 cm\u00a0<\/strong><\/p>\n","protected":false},"featured_media":54358,"template":"","meta":{"_acf_changed":false},"product_brand":[],"product_cat":[191,1303,1370,1395,1648,1391],"product_tag":[656,332,1450,1455,1652],"class_list":{"0":"post-50050","1":"product","2":"type-product","3":"status-publish","4":"has-post-thumbnail","6":"product_cat-accesorios","7":"product_cat-ada","8":"product_cat-customeeple-es","9":"product_cat-insertos","10":"product_cat-marvel-champions-es","11":"product_cat-deck-holders-es","12":"product_tag-arkham-horror-es-2","13":"product_tag-insert-es","14":"product_tag-keyforge-es","15":"product_tag-lgc-es","16":"product_tag-malifaux-es-2","18":"first","19":"instock","20":"taxable","21":"shipping-taxable","22":"purchasable","23":"product-type-variable"},"exclude_global_add_ons":[],"addons":[],"acf":[],"_links":{"self":[{"href":"https:\/\/www.customeeple.com\/es\/wp-json\/wp\/v2\/product\/50050","targetHints":{"allow":["GET"]}}],"collection":[{"href":"https:\/\/www.customeeple.com\/es\/wp-json\/wp\/v2\/product"}],"about":[{"href":"https:\/\/www.customeeple.com\/es\/wp-json\/wp\/v2\/types\/product"}],"wp:featuredmedia":[{"embeddable":true,"href":"https:\/\/www.customeeple.com\/es\/wp-json\/wp\/v2\/media\/54358"}],"wp:attachment":[{"href":"https:\/\/www.customeeple.com\/es\/wp-json\/wp\/v2\/media?parent=50050"}],"wp:term":[{"taxonomy":"product_brand","embeddable":true,"href":"https:\/\/www.customeeple.com\/es\/wp-json\/wp\/v2\/product_brand?post=50050"},{"taxonomy":"product_cat","embeddable":true,"href":"https:\/\/www.customeeple.com\/es\/wp-json\/wp\/v2\/product_cat?post=50050"},{"taxonomy":"product_tag","embeddable":true,"href":"https:\/\/www.customeeple.com\/es\/wp-json\/wp\/v2\/product_tag?post=50050"}],"curies":[{"name":"wp","href":"https:\/\/api.w.org\/{rel}","templated":true}]}}