{"id":49126,"date":"2019-11-06T16:56:45","date_gmt":"2019-11-06T15:56:45","guid":{"rendered":"https:\/\/www.customeeple.com\/?post_type=product&#038;p=49126"},"modified":"2019-11-07T20:54:33","modified_gmt":"2019-11-07T19:54:33","slug":"dial-de-heroe-compatible-con-marvel-champions-copy","status":"publish","type":"product","link":"https:\/\/www.customeeple.com\/es\/producto\/dial-de-heroe-compatible-con-marvel-champions-copy\/","title":{"rendered":"Ficha de primer jugador compatible con Marvel Champions"},"content":{"rendered":"<p>Nuestra nueva l\u00ednea de productos te permitir\u00e1 mejorar los componentes de tus juegos de superheroes y experimentar toda la acci\u00f3n de un tebeo.<\/p>\n<p>Esta pieza puede usarse para indicar al primer jugador. Est\u00e1 dise\u00f1ada para imitar un cuadro de texto de un c\u00f3mic.<\/p>\n<p>Este producto se vende pintado y montado, como aparece en la foto.<\/p>\n<p>Este producto encaja a la perfecci\u00f3n con el juego <a href=\"https:\/\/boardgamegeek.com\/boardgame\/285774\/marvel-champions-card-game\"><strong>Marvel Champions.<\/strong><\/a><\/p>\n<div class=\"moreinfo\">\n<p><strong>Material:<\/strong> Metacrilato opaco.<\/p>\n<p><strong>Espesor:<\/strong>\u00a0 6 mm<\/p>\n<p><strong>Tama\u00f1o:<\/strong> 3,5 cm<\/p>\n<p><strong>Cantidad:\u00a0<\/strong>1 unidad<\/p>\n<p><strong>Uso:<\/strong> Perfecto para cualquier juego de Superheroes.<\/p>\n<\/div>\n<p><strong><a href=\"https:\/\/boardgamegeek.com\/boardgame\/285774\/marvel-champions-card-game\">Marvel Champions<\/a> <\/strong>es un juego de \u00a0<a href=\"https:\/\/boardgamegeek.com\/boardgamedesigner\/119800\/michael-boggs\"><b>Michael Boggs<\/b><\/a>\u00a0\u00a0publicado por\u00a0<strong><a href=\"https:\/\/www.fantasyflightgames.com\/en\/index\/\">Fantasy Flight Games<\/a>.<\/strong>\u00a0<strong>Customeeple<\/strong>\u00a0 no mantiene ninguna relaci\u00f3n con esa compa\u00f1\u00eda y este producto no est\u00e1 de ninguna manera patrocinado por ellos.<\/p>\n","protected":false},"excerpt":{"rendered":"<p>Fichas de primer jugador para juegos de super heroes<\/p>\n","protected":false},"featured_media":49223,"template":"","meta":{"_acf_changed":false},"product_brand":[],"product_cat":[1648],"product_tag":[1772],"class_list":{"0":"post-49126","1":"product","2":"type-product","3":"status-publish","4":"has-post-thumbnail","6":"product_cat-marvel-champions-es","7":"product_tag-fantasy-flight-es","9":"first","10":"instock","11":"taxable","12":"shipping-taxable","13":"purchasable","14":"product-type-simple"},"exclude_global_add_ons":[],"addons":[],"acf":[],"_links":{"self":[{"href":"https:\/\/www.customeeple.com\/es\/wp-json\/wp\/v2\/product\/49126","targetHints":{"allow":["GET"]}}],"collection":[{"href":"https:\/\/www.customeeple.com\/es\/wp-json\/wp\/v2\/product"}],"about":[{"href":"https:\/\/www.customeeple.com\/es\/wp-json\/wp\/v2\/types\/product"}],"wp:featuredmedia":[{"embeddable":true,"href":"https:\/\/www.customeeple.com\/es\/wp-json\/wp\/v2\/media\/49223"}],"wp:attachment":[{"href":"https:\/\/www.customeeple.com\/es\/wp-json\/wp\/v2\/media?parent=49126"}],"wp:term":[{"taxonomy":"product_brand","embeddable":true,"href":"https:\/\/www.customeeple.com\/es\/wp-json\/wp\/v2\/product_brand?post=49126"},{"taxonomy":"product_cat","embeddable":true,"href":"https:\/\/www.customeeple.com\/es\/wp-json\/wp\/v2\/product_cat?post=49126"},{"taxonomy":"product_tag","embeddable":true,"href":"https:\/\/www.customeeple.com\/es\/wp-json\/wp\/v2\/product_tag?post=49126"}],"curies":[{"name":"wp","href":"https:\/\/api.w.org\/{rel}","templated":true}]}}