{"id":49014,"date":"2019-11-07T10:23:39","date_gmt":"2019-11-07T09:23:39","guid":{"rendered":"https:\/\/www.customeeple.com\/?post_type=product&#038;p=49014"},"modified":"2019-11-07T20:49:43","modified_gmt":"2019-11-07T19:49:43","slug":"18xx-inserts","status":"publish","type":"product","link":"https:\/\/www.customeeple.com\/es\/producto\/18xx-inserts\/","title":{"rendered":"Bandejas compatibles con 18XX (4 bandejas)"},"content":{"rendered":"<p>Pr\u00e1cticas bandejas para las losetas hexagonales de los juegos 18XX. Con ellas no solo puedes almacenar en la caja todas las losetas ordenadas por tipo, sino que adem\u00e1s puedes desplegarlas durante la partida para facilitar el juego.<\/p>\n<p>El producto contiene 4 bandejas de varias alturas con suficiente espacio para almacenar todas las losetas del juego.<\/p>\n<p>El inserto es compatible con la edici\u00f3n de GMT de <a href=\"https:\/\/www.gmtgames.com\/p-554-1846-the-race-to-the-midwest-1846-1935.aspx\"><strong>1846 Race for the Midwest<\/strong><\/a>, y probablemente ser\u00e1 compatible con los siguientes t\u00edtulos de la serie de la misma editorial. Pronto a\u00f1adiremos nuevos insertos que encajar\u00e1n perfectamente con la caja y las losetas de los juegos de trenes y 18xx m\u00e1s populares.<\/p>\n<div class=\"moreinfo\">\n<p><strong>Material: <\/strong>DM<\/p>\n<p dir=\"ltr\"><strong>Espesor:<\/strong> 2,5 mm<\/p>\n<p dir=\"ltr\"><strong>Tama\u00f1o: <\/strong>21,3 x 14 x 1 \u00f3 2 cm<\/p>\n<p dir=\"ltr\"><strong>Cantidad:<\/strong> 4 bandejas<\/p>\n<p><strong>Uso:<\/strong> Bandeja para losetas hexagonales<\/p>\n<\/div>\n<p><strong>Nota: <\/strong>Este producto se vende sin montar. Necesitar\u00e1s pegamento para montar la piezas.<\/p>\n","protected":false},"excerpt":{"rendered":"<p>Bandejas para juegos de trenes<\/p>\n","protected":false},"featured_media":49047,"template":"","meta":{"_acf_changed":false},"product_brand":[],"product_cat":[1370,1395],"product_tag":[1638,1637,1639,332],"class_list":{"0":"post-49014","1":"product","2":"type-product","3":"status-publish","4":"has-post-thumbnail","6":"product_cat-customeeple-es","7":"product_cat-insertos","8":"product_tag-1846-es","9":"product_tag-18xx-es","10":"product_tag-gmt-es","11":"product_tag-insert-es","13":"first","14":"instock","15":"taxable","16":"shipping-taxable","17":"purchasable","18":"product-type-variable","19":"has-default-attributes"},"exclude_global_add_ons":[],"addons":[],"acf":[],"_links":{"self":[{"href":"https:\/\/www.customeeple.com\/es\/wp-json\/wp\/v2\/product\/49014","targetHints":{"allow":["GET"]}}],"collection":[{"href":"https:\/\/www.customeeple.com\/es\/wp-json\/wp\/v2\/product"}],"about":[{"href":"https:\/\/www.customeeple.com\/es\/wp-json\/wp\/v2\/types\/product"}],"wp:featuredmedia":[{"embeddable":true,"href":"https:\/\/www.customeeple.com\/es\/wp-json\/wp\/v2\/media\/49047"}],"wp:attachment":[{"href":"https:\/\/www.customeeple.com\/es\/wp-json\/wp\/v2\/media?parent=49014"}],"wp:term":[{"taxonomy":"product_brand","embeddable":true,"href":"https:\/\/www.customeeple.com\/es\/wp-json\/wp\/v2\/product_brand?post=49014"},{"taxonomy":"product_cat","embeddable":true,"href":"https:\/\/www.customeeple.com\/es\/wp-json\/wp\/v2\/product_cat?post=49014"},{"taxonomy":"product_tag","embeddable":true,"href":"https:\/\/www.customeeple.com\/es\/wp-json\/wp\/v2\/product_tag?post=49014"}],"curies":[{"name":"wp","href":"https:\/\/api.w.org\/{rel}","templated":true}]}}