{"id":49011,"date":"2020-01-27T12:18:43","date_gmt":"2019-11-05T15:18:44","guid":{"rendered":"https:\/\/www.customeeple.com\/?post_type=product&#038;p=49011"},"modified":"2020-02-14T10:23:28","modified_gmt":"2020-02-14T09:23:28","slug":"inserto-compatible-brass","status":"publish","type":"product","link":"https:\/\/www.customeeple.com\/es\/producto\/inserto-compatible-brass\/","title":{"rendered":"Inserto compatible Brass (29,5 x 29,2 x 5 cm)"},"content":{"rendered":"<p>\u00bfEst\u00e1s cansado de los\u00a0 huecos de aire en las cajas de los juegos? \u00bfjuegos que vienen con insertos que molestan m\u00e1s que organizan? Esta es tu soluci\u00f3n, compra tu propio inserto a medida. Nunca m\u00e1s rodar\u00e1n las piezas por la caja y podr\u00e1s tener organizadas las cartas de un juego.<\/p>\n<p>Nuestro inserto BRI es perfecto para almacenar todos los componentes de juegos como la edici\u00f3n Roxley de <b><a href=\"https:\/\/brassgame.backerkit.com\/hosted_preorders\">Brass<\/a> <\/b>tanto<b><a href=\"https:\/\/brassgame.backerkit.com\/hosted_preorders\"> Birmingham<\/a> <\/b>como <b><a href=\"https:\/\/brassgame.backerkit.com\/hosted_preorders\">Lancashire<\/a> <\/b>Incluye separadores y cajas para las distintas piezas del juego (incluyendo las de cada jugador) e incluso espacio para las cartas enfundadas.<\/p>\n<p><strong>Nota<\/strong>: Calcula que tu caja encaja perfectamente con nuestro inserto, esta pensado para cajas con un interior de <strong>(29,5 x 29,2 x 5 cm)\u00a0<\/strong>Este formato es compatible con muchas cajas en el mercado como por ejemplo <a href=\"https:\/\/brassgame.backerkit.com\/hosted_preorders\"><b>Brass Birmingham o Lancashire<\/b><\/a><a href=\"https:\/\/boardgamegeek.com\/boardgame\/201808\/clank-deck-building-adventure\"><b>\u00a0<\/b><\/a>\u00a0Podemos fabricar f\u00e1cilmente insertos en otros tama\u00f1os, solo<strong>\u00a0<\/strong><strong><a href=\"..\/contact-us\/\">contacta con nosotros<\/a>.<\/strong><\/p>\n<div class=\"moreinfo\">\n<p><strong>Material: <\/strong>DM<\/p>\n<p dir=\"ltr\"><strong>Espesor:<\/strong> 2,5 mm<\/p>\n<p dir=\"ltr\"><strong>Tama\u00f1o:<\/strong> (29,5 x 29,2 x 5 cm)<\/p>\n<p dir=\"ltr\"><strong>Cantidad:<\/strong> 1 inserto<\/p>\n<p><strong>Uso:<\/strong> Divisiones interiores para cajas cuadradas de (29,5 x 29,2 x 5 cm)<\/p>\n<p><strong>Nota:\u00a0<\/strong>Miniaturas y accesorios no incluidos. Este producto se vende sin montar. Necesita pegamento para montar la piezas<\/p>\n<\/div>\n<p><strong><a href=\"https:\/\/boardgamegeek.com\/boardgame\/224517\/brass-birmingham\"><b>Brass Birmingham <\/b><\/a><\/strong>y<strong><a href=\"https:\/\/boardgamegeek.com\/boardgame\/224517\/brass-birmingham\"><b> Lancashire<\/b><\/a> <\/strong>son juegos de <a href=\"https:\/\/boardgamegeek.com\/boardgamedesigner\/6\/martin-wallace\"><strong>Martin Wallace<\/strong><\/a> publicados por <a href=\"http:\/\/roxley.com\/\"><strong>Roxley games<\/strong><\/a><strong>.<\/strong>\u00a0<strong>Customeeple<\/strong>\u00a0no mantiene ninguna relaci\u00f3n con esta compa\u00f1\u00eda y este producto no esta apoyado por ellos de ninguna forma.<\/p>\n","protected":false},"excerpt":{"rendered":"<p>Inserto robusto para tu juego.<\/p>\n","protected":false},"featured_media":49053,"template":"","meta":{"_acf_changed":false},"product_brand":[],"product_cat":[1370,1395],"product_tag":[747,332],"class_list":{"0":"post-49011","1":"product","2":"type-product","3":"status-publish","4":"has-post-thumbnail","6":"product_cat-customeeple-es","7":"product_cat-insertos","8":"product_tag-brass-es","9":"product_tag-insert-es","11":"first","12":"instock","13":"taxable","14":"shipping-taxable","15":"purchasable","16":"product-type-variable"},"exclude_global_add_ons":[],"addons":[],"acf":[],"_links":{"self":[{"href":"https:\/\/www.customeeple.com\/es\/wp-json\/wp\/v2\/product\/49011","targetHints":{"allow":["GET"]}}],"collection":[{"href":"https:\/\/www.customeeple.com\/es\/wp-json\/wp\/v2\/product"}],"about":[{"href":"https:\/\/www.customeeple.com\/es\/wp-json\/wp\/v2\/types\/product"}],"wp:featuredmedia":[{"embeddable":true,"href":"https:\/\/www.customeeple.com\/es\/wp-json\/wp\/v2\/media\/49053"}],"wp:attachment":[{"href":"https:\/\/www.customeeple.com\/es\/wp-json\/wp\/v2\/media?parent=49011"}],"wp:term":[{"taxonomy":"product_brand","embeddable":true,"href":"https:\/\/www.customeeple.com\/es\/wp-json\/wp\/v2\/product_brand?post=49011"},{"taxonomy":"product_cat","embeddable":true,"href":"https:\/\/www.customeeple.com\/es\/wp-json\/wp\/v2\/product_cat?post=49011"},{"taxonomy":"product_tag","embeddable":true,"href":"https:\/\/www.customeeple.com\/es\/wp-json\/wp\/v2\/product_tag?post=49011"}],"curies":[{"name":"wp","href":"https:\/\/api.w.org\/{rel}","templated":true}]}}