{"id":48574,"date":"2019-10-19T11:00:19","date_gmt":"2019-10-15T09:55:20","guid":{"rendered":"https:\/\/www.customeeple.com\/?post_type=product&#038;p=48574"},"modified":"2020-11-07T20:11:22","modified_gmt":"2020-11-07T19:11:22","slug":"salamanders-primaris-upgrades-transfers","status":"publish","type":"product","link":"https:\/\/www.customeeple.com\/es\/producto\/salamanders-primaris-upgrades-transfers\/","title":{"rendered":"Salamanders Primaris Upgrades &#038; Transfers"},"content":{"rendered":"<p>Muestra tu lealtad a los Hijos de Vulkan con este set de mejoras y calcoman\u00edas para sus Primaris Space Marines. Puede usarse para personalizar una variedad de escuadras con iconograf\u00eda y detalles espec\u00edficos del Cap\u00edtulo de los Salamanders.<\/p>\n<p>Este kit contiene 2 matricess, cada una con lo siguiente:<br \/>\n&#8211; 5 hombreras de servoarmadura Mk X de los Salamanders (dise\u00f1adas para usar con Hellblasters\/Intercessors)<br \/>\n&#8211; 1x hombrera de servoarmadura Mk X de los Salamanders (dise\u00f1ada para personajes o sargentos de escuadras Hellblasters\/ Intercessors)<br \/>\n&#8211; 2x hombreras de servoarmadura Gravis (dise\u00f1adas para usar con Agressors)<br \/>\n&#8211; 1x hombrera de servoarmadura Gravis (dise\u00f1ada para personajes o sargentos de escuadras de Agressors)<br \/>\n&#8211; 2x cabeza descubierta del personaje Salamanders (una con respirador)<br \/>\n&#8211; 1x cabeza con casco de Salamanders<br \/>\n&#8211; 1x brazo izquierdo que empu\u00f1a un martillo de trueno<br \/>\n&#8211; 1x brazo derecho con pistola lanzallamas<br \/>\n&#8211; 1x brasero llameante para montar en un generador dorsal<br \/>\n&#8211; 2x objetos que a\u00f1adir a los cinturones de las miniaturas<\/p>\n<p>El set tambi\u00e9n contiene 2 hojas de calcoman\u00edas que incluyen calcoman\u00edas del Cap\u00edtulo, escuadras y veh\u00edculos, as\u00ed como insignias de campa\u00f1a, n\u00fameros de escuadras, distintivos de rango y honor.<\/p>\n","protected":false},"excerpt":{"rendered":"<p>Boardgame.<\/p>\n","protected":false},"featured_media":48724,"template":"","meta":{"_acf_changed":false},"product_brand":[],"product_cat":[1400,1653,1555,1180,1554,1229],"product_tag":[1179],"class_list":{"0":"post-48574","1":"product","2":"type-product","3":"status-publish","4":"has-post-thumbnail","6":"product_cat-fantasia","7":"product_cat-boardgames","8":"product_cat-miniature-games-es","9":"product_cat-retail-products-es","10":"product_cat-wargames-es","11":"product_cat-warhammer-40k-es","12":"product_tag-gamesworkshop-es","14":"first","15":"onbackorder","16":"sale","17":"taxable","18":"shipping-taxable","19":"purchasable","20":"product-type-simple"},"exclude_global_add_ons":[],"addons":[],"acf":[],"_links":{"self":[{"href":"https:\/\/www.customeeple.com\/es\/wp-json\/wp\/v2\/product\/48574","targetHints":{"allow":["GET"]}}],"collection":[{"href":"https:\/\/www.customeeple.com\/es\/wp-json\/wp\/v2\/product"}],"about":[{"href":"https:\/\/www.customeeple.com\/es\/wp-json\/wp\/v2\/types\/product"}],"wp:featuredmedia":[{"embeddable":true,"href":"https:\/\/www.customeeple.com\/es\/wp-json\/wp\/v2\/media\/48724"}],"wp:attachment":[{"href":"https:\/\/www.customeeple.com\/es\/wp-json\/wp\/v2\/media?parent=48574"}],"wp:term":[{"taxonomy":"product_brand","embeddable":true,"href":"https:\/\/www.customeeple.com\/es\/wp-json\/wp\/v2\/product_brand?post=48574"},{"taxonomy":"product_cat","embeddable":true,"href":"https:\/\/www.customeeple.com\/es\/wp-json\/wp\/v2\/product_cat?post=48574"},{"taxonomy":"product_tag","embeddable":true,"href":"https:\/\/www.customeeple.com\/es\/wp-json\/wp\/v2\/product_tag?post=48574"}],"curies":[{"name":"wp","href":"https:\/\/api.w.org\/{rel}","templated":true}]}}