{"id":48570,"date":"2019-10-19T11:00:03","date_gmt":"2019-10-15T09:52:03","guid":{"rendered":"https:\/\/www.customeeple.com\/?post_type=product&#038;p=48570"},"modified":"2020-11-07T20:11:56","modified_gmt":"2020-11-07T19:11:56","slug":"imperial-fists-primaris-upgrades-transfers","status":"publish","type":"product","link":"https:\/\/www.customeeple.com\/es\/producto\/imperial-fists-primaris-upgrades-transfers\/","title":{"rendered":"Imperial Fists Primaris Upgrades &#038; Transfers"},"content":{"rendered":"<p>Muestra tu lealtad a los Hijos de Dorn con este set de actualizaciones y calcoman\u00edas para tus Primaris Space Marines. Puede usarse para actualizar una gran variedad de escuadras con iconograf\u00eda y detalles espec\u00edficos de los cap\u00edtulos Imperial Fists y Crimson Fists.<\/p>\n<p>Este kit contiene 2 matrices, cada una incluye lo siguiente:<br \/>\n&#8211; 5 hombreras Mk X de Imperial Fists (dise\u00f1adas para usar con Hellblasters\/Intercessors)<br \/>\n&#8211; 1x hombrera Mk X de Imperial Fists (dise\u00f1ada para Personajes o Sargentos de escuadras Hellblasters\/Intercessors)<br \/>\n&#8211; 2 hombreras de armadura Gravis de Imperial Fists (dise\u00f1adas para usar con Agressors)<br \/>\n&#8211; 1x hombrera de armadura Gravis de Imperial Fists (dise\u00f1ada para personajes o sargentos de escuadras de Agressors)<br \/>\n&#8211; 2x cabezas descubiertas de Imperial Fists (una con un ojo bi\u00f3nico)<br \/>\n&#8211; 1x cabeza con casco de Imperial Fists<br \/>\n&#8211; 1x brazo izquierdo con pu\u00f1o de combate<br \/>\n&#8211; 1x brazo derecho que empu\u00f1a una pistola b\u00f3lter<br \/>\n&#8211; 1x objetivo para montar en un generador dorsal<br \/>\n&#8211; 1x hombrera<br \/>\n&#8211; 5 adornos de Imperial Fists que pueden a\u00f1adirse al cintur\u00f3n de una miniatura<\/p>\n<p>El set tambi\u00e9n contiene 2 hojas de calcoman\u00edas que incluyen calcoman\u00edas de Cap\u00edtulo, escuadras y veh\u00edculos, as\u00ed como insignias de campa\u00f1a, n\u00fameros de escuadras, insignias de rango y honor.<\/p>\n","protected":false},"excerpt":{"rendered":"<p>Boardgame.<\/p>\n","protected":false},"featured_media":48712,"template":"","meta":{"_acf_changed":false},"product_brand":[],"product_cat":[1400,1653,1555,1180,1554,1229],"product_tag":[1179],"class_list":{"0":"post-48570","1":"product","2":"type-product","3":"status-publish","4":"has-post-thumbnail","6":"product_cat-fantasia","7":"product_cat-boardgames","8":"product_cat-miniature-games-es","9":"product_cat-retail-products-es","10":"product_cat-wargames-es","11":"product_cat-warhammer-40k-es","12":"product_tag-gamesworkshop-es","14":"first","15":"onbackorder","16":"sale","17":"taxable","18":"shipping-taxable","19":"purchasable","20":"product-type-simple"},"exclude_global_add_ons":[],"addons":[],"acf":[],"_links":{"self":[{"href":"https:\/\/www.customeeple.com\/es\/wp-json\/wp\/v2\/product\/48570","targetHints":{"allow":["GET"]}}],"collection":[{"href":"https:\/\/www.customeeple.com\/es\/wp-json\/wp\/v2\/product"}],"about":[{"href":"https:\/\/www.customeeple.com\/es\/wp-json\/wp\/v2\/types\/product"}],"wp:featuredmedia":[{"embeddable":true,"href":"https:\/\/www.customeeple.com\/es\/wp-json\/wp\/v2\/media\/48712"}],"wp:attachment":[{"href":"https:\/\/www.customeeple.com\/es\/wp-json\/wp\/v2\/media?parent=48570"}],"wp:term":[{"taxonomy":"product_brand","embeddable":true,"href":"https:\/\/www.customeeple.com\/es\/wp-json\/wp\/v2\/product_brand?post=48570"},{"taxonomy":"product_cat","embeddable":true,"href":"https:\/\/www.customeeple.com\/es\/wp-json\/wp\/v2\/product_cat?post=48570"},{"taxonomy":"product_tag","embeddable":true,"href":"https:\/\/www.customeeple.com\/es\/wp-json\/wp\/v2\/product_tag?post=48570"}],"curies":[{"name":"wp","href":"https:\/\/api.w.org\/{rel}","templated":true}]}}