{"id":48562,"date":"2019-10-19T11:00:26","date_gmt":"2019-10-15T09:36:27","guid":{"rendered":"https:\/\/www.customeeple.com\/?post_type=product&#038;p=48562"},"modified":"2020-11-07T20:15:48","modified_gmt":"2020-11-07T19:15:48","slug":"datacards-salamanders-eng","status":"publish","type":"product","link":"https:\/\/www.customeeple.com\/es\/producto\/datacards-salamanders-eng\/","title":{"rendered":"Datacards: Salamanders (ENG)"},"content":{"rendered":"<p><strong>Producto en Ingl\u00e9s.<\/strong><\/p>\n<p>Desata la furia justiciera de los Salamanders con estas pr\u00e1cticas tarjetas de referencia. Cada set es ideal para consultar f\u00e1cilmente las reglas, asegur\u00e1ndote de elegir las Estratagemas o poderes ps\u00edquicos para tus batallas.<\/p>\n<p><strong>Este set incluye las tarjetas siguientes:<\/strong><\/p>\n<p>&#8211; 36 objetivos t\u00e1cticos (incluidos 6 espec\u00edficos para Salamanders)<br \/>\n&#8211; 20 Estratagemas<br \/>\n&#8211; 7 poderes ps\u00edquicos (incluidos Desintegraci\u00f3n y los 6 poderes de la disciplina Prometea)<\/p>\n<p>Necesitar\u00e1s un ejemplar del Codex: Space Marines, el suplemento del Codex: Salamanders y el reglamento de Warhammer 40,000 para utilizar estas tarjetas.<\/p>\n","protected":false},"excerpt":{"rendered":"<p>Boardgame.<\/p>\n","protected":false},"featured_media":48722,"template":"","meta":{"_acf_changed":false},"product_brand":[],"product_cat":[1653,1555,1180,1372,1554,1229],"product_tag":[1179],"class_list":{"0":"post-48562","1":"product","2":"type-product","3":"status-publish","4":"has-post-thumbnail","6":"product_cat-boardgames","7":"product_cat-miniature-games-es","8":"product_cat-retail-products-es","9":"product_cat-sci-fi-es","10":"product_cat-wargames-es","11":"product_cat-warhammer-40k-es","12":"product_tag-gamesworkshop-es","14":"first","15":"onbackorder","16":"sale","17":"taxable","18":"shipping-taxable","19":"purchasable","20":"product-type-simple"},"exclude_global_add_ons":[],"addons":[],"acf":[],"_links":{"self":[{"href":"https:\/\/www.customeeple.com\/es\/wp-json\/wp\/v2\/product\/48562","targetHints":{"allow":["GET"]}}],"collection":[{"href":"https:\/\/www.customeeple.com\/es\/wp-json\/wp\/v2\/product"}],"about":[{"href":"https:\/\/www.customeeple.com\/es\/wp-json\/wp\/v2\/types\/product"}],"wp:featuredmedia":[{"embeddable":true,"href":"https:\/\/www.customeeple.com\/es\/wp-json\/wp\/v2\/media\/48722"}],"wp:attachment":[{"href":"https:\/\/www.customeeple.com\/es\/wp-json\/wp\/v2\/media?parent=48562"}],"wp:term":[{"taxonomy":"product_brand","embeddable":true,"href":"https:\/\/www.customeeple.com\/es\/wp-json\/wp\/v2\/product_brand?post=48562"},{"taxonomy":"product_cat","embeddable":true,"href":"https:\/\/www.customeeple.com\/es\/wp-json\/wp\/v2\/product_cat?post=48562"},{"taxonomy":"product_tag","embeddable":true,"href":"https:\/\/www.customeeple.com\/es\/wp-json\/wp\/v2\/product_tag?post=48562"}],"curies":[{"name":"wp","href":"https:\/\/api.w.org\/{rel}","templated":true}]}}