{"id":48516,"date":"2019-10-14T15:26:09","date_gmt":"2019-10-14T13:26:16","guid":{"rendered":"https:\/\/www.customeeple.com\/?post_type=product&#038;p=48516"},"modified":"2019-10-18T15:48:56","modified_gmt":"2019-10-18T13:48:56","slug":"bandeja-organizadora-decorada-para-aristeia-2","status":"publish","type":"product","link":"https:\/\/www.customeeple.com\/es\/producto\/bandeja-organizadora-decorada-para-aristeia-2\/","title":{"rendered":"Bandeja organizadora decorada para Aristeia! (compat. Feldherr)"},"content":{"rendered":"<div class=\"add-top p_collection\">\n<p><strong>Aristeia! es el nuevo juego de deportes de Corvus Belli, un juego de mesa estilo MOBA que permite a dos jugadores asumir el papel de los jefes de equipo en el espect\u00e1culo visual m\u00e1s grandioso de la Esfera Humana.<\/strong><\/p>\n<p>Una variaci\u00f3n decorada de nuestras bandejas organizadoras para <strong><a href=\"https:\/\/aristeiathegame.com\/\">Aristeia!<\/a>\u00a0<\/strong>da a tus partidas un tratamiento deluxe. Ofrecemos 2 dise\u00f1os diferentes. Estas bandejas son un poco m\u00e1s peque\u00f1as que las oficiales para encajar perfectamente en una bolsa de almacenamiento <a href=\"https:\/\/www.feldherr.net\/feldherr-mini\/\"><strong>Feldhert Min Bag.<\/strong><\/a><\/p>\n<p>Los tableros est\u00e1n fabricados pegando una l\u00e1mina decorada a una pieza de metacrilato. La pegatina est\u00e1 impresa en vinilo lo que lo hace extra resistente a ara\u00f1azos o desgastes. Nota: es posible que encuentres zonas m\u00e1s claras o grises en la pegatina pero son inevitables por el proceso de pegado y acaban desapareciendo con el tiempo.<\/p>\n<\/div>\n<div class=\"moreinfo\">\n<p><strong>Material:<\/strong>\u00a0Metacrilato<\/p>\n<p dir=\"ltr\"><strong>Espesor:\u00a0 <\/strong>2<strong>\u00a0<\/strong>mm<\/p>\n<p dir=\"ltr\"><strong>Tama\u00f1o: <\/strong>130 x 260 mm\u00a0<strong><br \/>\n<\/strong><\/p>\n<p dir=\"ltr\"><strong>Cantidad: <\/strong>\u00a01 Unidad<\/p>\n<\/div>\n<div class=\"infopreorder\"><\/div>\n","protected":false},"excerpt":{"rendered":"<p>Bandeja organizadora decorada para tableros Aristeia! compatible con Feldherr.<\/p>\n","protected":false},"featured_media":48423,"template":"","meta":{"_acf_changed":false},"product_brand":[],"product_cat":[1323,1371,1370,1397,1372],"product_tag":[1324],"class_list":{"0":"post-48516","1":"product","2":"type-product","3":"status-publish","4":"has-post-thumbnail","6":"product_cat-aristeia-es","7":"product_cat-aristeia-es-2","8":"product_cat-customeeple-es","9":"product_cat-overlay-es","10":"product_cat-sci-fi-es","11":"product_tag-aristeia-es","13":"first","14":"instock","15":"taxable","16":"shipping-taxable","17":"purchasable","18":"product-type-variable"},"exclude_global_add_ons":[],"addons":[],"acf":[],"_links":{"self":[{"href":"https:\/\/www.customeeple.com\/es\/wp-json\/wp\/v2\/product\/48516","targetHints":{"allow":["GET"]}}],"collection":[{"href":"https:\/\/www.customeeple.com\/es\/wp-json\/wp\/v2\/product"}],"about":[{"href":"https:\/\/www.customeeple.com\/es\/wp-json\/wp\/v2\/types\/product"}],"wp:featuredmedia":[{"embeddable":true,"href":"https:\/\/www.customeeple.com\/es\/wp-json\/wp\/v2\/media\/48423"}],"wp:attachment":[{"href":"https:\/\/www.customeeple.com\/es\/wp-json\/wp\/v2\/media?parent=48516"}],"wp:term":[{"taxonomy":"product_brand","embeddable":true,"href":"https:\/\/www.customeeple.com\/es\/wp-json\/wp\/v2\/product_brand?post=48516"},{"taxonomy":"product_cat","embeddable":true,"href":"https:\/\/www.customeeple.com\/es\/wp-json\/wp\/v2\/product_cat?post=48516"},{"taxonomy":"product_tag","embeddable":true,"href":"https:\/\/www.customeeple.com\/es\/wp-json\/wp\/v2\/product_tag?post=48516"}],"curies":[{"name":"wp","href":"https:\/\/api.w.org\/{rel}","templated":true}]}}