{"id":48469,"date":"2019-10-11T11:26:02","date_gmt":"2019-10-11T09:26:04","guid":{"rendered":"https:\/\/www.customeeple.com\/?post_type=product&#038;p=48469"},"modified":"2019-10-21T13:05:12","modified_gmt":"2019-10-21T11:05:12","slug":"inserto-para-tablero-compatible-imperial-assault285-x-285-cm","status":"publish","type":"product","link":"https:\/\/www.customeeple.com\/es\/producto\/inserto-para-tablero-compatible-imperial-assault285-x-285-cm\/","title":{"rendered":"Inserto para tablero compatible Imperial Assault(28,5 x 28,5 cm)"},"content":{"rendered":"<div class=\"tlid-input input\">\n<div class=\"source-wrap\">\n<div class=\"input-full-height-wrapper tlid-input-full-height-wrapper\">\n<div class=\"source-input\">\n<div class=\"source-footer-wrap source-or-target-footer\">\n<div class=\"character-count tlid-character-count\">\n<div class=\"cc-ctr normal\"><span title=\"\">El inserto separa las cajas en 7 espacios perfectos para almacenar separadas las piezas habitaciones y pasillos de un juego.<\/span> <span class=\"\" title=\"\">Este formato es compatible con muchas cajas de juegos en el mercado, pero es perfecto para almacenar los tableros de juego de una expansi\u00f3n de <strong>Imperial Assault<\/strong>.<\/span> <span class=\"\" title=\"\">Tiene imanes para que pueda usar m\u00e1s de 1 inserto en la misma caja y se peguen entre ellos y l<\/span><span class=\"\" title=\"\">a tapa de acr\u00edlico cubre el inserto y lo cierra con imanes para evitar que se desordene.<\/span><\/div>\n<div><\/div>\n<div class=\"cc-ctr normal\"><strong>Nota:<\/strong> Comprueba que tu caja de juego tenga espacio suficiente para este inserto de juego (tama\u00f1o interior de caja 28,5 x 28,5 cm). La tapa transparente se sirve sin grabar, la imagen es usada es de un trabajo personalizado. Se puede construir insertos de otros tama\u00f1os bajo pedido <a href=\"..\/contact-us\/\"><strong>Contacta con nosotros<\/strong><\/a><\/div>\n<\/div>\n<\/div>\n<\/div>\n<\/div>\n<\/div>\n<\/div>\n<div class=\"moreinfo\">\n<p><strong>Material: <\/strong>DM<\/p>\n<p dir=\"ltr\"><strong>Espesor:<\/strong> 2,5 mm<\/p>\n<p dir=\"ltr\"><strong>Tama\u00f1o:<\/strong>\u00a028,8\u00a0x 28,8\u00a0x 6,5 cm.<\/p>\n<p dir=\"ltr\"><strong>Cantidad:<\/strong> 1 inserto con 7 espacios<\/p>\n<\/div>\n<p><b>Imperial Assault <\/b>es un juego publicado por\u00a0<strong><a href=\"http:\/\/boardgamegeek.com\/boardgamepublisher\/2973\/edge-entertainment\" target=\"_blank\" rel=\"noopener noreferrer\">Edge Entertainment\u00a0<\/a>Customeeple<\/strong>\u00a0no esta asociada con esta compa\u00f1\u00eda y este producto no est\u00e1 de ninguna manera apoyado por ella.<\/p>\n","protected":false},"excerpt":{"rendered":"<p>Un resistente inserto pensado para cajas de 30&#215;30 cm<\/p>\n","protected":false},"featured_media":48451,"template":"","meta":{"_acf_changed":false},"product_brand":[],"product_cat":[1370,1395,1409],"product_tag":[650,332],"class_list":{"0":"post-48469","1":"product","2":"type-product","3":"status-publish","4":"has-post-thumbnail","6":"product_cat-customeeple-es","7":"product_cat-insertos","8":"product_cat-star-wars-imperial-assault-es","9":"product_tag-android-netrunner-es-2","10":"product_tag-insert-es","12":"first","13":"instock","14":"taxable","15":"shipping-taxable","16":"purchasable","17":"product-type-variable"},"exclude_global_add_ons":false,"addons":[{"name":"Logo Personalizado (solo para \"inserto+tapa\")","type":"heading","position":0,"required":false,"title_format":"label","default":"","description_enable":true,"description":"Coste adicional: 3.50\u20ac","placeholder_enable":false,"placeholder":"","display":"select","restrictions_type":"any_text","adjust_price":false,"price":"","price_type":"","restrictions":false,"min":"0","max":"0","options":[]},{"name":"Logo Personalizado (solo para \"inserto+tapa\")","type":"file_upload","position":0,"required":false,"title_format":"hide","default":"","description_enable":false,"description":"","placeholder_enable":false,"placeholder":"","display":"select","restrictions_type":"","adjust_price":true,"price":"3.5","price_type":"quantity_based","restrictions":false,"min":"","max":"","options":[]}],"acf":[],"_links":{"self":[{"href":"https:\/\/www.customeeple.com\/es\/wp-json\/wp\/v2\/product\/48469","targetHints":{"allow":["GET"]}}],"collection":[{"href":"https:\/\/www.customeeple.com\/es\/wp-json\/wp\/v2\/product"}],"about":[{"href":"https:\/\/www.customeeple.com\/es\/wp-json\/wp\/v2\/types\/product"}],"wp:featuredmedia":[{"embeddable":true,"href":"https:\/\/www.customeeple.com\/es\/wp-json\/wp\/v2\/media\/48451"}],"wp:attachment":[{"href":"https:\/\/www.customeeple.com\/es\/wp-json\/wp\/v2\/media?parent=48469"}],"wp:term":[{"taxonomy":"product_brand","embeddable":true,"href":"https:\/\/www.customeeple.com\/es\/wp-json\/wp\/v2\/product_brand?post=48469"},{"taxonomy":"product_cat","embeddable":true,"href":"https:\/\/www.customeeple.com\/es\/wp-json\/wp\/v2\/product_cat?post=48469"},{"taxonomy":"product_tag","embeddable":true,"href":"https:\/\/www.customeeple.com\/es\/wp-json\/wp\/v2\/product_tag?post=48469"}],"curies":[{"name":"wp","href":"https:\/\/api.w.org\/{rel}","templated":true}]}}