{"id":4827,"date":"2013-11-19T11:04:49","date_gmt":"2013-11-19T10:04:49","guid":{"rendered":"http:\/\/www.customeeple.com\/product\/torre-de-dados-para-infinity\/"},"modified":"2017-03-27T10:07:45","modified_gmt":"2017-03-27T08:07:45","slug":"torre-de-dados-para-infinity","status":"publish","type":"product","link":"https:\/\/www.customeeple.com\/es\/producto\/torre-de-dados-para-infinity\/","title":{"rendered":"Torre de dados para Infinity"},"content":{"rendered":"<p>Esta torre especial esta dise\u00f1ada para ser usada en tus partidas de\u00a0<strong><a href=\"http:\/\/www.infinitythegame.com\/infinity\/en\"> Infinity<\/a><\/strong>. Es en parte un accesorio y en parte escenograf\u00eda ya que aparenta ser una edificio futurista.<\/p>\n<p>F\u00e1cilmente puede ser incluida en tus campos de batalla como escenograf\u00eda: como cobertura, base personal&#8230; el dise\u00f1o contiene puertas y consolas de ordenadores para que puedas incluirlas en tus misiones. Ah y por supuesto \u00a1tambi\u00e9n vale para tirar dados!<\/p>\n<p>Todas nuestras fichas est\u00e1n dise\u00f1adas en colaboraci\u00f3n con <strong><a href=\"http:\/\/www.corvusbelli.com\/\">Corvus Belli<\/a><\/strong> para ser totalmente compatibles con <a href=\"http:\/\/infinitythegame.com\/\" target=\"_blank\"><strong>Infinity the game\u00a0<\/strong><\/a><strong><a href=\"http:\/\/www.infinitythegame.com\/infinity\/en\"><br \/>\n<\/a><\/strong><\/p>\n<p>Advertencia: El producto se vende sin montar y las fotos son solo sugerencias de presentaci\u00f3n, puedes a\u00f1adir los extras de la manera que prefieras.<\/p>\n<p>&nbsp;<\/p>\n<div class=\"moreinfo\">\n<p><strong>Material: <\/strong>DM<\/p>\n<p dir=\"ltr\"><strong>Espesor:<\/strong> 2,5 mm<\/p>\n<p dir=\"ltr\"><strong>Tama\u00f1o: <\/strong>12cm altura, 8 ancho, 14,5cm profundidad<strong><br \/>\n<\/strong><\/p>\n<p dir=\"ltr\"><strong>Cantidad:<\/strong> 1 torre de dados con extras decorativos (Dos consolas y varios salientes)<\/p>\n<p><strong>Uso:<\/strong> Como torre de dados y parte de tu escenograf\u00eda<\/p>\n<\/div>\n<p><b>Nota:<\/b> Miniaturas no incluidas<\/p>\n","protected":false},"excerpt":{"rendered":"<p>Una torre de dados futurista dise\u00f1ada para <strong><a href=\"http:\/\/www.infinitythegame.com\/infinity\/en\">Infinity the game<\/a><\/strong><\/p>\n","protected":false},"featured_media":4957,"template":"","meta":{"_acf_changed":false},"product_brand":[],"product_cat":[191,1370,1392,346,291,1394],"product_tag":[151,306],"class_list":{"0":"post-4827","1":"product","2":"type-product","3":"status-publish","4":"has-post-thumbnail","6":"product_cat-accesorios","7":"product_cat-customeeple-es","8":"product_cat-dados","9":"product_cat-escenografia","10":"product_cat-infinity-es-2","11":"product_cat-infinity-es","12":"product_tag-infinity-es","13":"product_tag-infinity-the-game-es-2","15":"first","16":"instock","17":"sale","18":"taxable","19":"shipping-taxable","20":"purchasable","21":"product-type-simple"},"exclude_global_add_ons":[],"addons":[],"acf":[],"_links":{"self":[{"href":"https:\/\/www.customeeple.com\/es\/wp-json\/wp\/v2\/product\/4827","targetHints":{"allow":["GET"]}}],"collection":[{"href":"https:\/\/www.customeeple.com\/es\/wp-json\/wp\/v2\/product"}],"about":[{"href":"https:\/\/www.customeeple.com\/es\/wp-json\/wp\/v2\/types\/product"}],"wp:featuredmedia":[{"embeddable":true,"href":"https:\/\/www.customeeple.com\/es\/wp-json\/wp\/v2\/media\/4957"}],"wp:attachment":[{"href":"https:\/\/www.customeeple.com\/es\/wp-json\/wp\/v2\/media?parent=4827"}],"wp:term":[{"taxonomy":"product_brand","embeddable":true,"href":"https:\/\/www.customeeple.com\/es\/wp-json\/wp\/v2\/product_brand?post=4827"},{"taxonomy":"product_cat","embeddable":true,"href":"https:\/\/www.customeeple.com\/es\/wp-json\/wp\/v2\/product_cat?post=4827"},{"taxonomy":"product_tag","embeddable":true,"href":"https:\/\/www.customeeple.com\/es\/wp-json\/wp\/v2\/product_tag?post=4827"}],"curies":[{"name":"wp","href":"https:\/\/api.w.org\/{rel}","templated":true}]}}