{"id":4780,"date":"2013-11-15T16:35:01","date_gmt":"2013-11-15T15:35:01","guid":{"rendered":"http:\/\/www.customeeple.com\/product\/siluetas-de-camuflaje-e-combinado-5-unidades\/"},"modified":"2020-01-09T10:40:37","modified_gmt":"2020-01-09T09:40:37","slug":"siluetas-de-camuflaje-e-combinado-5-unidades","status":"publish","type":"product","link":"https:\/\/www.customeeple.com\/es\/producto\/siluetas-de-camuflaje-e-combinado-5-unidades\/","title":{"rendered":"Siluetas de Camuflaje E.Combinado (5 uds)"},"content":{"rendered":"<p>Nuestras siluetas de camuflajes oficiales para <strong>\u00a0Infinity <\/strong>est\u00e1n pensadas para ser empleadas con las miniaturas de <a href=\"http:\/\/www.infinitythegame.com\/infinity\/es\/\"><strong>Infinity the game <\/strong><\/a>que pueden ocultarse dejando solo una lectura de radar. Estas siluetas est\u00e1n fabricadas para representar varias miniaturas camufladas de la facci\u00f3n <a href=\"http:\/\/www.infinitythegame.com\/infinity\/es\/category\/ca\/\"><strong>Ej\u00e9rcito Combinado<\/strong><\/a><strong>:<\/strong> <a href=\"http:\/\/www.infinitythegame.com\/infinity\/es\/2011\/miniatures\/the-shrouded\/\">los amortajados<\/a>,\u00a0<a href=\"http:\/\/www.infinitythegame.com\/infinity\/es\/2013\/miniatures\/sabotage-and-destruction-unit-caliban\/\">Caliban<\/a>, <a href=\"http:\/\/www.infinitythegame.com\/infinity\/es\/2011\/miniatures\/shasvastii-tactical-domain-special-wing-noctifers\/\">Noctiferos<\/a>&#8230; Son de su misma altura para que no tengas que cambiar el marcador, pero recuerda que cada silueta especifica no tiene por que substituir a la miniatura que representa. Una forma simp\u00e1tica de enga\u00f1ar a tu oponente.Este producto viene con cinco bases de <a href=\"http:\/\/www.infinitythegame.com\/infinity\/es\/\"><strong>Infinity <\/strong><\/a>para usar con las siluetas (las piezas vienen sin montar)<\/p>\n<p>Todas nuestras fichas est\u00e1n dise\u00f1adas en colaboraci\u00f3n con <strong><a href=\"http:\/\/www.corvusbelli.com\/\">Corvus Belli<\/a><\/strong> para ser totalmente compatibles con <a href=\"http:\/\/infinitythegame.com\/\" target=\"_blank\" rel=\"noopener noreferrer\"><strong>Infinity the game\u00a0<\/strong><\/a><\/p>\n<div class=\"moreinfo\"><strong>Material:<\/strong> Metacrilato verde fluorescente<\/div>\n<div class=\"moreinfo\"><strong>Espesor:<\/strong>\u00a03 mm<\/div>\n<div class=\"moreinfo\"><strong>Tama\u00f1o:<\/strong> Varia seg\u00fan la miniatura que intenta representar<\/div>\n<div class=\"moreinfo\"><strong>Cantidad:<\/strong> 5 siluetas<br \/>\n<strong>Uso:<\/strong> Para marcar miniaturas ocultas en<a href=\"http:\/\/www.infinitythegame.com\/infinity\/es\/\"> <strong>Infinity the game<\/strong><\/a><\/div>\n<div class=\"infopreorder\"><strong>Nota:<\/strong> Los colores de las piezas de metacrilato pueden variar ligeramente de los mostrados en la foto<\/div>\n","protected":false},"excerpt":{"rendered":"<div>\n<p>Siluetas para miniaturas ocultas de la facci\u00f3n<b>\u00a0<a href=\"http:\/\/www.infinitythegame.com\/infinity\/es\/facciones\/\"><strong>Ej\u00e9rcito Combinado<\/strong><\/a><\/b> de <a href=\"http:\/\/www.infinitythegame.com\/infinity\/es\/\"><b>Infinity the game<\/b><\/a><\/p>\n<\/div>\n","protected":false},"featured_media":4594,"template":"","meta":{"_acf_changed":false},"product_brand":[],"product_cat":[291,347,78,345],"product_tag":[151,306],"class_list":{"0":"post-4780","1":"product","2":"type-product","3":"status-publish","4":"has-post-thumbnail","6":"product_cat-infinity-es-2","7":"product_cat-marcadores-es","8":"product_cat-meeple-2","9":"product_cat-siluetas","10":"product_tag-infinity-es","11":"product_tag-infinity-the-game-es-2","13":"first","14":"instock","15":"taxable","16":"shipping-taxable","17":"purchasable","18":"product-type-simple"},"exclude_global_add_ons":[],"addons":[],"acf":[],"_links":{"self":[{"href":"https:\/\/www.customeeple.com\/es\/wp-json\/wp\/v2\/product\/4780","targetHints":{"allow":["GET"]}}],"collection":[{"href":"https:\/\/www.customeeple.com\/es\/wp-json\/wp\/v2\/product"}],"about":[{"href":"https:\/\/www.customeeple.com\/es\/wp-json\/wp\/v2\/types\/product"}],"wp:featuredmedia":[{"embeddable":true,"href":"https:\/\/www.customeeple.com\/es\/wp-json\/wp\/v2\/media\/4594"}],"wp:attachment":[{"href":"https:\/\/www.customeeple.com\/es\/wp-json\/wp\/v2\/media?parent=4780"}],"wp:term":[{"taxonomy":"product_brand","embeddable":true,"href":"https:\/\/www.customeeple.com\/es\/wp-json\/wp\/v2\/product_brand?post=4780"},{"taxonomy":"product_cat","embeddable":true,"href":"https:\/\/www.customeeple.com\/es\/wp-json\/wp\/v2\/product_cat?post=4780"},{"taxonomy":"product_tag","embeddable":true,"href":"https:\/\/www.customeeple.com\/es\/wp-json\/wp\/v2\/product_tag?post=4780"}],"curies":[{"name":"wp","href":"https:\/\/api.w.org\/{rel}","templated":true}]}}