{"id":4778,"date":"2015-05-05T13:05:35","date_gmt":"2013-11-15T15:01:35","guid":{"rendered":"http:\/\/www.customeeple.com\/product\/siluetas-de-camuflaje-ariadna-5-unidades\/"},"modified":"2020-02-21T10:57:33","modified_gmt":"2020-02-21T09:57:33","slug":"siluetas-de-camuflaje-ariadna-5-unidades","status":"publish","type":"product","link":"https:\/\/www.customeeple.com\/es\/producto\/siluetas-de-camuflaje-ariadna-5-unidades\/","title":{"rendered":"Siluetas de Camuflaje Ariadna (5 uds)"},"content":{"rendered":"<p>Nuestras siluetas de camuflajes oficiales para <strong>\u00a0<a href=\"http:\/\/www.infinitythegame.com\/infinity\/es\/\">Infinity <\/a><\/strong>est\u00e1n pensadas para ser empleadas con las miniaturas de <a href=\"http:\/\/www.infinitythegame.com\/infinity\/es\/\"><strong>Infinity the game <\/strong><\/a>que pueden ocultarse dejando solo una lectura de radar.<\/p>\n<p>Estas siluetas est\u00e1n fabricadas para representar varias miniaturas camufladas de la facci\u00f3n <strong><a href=\"http:\/\/www.infinitythegame.com\/infinity\/es\/category\/ariadna\/\">Ariadna<\/a>.\u00a0<\/strong>Son de su misma altura para que no tengas que cambiar el marcador, pero recuerda que cada silueta especifica no tiene por que substituir a la miniatura que representa. Una forma simp\u00e1tica de enga\u00f1ar a tu oponente.<\/p>\n<p>Este producto viene con cinco bases de metacrilato para usar con las siluetas (las piezas vienen sin montar)<\/p>\n<div class=\"infopreorder\">\n<p>Puedes comprar esta producto en nuestras dos versiones, cada una con siluetas diferentes.<\/p>\n<ul>\n<li>Versi\u00f3n uno : <strong>Tankhunter autocannon, Foxtrot ranger sniper, Chasseur ADHL, SAS boarding shotgun, Antipoda&#8230;<\/strong><\/li>\n<li>Version dos : <strong>Uxia shgotgun, SAS chain rifle, Scott guard twin SMG, Scott Guard Molotok, Chasseur rifle<\/strong><\/li>\n<\/ul>\n<\/div>\n<p>&nbsp;<\/p>\n<p>Todas nuestras fichas est\u00e1n dise\u00f1adas en colaboraci\u00f3n con<strong> <strong><a href=\"http:\/\/www.corvusbelli.com\/\">Corvus Belli<\/a><\/strong> <\/strong>para ser totalmente compatibles con<strong> <a href=\"http:\/\/infinitythegame.com\/\" target=\"_blank\" rel=\"noopener noreferrer\"><strong>Infinity the game\u00a0<\/strong><\/a><\/strong><\/p>\n<div class=\"moreinfo\">\n<p><strong>Material:<\/strong> Metacrilato verde fluorescente<\/p>\n<p><strong>Espesor:<\/strong>\u00a03 mm<\/p>\n<p><strong>Tama\u00f1o:<\/strong> Varia seg\u00fan la miniatura que intenta representar<\/p>\n<p><strong>Cantidad:<\/strong> 5 siluetas<\/p>\n<p><strong>Uso:<\/strong> Para marcar miniaturas ocultas en <a href=\"http:\/\/www.infinitythegame.com\/infinity\/es\/\"><strong>Infinity the game<\/strong><\/a><\/p>\n<\/div>\n","protected":false},"excerpt":{"rendered":"<div>\n<p>Siluetas para miniaturas ocultas de la facci\u00f3n <a href=\"http:\/\/www.infinitythegame.com\/infinity\/es\/category\/ariadna\/\"><strong>Ariadna<\/strong><b><\/b> <\/a>de<a href=\"http:\/\/www.infinitythegame.com\/infinity\/es\/\"> <b>Infinity the game<\/b><\/a><\/p>\n<\/div>\n","protected":false},"featured_media":12310,"template":"","meta":{"_acf_changed":false},"product_brand":[],"product_cat":[291,347,78,345],"product_tag":[151,306],"class_list":{"0":"post-4778","1":"product","2":"type-product","3":"status-publish","4":"has-post-thumbnail","6":"product_cat-infinity-es-2","7":"product_cat-marcadores-es","8":"product_cat-meeple-2","9":"product_cat-siluetas","10":"product_tag-infinity-es","11":"product_tag-infinity-the-game-es-2","13":"first","14":"instock","15":"taxable","16":"shipping-taxable","17":"purchasable","18":"product-type-variable"},"exclude_global_add_ons":[],"addons":[],"acf":[],"_links":{"self":[{"href":"https:\/\/www.customeeple.com\/es\/wp-json\/wp\/v2\/product\/4778","targetHints":{"allow":["GET"]}}],"collection":[{"href":"https:\/\/www.customeeple.com\/es\/wp-json\/wp\/v2\/product"}],"about":[{"href":"https:\/\/www.customeeple.com\/es\/wp-json\/wp\/v2\/types\/product"}],"wp:featuredmedia":[{"embeddable":true,"href":"https:\/\/www.customeeple.com\/es\/wp-json\/wp\/v2\/media\/12310"}],"wp:attachment":[{"href":"https:\/\/www.customeeple.com\/es\/wp-json\/wp\/v2\/media?parent=4778"}],"wp:term":[{"taxonomy":"product_brand","embeddable":true,"href":"https:\/\/www.customeeple.com\/es\/wp-json\/wp\/v2\/product_brand?post=4778"},{"taxonomy":"product_cat","embeddable":true,"href":"https:\/\/www.customeeple.com\/es\/wp-json\/wp\/v2\/product_cat?post=4778"},{"taxonomy":"product_tag","embeddable":true,"href":"https:\/\/www.customeeple.com\/es\/wp-json\/wp\/v2\/product_tag?post=4778"}],"curies":[{"name":"wp","href":"https:\/\/api.w.org\/{rel}","templated":true}]}}