{"id":4774,"date":"2013-11-14T21:34:33","date_gmt":"2013-11-14T19:34:33","guid":{"rendered":"http:\/\/www.customeeple.com\/product\/holoecos-yaoxie-lu-dua-2-unidades\/"},"modified":"2017-07-27T20:38:32","modified_gmt":"2017-07-27T18:38:32","slug":"holoecos-yaoxie-lu-dua-2-unidades","status":"publish","type":"product","link":"https:\/\/www.customeeple.com\/es\/producto\/holoecos-yaoxie-lu-dua-2-unidades\/","title":{"rendered":"Holoecos Y\u00e0oxie l\u00f9 duan"},"content":{"rendered":"<p>Nuestras siluetas de holoecos oficiales est\u00e1n dise\u00f1adas para ser empleadas con las miniaturas de <a href=\"http:\/\/www.infinitythegame.com\/infinity\/es\"><strong>Infinity<\/strong><\/a> con el poder de la Holoproyecci\u00f3n. Todas las piezas son de metacrilato fluorescente y puedes usarlas para representar las resonancias falsas de las miniaturas \u00bfCual ser\u00e1 la verdadera?<\/p>\n<p>Estas siluetas est\u00e1n fabricadas bas\u00e1ndose en la la miniatura\u00a0<a href=\"http:\/\/www.infinitythegame.com\/infinity\/es\/2012\/miniatures\/yaoxie-rui-shi-lu-duan\/\"><strong>Y\u00e0oxie l\u00f9 duan<\/strong><\/a> de la facci\u00f3n <a href=\"http:\/\/www.infinitythegame.com\/infinity\/es\/category\/yujing\/\"><strong>Yu Jing <\/strong><\/a>siendo<strong>\u00a0<\/strong> de la misma altura y contorno. Adem\u00e1s tienen n\u00fameros grabados\u00a0 para poder saber a cual de los objetivos est\u00e1 disparando el enemigo. Los holecos incluyen bases a tu elecci\u00f3n entre 40mm 0 55 mm. Puedes escoger las bases de tus holoecos para que sean iguales a la de tu miniatura original. Las piezas vienen sin montar.<\/p>\n<p>Todas nuestras fichas est\u00e1n dise\u00f1adas en colaboraci\u00f3n con <strong><a href=\"http:\/\/www.corvusbelli.com\/\">Corvus Belli<\/a><\/strong> para ser totalmente compatibles con <a href=\"http:\/\/infinitythegame.com\/\" target=\"_blank\" rel=\"noopener\"><strong>Infinity the game\u00a0<\/strong><\/a><\/p>\n<div class=\"moreinfo\"><strong>Material:<\/strong> Metacrilato naranja fluorescente<br \/>\n<strong>Espesor<\/strong>: 3 mm<br \/>\n<strong>Tama\u00f1o:\u00a0<\/strong>Dise\u00f1ados para ser\u00a0 del mismo tama\u00f1o que la miniatura que representan<br \/>\n<strong>Cantidad:<\/strong> 1-3 siluetas y \u00a0bases de<a href=\"http:\/\/www.infinitythegame.com\/infinity\/es\"><strong> Infinity<\/strong><\/a><br \/>\n<strong>Uso: <\/strong>Para representar holoecos (se\u00f1uelos) en tus miniaturas de<a href=\"http:\/\/www.infinitythegame.com\/infinity\/es\"><strong> Infinity<\/strong><\/a><\/div>\n<p>&nbsp;<\/p>\n<div class=\"infopreorder\"><strong>Nota:<\/strong> Los colores de las piezas de metacrilato pueden variar ligeramente de los mostrados en la foto <strong>Nota<\/strong>: Miniaturas no incluidas<\/div>\n","protected":false},"excerpt":{"rendered":"<p>Siluetas de Holoecos para la miniatura <a href=\"http:\/\/www.infinitythegame.com\/infinity\/es\/2012\/miniatures\/yaoxie-rui-shi-lu-duan\/\"><strong>Y\u00e0oxi\u00e8 l\u00f9 duan<\/strong><\/a> de <a href=\"http:\/\/www.infinitythegame.com\/infinity\/es\"><strong>Infinity the game<\/strong><\/a><\/p>\n","protected":false},"featured_media":4940,"template":"","meta":{"_acf_changed":false},"product_brand":[],"product_cat":[291,347,78,345],"product_tag":[151,306],"class_list":{"0":"post-4774","1":"product","2":"type-product","3":"status-publish","4":"has-post-thumbnail","6":"product_cat-infinity-es-2","7":"product_cat-marcadores-es","8":"product_cat-meeple-2","9":"product_cat-siluetas","10":"product_tag-infinity-es","11":"product_tag-infinity-the-game-es-2","13":"first","14":"instock","15":"taxable","16":"shipping-taxable","17":"product-type-variable"},"exclude_global_add_ons":[],"addons":[],"acf":[],"_links":{"self":[{"href":"https:\/\/www.customeeple.com\/es\/wp-json\/wp\/v2\/product\/4774","targetHints":{"allow":["GET"]}}],"collection":[{"href":"https:\/\/www.customeeple.com\/es\/wp-json\/wp\/v2\/product"}],"about":[{"href":"https:\/\/www.customeeple.com\/es\/wp-json\/wp\/v2\/types\/product"}],"wp:featuredmedia":[{"embeddable":true,"href":"https:\/\/www.customeeple.com\/es\/wp-json\/wp\/v2\/media\/4940"}],"wp:attachment":[{"href":"https:\/\/www.customeeple.com\/es\/wp-json\/wp\/v2\/media?parent=4774"}],"wp:term":[{"taxonomy":"product_brand","embeddable":true,"href":"https:\/\/www.customeeple.com\/es\/wp-json\/wp\/v2\/product_brand?post=4774"},{"taxonomy":"product_cat","embeddable":true,"href":"https:\/\/www.customeeple.com\/es\/wp-json\/wp\/v2\/product_cat?post=4774"},{"taxonomy":"product_tag","embeddable":true,"href":"https:\/\/www.customeeple.com\/es\/wp-json\/wp\/v2\/product_tag?post=4774"}],"curies":[{"name":"wp","href":"https:\/\/api.w.org\/{rel}","templated":true}]}}