{"id":4770,"date":"2016-05-24T05:20:30","date_gmt":"2013-11-14T18:02:30","guid":{"rendered":"http:\/\/www.customeeple.com\/product\/holoecos-bashi-bazouks-2-unidades\/"},"modified":"2020-01-09T11:14:06","modified_gmt":"2020-01-09T10:14:06","slug":"holoecos-bashi-bazouks-2-unidades","status":"publish","type":"product","link":"https:\/\/www.customeeple.com\/es\/producto\/holoecos-bashi-bazouks-2-unidades\/","title":{"rendered":"Holoecos Bashi Bazouks"},"content":{"rendered":"<p>Nuestras siluetas de holoecos oficiales est\u00e1n dise\u00f1adas para ser empleadas con las miniaturas de <a href=\"http:\/\/www.infinitythegame.com\/infinity\/es\/\"><strong>Infinity<\/strong> <\/a>con el poder de la Holoproyecci\u00f3n. Todas las piezas son de metacrilato fluorescente y puedes usarlas para representar las resonancias falsas de las miniaturas \u00bfCual ser\u00e1 la verdadera?<\/p>\n<p>Estas siluetas est\u00e1n fabricadas bas\u00e1ndose en la la miniatura <a href=\"http:\/\/www.infinitythegame.com\/infinity\/es\/2011\/miniatures\/bashi-bazouks-2\/\"><strong>Bashi Bazouks<\/strong><\/a> de la facci\u00f3n\u00a0<a href=\"http:\/\/www.infinitythegame.com\/infinity\/es\/category\/haqq\/\"><strong>Haqqislam<\/strong><\/a> siendo<strong>\u00a0<\/strong> de la misma altura y contorno. Adem\u00e1s tienen n\u00fameros grabados\u00a0 para poder saber a cual de los objetivos est\u00e1 disparando el enemigo.<\/p>\n<p>Este producto viene con bases de metacrilato para ser usadas con las siluetas (las piezas vienen sin montar)<\/p>\n<p>Todas nuestras fichas est\u00e1n dise\u00f1adas en colaboraci\u00f3n con <strong><a href=\"http:\/\/www.corvusbelli.com\/\">Corvus Belli<\/a><\/strong> para ser totalmente compatibles con <a href=\"http:\/\/infinitythegame.com\/\" target=\"_blank\" rel=\"noopener noreferrer\"><strong>Infinity the game\u00a0<\/strong><\/a><\/p>\n<div class=\"moreinfo\"><strong>Material:<\/strong> Metacrilato verde fluorescente<br \/>\n<strong>Espesor:<\/strong> 3 mm<br \/>\n<strong>Tama\u00f1o:<\/strong> Dise\u00f1ados para ser aproximadamente del mismo tama\u00f1o que la miniatura que representa<br \/>\n<strong>Cantidad:<\/strong> 1-3 siluetas<br \/>\n<strong>Uso: <\/strong>Para representar holoecos (se\u00f1uelos) en tus miniaturas de<a href=\"http:\/\/www.infinitythegame.com\/infinity\/es\/\"><strong> Infinity<\/strong><\/a><\/div>\n<div class=\"infopreorder\"><strong>Nota:<\/strong> Los colores de las piezas de metacrilato pueden variar ligeramente de los mostrados en la foto\u00a0<strong>Nota:<\/strong> Miniaturas no incluidas<\/div>\n","protected":false},"excerpt":{"rendered":"<p>Siluetas de Holoecos de la miniatura <a href=\"http:\/\/www.infinitythegame.com\/infinity\/es\/2011\/miniatures\/bashi-bazouks-2\/\"><strong>Bashi Bazouks<\/strong><\/a> de <a href=\"http:\/\/www.infinitythegame.com\/infinity\/es\/\"><strong>Infinity the game<\/strong><\/a><\/p>\n<p>&nbsp;<\/p>\n","protected":false},"featured_media":22357,"template":"","meta":{"_acf_changed":false},"product_brand":[],"product_cat":[291,347,78,345],"product_tag":[151,306],"class_list":{"0":"post-4770","1":"product","2":"type-product","3":"status-publish","4":"has-post-thumbnail","6":"product_cat-infinity-es-2","7":"product_cat-marcadores-es","8":"product_cat-meeple-2","9":"product_cat-siluetas","10":"product_tag-infinity-es","11":"product_tag-infinity-the-game-es-2","13":"first","14":"instock","15":"taxable","16":"shipping-taxable","17":"purchasable","18":"product-type-variable"},"exclude_global_add_ons":[],"addons":[],"acf":[],"_links":{"self":[{"href":"https:\/\/www.customeeple.com\/es\/wp-json\/wp\/v2\/product\/4770","targetHints":{"allow":["GET"]}}],"collection":[{"href":"https:\/\/www.customeeple.com\/es\/wp-json\/wp\/v2\/product"}],"about":[{"href":"https:\/\/www.customeeple.com\/es\/wp-json\/wp\/v2\/types\/product"}],"wp:featuredmedia":[{"embeddable":true,"href":"https:\/\/www.customeeple.com\/es\/wp-json\/wp\/v2\/media\/22357"}],"wp:attachment":[{"href":"https:\/\/www.customeeple.com\/es\/wp-json\/wp\/v2\/media?parent=4770"}],"wp:term":[{"taxonomy":"product_brand","embeddable":true,"href":"https:\/\/www.customeeple.com\/es\/wp-json\/wp\/v2\/product_brand?post=4770"},{"taxonomy":"product_cat","embeddable":true,"href":"https:\/\/www.customeeple.com\/es\/wp-json\/wp\/v2\/product_cat?post=4770"},{"taxonomy":"product_tag","embeddable":true,"href":"https:\/\/www.customeeple.com\/es\/wp-json\/wp\/v2\/product_tag?post=4770"}],"curies":[{"name":"wp","href":"https:\/\/api.w.org\/{rel}","templated":true}]}}