{"id":47594,"date":"2019-09-27T13:19:05","date_gmt":"2019-09-27T11:19:07","guid":{"rendered":"https:\/\/www.customeeple.com\/?post_type=product&#038;p=47594"},"modified":"2019-09-30T11:43:54","modified_gmt":"2019-09-30T09:43:54","slug":"bases-ovaladas-de-dm-copy","status":"publish","type":"product","link":"https:\/\/www.customeeple.com\/es\/producto\/bases-ovaladas-de-dm-copy\/","title":{"rendered":"Bases de metacrilato transparente ovaladas"},"content":{"rendered":"<div class=\"add-top p_collection\">\n<p>Un pack de bases en metacrilato transparentes . \u00dasalas como base de tus minis personalizadas.<\/p>\n<p>Las bases pueden comprarse en varios tama\u00f1os desde la m\u00e1s peque\u00f1a de 15 x 30 mm a la colosal de 120x 160 mm. Son perfectas para ser utilizadas en cualquier juego que use bases redondas como <strong>Warhamer, Kings of war<\/strong>, <strong>DBA, Flames of Wars &#8230;etc<\/strong><\/p>\n<\/div>\n<div class=\"moreinfo\">\n<p><strong>Material: <\/strong>metacrilato transparente<\/p>\n<p dir=\"ltr\"><strong>Espesor:<\/strong> 3 mm<\/p>\n<p dir=\"ltr\"><strong>Tama\u00f1o: <\/strong>Varia<strong><br \/>\n<\/strong><\/p>\n<p>href=\u00bbhttps:\/\/boardgamegeek.com\/boardgame\/180241\/warhammer-age-sigmar\u00bb&gt;Warhammer: Age of Sigmar<\/p>\n<p dir=\"ltr\"><strong>\u00a0<\/strong>es un uego publicado por <a href=\"https:\/\/www.games-workshop.com\/es-ES\/Inicio\"><strong>\u00a0Games Workshop\u00a0<\/strong><\/a><a href=\"https:\/\/store.warlordgames.com\/collections\/bolt-action\">\u00a0<\/a><strong>Customeeple<\/strong> no esta afiliado con esta compa\u00f1ia y este producto no esta apoyado por ellos.<\/p>\n<\/div>\n","protected":false},"excerpt":{"rendered":"<p>Bases de metacrilato transparentes para cualquier situaci\u00f3n<\/p>\n","protected":false},"featured_media":46955,"template":"","meta":{"_acf_changed":false},"product_brand":[],"product_cat":[304,1370,1400,1177,1623,1654],"product_tag":[1535,685,942,787],"class_list":{"0":"post-47594","1":"product","2":"type-product","3":"status-publish","4":"has-post-thumbnail","6":"product_cat-bases-es","7":"product_cat-customeeple-es","8":"product_cat-fantasia","9":"product_cat-games-workshop-es","10":"product_cat-wargames-es-2","11":"product_cat-warhammer-age-of-sigmar-es-2","12":"product_tag-age-of-sigmar-es","13":"product_tag-bases-es","14":"product_tag-bolt-action-es","15":"product_tag-warhammer-40k-es-2","16":"pa_mat-2metatrans","17":"pa_mat-metacrilato-transparente","19":"first","20":"instock","21":"taxable","22":"shipping-taxable","23":"purchasable","24":"product-type-variable"},"exclude_global_add_ons":[],"addons":[],"acf":[],"_links":{"self":[{"href":"https:\/\/www.customeeple.com\/es\/wp-json\/wp\/v2\/product\/47594","targetHints":{"allow":["GET"]}}],"collection":[{"href":"https:\/\/www.customeeple.com\/es\/wp-json\/wp\/v2\/product"}],"about":[{"href":"https:\/\/www.customeeple.com\/es\/wp-json\/wp\/v2\/types\/product"}],"wp:featuredmedia":[{"embeddable":true,"href":"https:\/\/www.customeeple.com\/es\/wp-json\/wp\/v2\/media\/46955"}],"wp:attachment":[{"href":"https:\/\/www.customeeple.com\/es\/wp-json\/wp\/v2\/media?parent=47594"}],"wp:term":[{"taxonomy":"product_brand","embeddable":true,"href":"https:\/\/www.customeeple.com\/es\/wp-json\/wp\/v2\/product_brand?post=47594"},{"taxonomy":"product_cat","embeddable":true,"href":"https:\/\/www.customeeple.com\/es\/wp-json\/wp\/v2\/product_cat?post=47594"},{"taxonomy":"product_tag","embeddable":true,"href":"https:\/\/www.customeeple.com\/es\/wp-json\/wp\/v2\/product_tag?post=47594"}],"curies":[{"name":"wp","href":"https:\/\/api.w.org\/{rel}","templated":true}]}}