{"id":47533,"date":"2019-09-27T12:23:49","date_gmt":"2019-09-27T11:23:49","guid":{"rendered":"https:\/\/www.customeeple.com\/?post_type=product&#038;p=47533"},"modified":"2026-04-28T09:51:47","modified_gmt":"2026-04-28T08:51:47","slug":"bases-rectangulares-de-metacrilato-transparentes","status":"publish","type":"product","link":"https:\/\/www.customeeple.com\/es\/producto\/bases-rectangulares-de-metacrilato-transparentes\/","title":{"rendered":"Bases de metacrilato transparentes Rectangulares"},"content":{"rendered":"<div class=\"add-top p_collection\">\n<p>Un pack de bases en metacrilato transparentes. Usalas como base de tus minis personalizadas.<\/p>\n<p>Las bases pueden comprarse en varios tama\u00f1os desde la m\u00e1s peque\u00f1a de 10 x 20\u00a0 mm a la colosal de 100 x 160 mm. Son perfectas para ser utilizadas en cualquier juego que use bases rectangulares como <strong>Warhamer, Kings of war<\/strong>, <strong>DBA, Flames of War &#8230;etc<\/strong><\/p>\n<\/div>\n<div class=\"moreinfo\">\n<p><strong>Material:<\/strong>metacrilato transparente<\/p>\n<p dir=\"ltr\"><strong>Espesor:<\/strong> 3 mm<\/p>\n<p dir=\"ltr\"><strong>Tama\u00f1o: <\/strong>Varia\u00a0<strong><br \/>\n<\/strong><\/p>\n<p dir=\"ltr\">\n<\/div>\n","protected":false},"excerpt":{"rendered":"<p>Bases de metacrilato transparentes para cualquier situaci\u00f3n<\/p>\n","protected":false},"featured_media":46951,"template":"","meta":{"_acf_changed":false},"product_brand":[],"product_cat":[304,350,1370,1177,291,1372,1623,1654,1426],"product_tag":[1535,685,942,787],"class_list":{"0":"post-47533","1":"product","2":"type-product","3":"status-publish","4":"has-post-thumbnail","6":"product_cat-bases-es","7":"product_cat-bases-es-infinity-es-2","8":"product_cat-customeeple-es","9":"product_cat-games-workshop-es","10":"product_cat-infinity-es-2","11":"product_cat-sci-fi-es","12":"product_cat-wargames-es-2","13":"product_cat-warhammer-age-of-sigmar-es-2","14":"product_cat-whu-spire-es","15":"product_tag-age-of-sigmar-es","16":"product_tag-bases-es","17":"product_tag-bolt-action-es","18":"product_tag-warhammer-40k-es-2","19":"pa_mat-2metatrans","20":"pa_mat-metacrilato-transparente","22":"first","23":"instock","24":"taxable","25":"shipping-taxable","26":"purchasable","27":"product-type-variable"},"exclude_global_add_ons":[],"addons":[],"acf":[],"_links":{"self":[{"href":"https:\/\/www.customeeple.com\/es\/wp-json\/wp\/v2\/product\/47533","targetHints":{"allow":["GET"]}}],"collection":[{"href":"https:\/\/www.customeeple.com\/es\/wp-json\/wp\/v2\/product"}],"about":[{"href":"https:\/\/www.customeeple.com\/es\/wp-json\/wp\/v2\/types\/product"}],"wp:featuredmedia":[{"embeddable":true,"href":"https:\/\/www.customeeple.com\/es\/wp-json\/wp\/v2\/media\/46951"}],"wp:attachment":[{"href":"https:\/\/www.customeeple.com\/es\/wp-json\/wp\/v2\/media?parent=47533"}],"wp:term":[{"taxonomy":"product_brand","embeddable":true,"href":"https:\/\/www.customeeple.com\/es\/wp-json\/wp\/v2\/product_brand?post=47533"},{"taxonomy":"product_cat","embeddable":true,"href":"https:\/\/www.customeeple.com\/es\/wp-json\/wp\/v2\/product_cat?post=47533"},{"taxonomy":"product_tag","embeddable":true,"href":"https:\/\/www.customeeple.com\/es\/wp-json\/wp\/v2\/product_tag?post=47533"}],"curies":[{"name":"wp","href":"https:\/\/api.w.org\/{rel}","templated":true}]}}