{"id":47474,"date":"2019-09-27T12:21:12","date_gmt":"2019-09-27T11:21:12","guid":{"rendered":"https:\/\/www.customeeple.com\/?post_type=product&#038;p=47474"},"modified":"2021-02-18T11:11:10","modified_gmt":"2021-02-18T10:11:10","slug":"transparent-acrylic-round-bases","status":"publish","type":"product","link":"https:\/\/www.customeeple.com\/es\/producto\/transparent-acrylic-round-bases\/","title":{"rendered":"Bases de metacrilato transparente redondas"},"content":{"rendered":"<div class=\"add-top p_collection\">\n<p>Un pack de bases en metacrilato. Usalas como base de tus minis personalizadas.<\/p>\n<p>Las bases pueden comprarse en varios tama\u00f1os desde la m\u00e1s peque\u00f1a de 15 mm a la colosal de 160 mm. Son perfectas para ser utilizadas en cualquier juego que emplee bases redondas<\/p>\n<\/div>\n<div class=\"moreinfo\">\n<p><strong>Material: <\/strong>Metacriltao<\/p>\n<p dir=\"ltr\"><strong>Espesor:<\/strong> 2 o 3 mm<\/p>\n<p dir=\"ltr\"><strong>Tama\u00f1o: <\/strong>Varia<strong><br \/>\n<\/strong><\/p>\n<p dir=\"ltr\">\n<p dir=\"ltr\">\n<\/div>\n<p dir=\"ltr\">\n","protected":false},"excerpt":{"rendered":"<p>Bases de DM para cualquier situaci\u00f3n<\/p>\n","protected":false},"featured_media":46957,"template":"","meta":{"_acf_changed":false},"product_brand":[],"product_cat":[304,1672,350,1258,1370,1400,1177,291,1583,1394,2360,1372,1410,1688,1623,1229,1654],"product_tag":[685,787],"class_list":{"0":"post-47474","1":"product","2":"type-product","3":"status-publish","4":"has-post-thumbnail","6":"product_cat-bases-es","7":"product_cat-bases-es-4","8":"product_cat-bases-es-infinity-es-2","9":"product_cat-blood-bowl-es","10":"product_cat-customeeple-es","11":"product_cat-fantasia","12":"product_cat-games-workshop-es","13":"product_cat-infinity-es-2","14":"product_cat-necromunda-es","15":"product_cat-infinity-es","16":"product_cat-productos-oficiales","17":"product_cat-sci-fi-es","18":"product_cat-star-wars-legion-es","19":"product_cat-warcry-es","20":"product_cat-wargames-es-2","21":"product_cat-warhammer-40k-es","22":"product_cat-warhammer-age-of-sigmar-es-2","23":"product_tag-bases-es","24":"product_tag-warhammer-40k-es-2","25":"pa_mat-2metatrans","26":"pa_mat-metacrilato-transparente","28":"first","29":"instock","30":"taxable","31":"shipping-taxable","32":"purchasable","33":"product-type-variable"},"exclude_global_add_ons":[],"addons":[],"acf":[],"_links":{"self":[{"href":"https:\/\/www.customeeple.com\/es\/wp-json\/wp\/v2\/product\/47474","targetHints":{"allow":["GET"]}}],"collection":[{"href":"https:\/\/www.customeeple.com\/es\/wp-json\/wp\/v2\/product"}],"about":[{"href":"https:\/\/www.customeeple.com\/es\/wp-json\/wp\/v2\/types\/product"}],"wp:featuredmedia":[{"embeddable":true,"href":"https:\/\/www.customeeple.com\/es\/wp-json\/wp\/v2\/media\/46957"}],"wp:attachment":[{"href":"https:\/\/www.customeeple.com\/es\/wp-json\/wp\/v2\/media?parent=47474"}],"wp:term":[{"taxonomy":"product_brand","embeddable":true,"href":"https:\/\/www.customeeple.com\/es\/wp-json\/wp\/v2\/product_brand?post=47474"},{"taxonomy":"product_cat","embeddable":true,"href":"https:\/\/www.customeeple.com\/es\/wp-json\/wp\/v2\/product_cat?post=47474"},{"taxonomy":"product_tag","embeddable":true,"href":"https:\/\/www.customeeple.com\/es\/wp-json\/wp\/v2\/product_tag?post=47474"}],"curies":[{"name":"wp","href":"https:\/\/api.w.org\/{rel}","templated":true}]}}