{"id":47415,"date":"2019-09-25T13:25:25","date_gmt":"2019-09-25T11:25:25","guid":{"rendered":"https:\/\/www.customeeple.com\/?post_type=product&#038;p=47415"},"modified":"2020-11-07T20:19:03","modified_gmt":"2020-11-07T19:19:03","slug":"aristeia-advanced-tactics-decks-corvus-belli-eng","status":"publish","type":"product","link":"https:\/\/www.customeeple.com\/es\/producto\/aristeia-advanced-tactics-decks-corvus-belli-eng\/","title":{"rendered":"Aristeia! &#8211; Advanced Tactics Decks ENG"},"content":{"rendered":"<p><strong>Este producto est\u00e1 en ingl\u00e9s.<\/strong><\/p>\n<p><b>Aristeia! &#8211; Advanced Tactics Decks<\/b><\/p>\n<p>Aristeia! Advanced Tactics Decks de la marca Corvus Belli. Este bl\u00edster contiene dos nuevos mazos de tipo General, ambos con T\u00e1cticas numeradas del #009 al #018, en el idioma indicado.<\/p>\n<p>A partir de la Temporada 3 de la AGL, los jugadores podr\u00e1n formar sus Mazos de T\u00e1cticas en cada ronda de torneo pudiendo sustituir las T\u00e1cticas de tipo General de la Caja B\u00e1sica por las T\u00e1cticas del mazo TComm o las del mazo Sterling Forge.<\/p>\n","protected":false},"excerpt":{"rendered":"<p><a href=\"https:\/\/store.corvusbelli.com\/boardgames\/aristeia\/core\/aristeia-core\"><strong>Aristeia!<\/strong><\/a><\/p>\n","protected":false},"featured_media":47409,"template":"","meta":{"_acf_changed":false},"product_brand":[],"product_cat":[1323,1653,1555,1556,1180,1372],"product_tag":[1324],"class_list":{"0":"post-47415","1":"product","2":"type-product","3":"status-publish","4":"has-post-thumbnail","6":"product_cat-aristeia-es","7":"product_cat-boardgames","8":"product_cat-miniature-games-es","9":"product_cat-board-games-es","10":"product_cat-retail-products-es","11":"product_cat-sci-fi-es","12":"product_tag-aristeia-es","14":"first","15":"onbackorder","16":"sale","17":"taxable","18":"shipping-taxable","19":"purchasable","20":"product-type-simple"},"exclude_global_add_ons":[],"addons":[],"acf":[],"_links":{"self":[{"href":"https:\/\/www.customeeple.com\/es\/wp-json\/wp\/v2\/product\/47415","targetHints":{"allow":["GET"]}}],"collection":[{"href":"https:\/\/www.customeeple.com\/es\/wp-json\/wp\/v2\/product"}],"about":[{"href":"https:\/\/www.customeeple.com\/es\/wp-json\/wp\/v2\/types\/product"}],"wp:featuredmedia":[{"embeddable":true,"href":"https:\/\/www.customeeple.com\/es\/wp-json\/wp\/v2\/media\/47409"}],"wp:attachment":[{"href":"https:\/\/www.customeeple.com\/es\/wp-json\/wp\/v2\/media?parent=47415"}],"wp:term":[{"taxonomy":"product_brand","embeddable":true,"href":"https:\/\/www.customeeple.com\/es\/wp-json\/wp\/v2\/product_brand?post=47415"},{"taxonomy":"product_cat","embeddable":true,"href":"https:\/\/www.customeeple.com\/es\/wp-json\/wp\/v2\/product_cat?post=47415"},{"taxonomy":"product_tag","embeddable":true,"href":"https:\/\/www.customeeple.com\/es\/wp-json\/wp\/v2\/product_tag?post=47415"}],"curies":[{"name":"wp","href":"https:\/\/api.w.org\/{rel}","templated":true}]}}