{"id":47405,"date":"2019-09-25T12:56:28","date_gmt":"2019-09-25T11:56:28","guid":{"rendered":"https:\/\/www.customeeple.com\/?post_type=product&#038;p=47405"},"modified":"2022-05-13T16:14:10","modified_gmt":"2022-05-13T15:14:10","slug":"aristeia-saif-traders-coliseum-playmat","status":"publish","type":"product","link":"https:\/\/www.customeeple.com\/es\/producto\/aristeia-saif-traders-coliseum-playmat\/","title":{"rendered":"Aristeia! &#8211; Saif Traders Coliseum (Playmat)"},"content":{"rendered":"<p><b>Aristeia! &#8211; Saif Traders Coliseum<\/b><\/p>\n<p>Nuevo dise\u00f1o oficial de HexaDome en formato neopreno. Mucho m\u00e1s f\u00e1cil de transportar.<\/p>\n<p>El Saif Traders Coliseum es el HexaDome donde se celebran los combates de Aristeia! en la ciudad de Saif, califato de Al-Medinat (una de las regiones del planeta Bourak). Al-Medinat es hogar de la poderosa industria m\u00e9dica, biotecnol\u00f3gica y farmacol\u00f3gica de Haqqislam, as\u00ed que es frecuente que este HexaDome sea el escenario donde las corporaciones biosanitarias presentan a sus campeones y ponen a punto, a trav\u00e9s de ellos, nuevas sustancias de aplicaci\u00f3n m\u00e9dica o militar. El caso m\u00e1s reciente es el de Aleasara Laboratories y las estrellas Bachmann y Hammerhead.<\/p>\n","protected":false},"excerpt":{"rendered":"<p><a href=\"https:\/\/store.corvusbelli.com\/boardgames\/aristeia\/core\/aristeia-core\"><strong>Aristeia!<\/strong><\/a> neoprene playmat.<\/p>\n","protected":false},"featured_media":47411,"template":"","meta":{"_acf_changed":false},"product_brand":[],"product_cat":[1323,1653,1555,1556,1180,1372],"product_tag":[1324],"class_list":{"0":"post-47405","1":"product","2":"type-product","3":"status-publish","4":"has-post-thumbnail","6":"product_cat-aristeia-es","7":"product_cat-boardgames","8":"product_cat-miniature-games-es","9":"product_cat-board-games-es","10":"product_cat-retail-products-es","11":"product_cat-sci-fi-es","12":"product_tag-aristeia-es","14":"first","15":"onbackorder","16":"sale","17":"taxable","18":"shipping-taxable","19":"purchasable","20":"product-type-simple"},"exclude_global_add_ons":[],"addons":[],"acf":[],"_links":{"self":[{"href":"https:\/\/www.customeeple.com\/es\/wp-json\/wp\/v2\/product\/47405","targetHints":{"allow":["GET"]}}],"collection":[{"href":"https:\/\/www.customeeple.com\/es\/wp-json\/wp\/v2\/product"}],"about":[{"href":"https:\/\/www.customeeple.com\/es\/wp-json\/wp\/v2\/types\/product"}],"wp:featuredmedia":[{"embeddable":true,"href":"https:\/\/www.customeeple.com\/es\/wp-json\/wp\/v2\/media\/47411"}],"wp:attachment":[{"href":"https:\/\/www.customeeple.com\/es\/wp-json\/wp\/v2\/media?parent=47405"}],"wp:term":[{"taxonomy":"product_brand","embeddable":true,"href":"https:\/\/www.customeeple.com\/es\/wp-json\/wp\/v2\/product_brand?post=47405"},{"taxonomy":"product_cat","embeddable":true,"href":"https:\/\/www.customeeple.com\/es\/wp-json\/wp\/v2\/product_cat?post=47405"},{"taxonomy":"product_tag","embeddable":true,"href":"https:\/\/www.customeeple.com\/es\/wp-json\/wp\/v2\/product_tag?post=47405"}],"curies":[{"name":"wp","href":"https:\/\/api.w.org\/{rel}","templated":true}]}}