{"id":47397,"date":"2019-09-28T11:00:47","date_gmt":"2019-09-28T10:00:47","guid":{"rendered":"https:\/\/www.customeeple.com\/?post_type=product&#038;p=47397"},"modified":"2020-11-07T20:25:47","modified_gmt":"2020-11-07T19:25:47","slug":"mesbg-king-of-the-dead-and-heralds","status":"publish","type":"product","link":"https:\/\/www.customeeple.com\/es\/producto\/mesbg-king-of-the-dead-and-heralds\/","title":{"rendered":"MESBG: King of the Dead and Heralds"},"content":{"rendered":"<p>La ruptura del juramento hecho a Isildur recae en el pasado del Rey de las Edades. Aunque maldecido, y su cuerpo hace mucho tiempo reducido a polvo, su esp\u00edritu perdura hasta cumplir su palabra. Cuando llega Aragorn, este rey acepta tomar las armas contra los ej\u00e9rcitos de Mordor: el juramento prometido finalmente se cumplir\u00e1 y los muertos finalmente encontrar\u00e1n la paz que tanto ans\u00edan.<\/p>\n<p>Este set contiene al Rey de los Muertos y dos de sus lugartenientes, Heraldos de los Muertos. Cada uno de estos tres h\u00e9roes puede liderar una banda de guerra de los Muertos del Sagrario, lo que te permite usar ej\u00e9rcitos mucho m\u00e1s grandes de estos guerreros espectrales en tus juegos. El Rey de los Muertos es un enemigo aterrador, capaz de matar incluso al guerrero m\u00e1s poderoso con un solo golpe, mientras que la presencia de los Heraldos de los Muertos aumenta su presencia espectral.<\/p>\n<p>Este kit de pl\u00e1stico contiene 14 piezas con las que puedes montar tres miniaturas: el Rey de los Muertos y dos Heraldos de los Muertos, cada uno con una peana redonda Citadel de 25 mm.<\/p>\n<p>Las reglas para el Rey de los Muertos se pueden encontrar en Armies of\u00a0<em>The Lord of the Rings<\/em>&#x2122;, y Heralds of the Dead en Gondor at War.<\/p>\n","protected":false},"excerpt":{"rendered":"<p>Games Workshop miniatures.<\/p>\n","protected":false},"featured_media":47649,"template":"","meta":{"_acf_changed":false},"product_brand":[],"product_cat":[1177,1555,1180,1554],"product_tag":[1179,1223],"class_list":{"0":"post-47397","1":"product","2":"type-product","3":"status-publish","4":"has-post-thumbnail","6":"product_cat-games-workshop-es","7":"product_cat-miniature-games-es","8":"product_cat-retail-products-es","9":"product_cat-wargames-es","10":"product_tag-gamesworkshop-es","11":"product_tag-spacemarines-es","13":"first","14":"onbackorder","15":"sale","16":"taxable","17":"shipping-taxable","18":"purchasable","19":"product-type-simple"},"exclude_global_add_ons":[],"addons":[],"acf":[],"_links":{"self":[{"href":"https:\/\/www.customeeple.com\/es\/wp-json\/wp\/v2\/product\/47397","targetHints":{"allow":["GET"]}}],"collection":[{"href":"https:\/\/www.customeeple.com\/es\/wp-json\/wp\/v2\/product"}],"about":[{"href":"https:\/\/www.customeeple.com\/es\/wp-json\/wp\/v2\/types\/product"}],"wp:featuredmedia":[{"embeddable":true,"href":"https:\/\/www.customeeple.com\/es\/wp-json\/wp\/v2\/media\/47649"}],"wp:attachment":[{"href":"https:\/\/www.customeeple.com\/es\/wp-json\/wp\/v2\/media?parent=47397"}],"wp:term":[{"taxonomy":"product_brand","embeddable":true,"href":"https:\/\/www.customeeple.com\/es\/wp-json\/wp\/v2\/product_brand?post=47397"},{"taxonomy":"product_cat","embeddable":true,"href":"https:\/\/www.customeeple.com\/es\/wp-json\/wp\/v2\/product_cat?post=47397"},{"taxonomy":"product_tag","embeddable":true,"href":"https:\/\/www.customeeple.com\/es\/wp-json\/wp\/v2\/product_tag?post=47397"}],"curies":[{"name":"wp","href":"https:\/\/api.w.org\/{rel}","templated":true}]}}