{"id":46894,"date":"2019-09-08T00:40:39","date_gmt":"2019-09-07T22:40:39","guid":{"rendered":"https:\/\/www.customeeple.com\/?post_type=product&#038;p=46894"},"modified":"2020-11-07T20:20:04","modified_gmt":"2020-11-07T19:20:04","slug":"gotrek-gurnisson-pre-order","status":"publish","type":"product","link":"https:\/\/www.customeeple.com\/es\/producto\/gotrek-gurnisson-pre-order\/","title":{"rendered":"Gotrek Gurnisson"},"content":{"rendered":"<p>En el ya perdido Mundo pret\u00e9rico, Gotrek Gurnisson era un cazador de monstruos sin par. En busca de una muerte valerosa para expiar un pecado misterioso, viaj\u00f3 por el mundo junto a su compa\u00f1ero poeta Felix en busca de la peor desgracia que pudiera encontrar. Cuando llegaron los Tiempos Finales, Gotrek hall\u00f3 al fin su destino: proteger las puertas del Reino del Caos contra todos los siervos daem\u00f3nicos de los Dioses Oscuros. Escupido a los Reinos Mortales, va en busca de un nuevo prop\u00f3sito al ser el \u00faltimo enano en un mundo de duardins y otras extra\u00f1as criaturas. Armado con la legendaria hacha Fyreslayer Zangrom-Thaz y portando la Runa Maestra de Krag Blackhammer, se ha convertido en un verdadero semidios de la batalla.<\/p>\n<p>Gotrek es una adici\u00f3n temible a los ej\u00e9rcitos del Orden. Su habilidad con la poderosa hacha Zangrom-Thaz lo convierte (como es de esperar) en un cazador de monstruos incre\u00edble, y una amenaza para cualquier H\u00e9roe: \u00a1hasta las mayores bestias de los Reinos Mortales deber\u00edan cuidarse de la ira del Asesino! Si, por casualidad, alguien sobrevive para devolverle el golpe, la Hombrera de Edassa lo proteger\u00e1. B\u00e1sicamente, si lo que quieres es un H\u00e9roe que pueda matar todo lo que encuentre en su camino, quieres a Gotrek.<\/p>\n<p>Gotrek Gurnisson es un kit de pl\u00e1stico de 15 piezas. Viene con dos opciones para peanas: una peana redonda de 32 mm para usarlo en tus partidas y una peana redonda de 40 mm con detalles de escenograf\u00eda que representan un Skaven muerto, armas desperdigadas, escudos descartados y madera rota: \u00a1perfecto para una miniatura de exhibici\u00f3n digna del Golden Demon!<\/p>\n<p>Encontrar\u00e1s la hoja de unidad de Gotrek en la caja, lo que te permitir\u00e1 usarlo en tus partidas de Warhammer Age of Sigmar.<\/p>\n","protected":false},"excerpt":{"rendered":"<p>Games Workshop<\/p>\n","protected":false},"featured_media":46876,"template":"","meta":{"_acf_changed":false},"product_brand":[],"product_cat":[1400,1177,1555,1180,1623,1554,1654],"product_tag":[1535,1179,785],"class_list":{"0":"post-46894","1":"product","2":"type-product","3":"status-publish","4":"has-post-thumbnail","6":"product_cat-fantasia","7":"product_cat-games-workshop-es","8":"product_cat-miniature-games-es","9":"product_cat-retail-products-es","10":"product_cat-wargames-es-2","11":"product_cat-wargames-es","12":"product_cat-warhammer-age-of-sigmar-es-2","13":"product_tag-age-of-sigmar-es","14":"product_tag-gamesworkshop-es","15":"product_tag-wargame-es-2","17":"first","18":"outofstock","19":"sale","20":"taxable","21":"shipping-taxable","22":"purchasable","23":"product-type-simple"},"exclude_global_add_ons":[],"addons":[],"acf":[],"_links":{"self":[{"href":"https:\/\/www.customeeple.com\/es\/wp-json\/wp\/v2\/product\/46894","targetHints":{"allow":["GET"]}}],"collection":[{"href":"https:\/\/www.customeeple.com\/es\/wp-json\/wp\/v2\/product"}],"about":[{"href":"https:\/\/www.customeeple.com\/es\/wp-json\/wp\/v2\/types\/product"}],"wp:featuredmedia":[{"embeddable":true,"href":"https:\/\/www.customeeple.com\/es\/wp-json\/wp\/v2\/media\/46876"}],"wp:attachment":[{"href":"https:\/\/www.customeeple.com\/es\/wp-json\/wp\/v2\/media?parent=46894"}],"wp:term":[{"taxonomy":"product_brand","embeddable":true,"href":"https:\/\/www.customeeple.com\/es\/wp-json\/wp\/v2\/product_brand?post=46894"},{"taxonomy":"product_cat","embeddable":true,"href":"https:\/\/www.customeeple.com\/es\/wp-json\/wp\/v2\/product_cat?post=46894"},{"taxonomy":"product_tag","embeddable":true,"href":"https:\/\/www.customeeple.com\/es\/wp-json\/wp\/v2\/product_tag?post=46894"}],"curies":[{"name":"wp","href":"https:\/\/api.w.org\/{rel}","templated":true}]}}