{"id":4683,"date":"2013-11-13T20:08:14","date_gmt":"2013-11-13T19:08:14","guid":{"rendered":"http:\/\/www.customeeple.com\/product\/fichas-de-ordenes-para-infinity-5-unidades\/"},"modified":"2019-08-09T16:30:13","modified_gmt":"2019-08-09T14:30:13","slug":"fichas-de-ordenes-para-infinity-5-unidades","status":"publish","type":"product","link":"https:\/\/www.customeeple.com\/es\/producto\/fichas-de-ordenes-para-infinity-5-unidades\/","title":{"rendered":"Fichas de \u00f3rdenes para Infinity (5 Unidades)"},"content":{"rendered":"<p>Set oficial de \u00f3rdenes dise\u00f1adas para <strong><a href=\"http:\/\/www.infinitythegame.com\/infinity\/es\/\">Infinity the game<\/a>, <\/strong>grabadas con el logo de tu facci\u00f3n favorita: <a href=\"http:\/\/www.infinitythegame.com\/infinity\/es\/facciones\/\">ALEPH, Panoceania, Yu Jing<\/a>&#8230; Marca tus acciones usando piezas con los logos oficiales de <strong><a href=\"http:\/\/www.infinitythegame.com\/infinity\/es\/\">Infinity<\/a>. <\/strong><\/p>\n<p>Este set viene con 5 \u00f3rdenes con el logo deseado en uno de los diferentes colores: magenta, amarillo, naranja, azul o verde. Si no estas seguro de cual es el color id\u00f3neo para tus piezas puedes consultar nuestra p\u00e1gina de <em><a href=\"http:\/\/www.customeeple.com\/materials\/\"><strong>materiales<\/strong> <\/a><\/em><\/p>\n<p>Todas nuestras fichas est\u00e1n dise\u00f1adas en colaboraci\u00f3n con <strong><a href=\"http:\/\/www.corvusbelli.com\/\">Corvus Belli<\/a><\/strong> para ser totalmente compatibles con <a href=\"http:\/\/infinitythegame.com\/\" target=\"_blank\" rel=\"noopener noreferrer\"><strong>Infinity<\/strong><\/a><\/p>\n<div class=\"moreinfo\">\n<p><strong>Material:<\/strong> Metacrilato Fluorescente<\/p>\n<p><strong>Espesor:<\/strong> 3 mm<\/p>\n<p><strong>Tama\u00f1o:<\/strong> 17 x 20 mm.<\/p>\n<p><strong>Cantidad:<\/strong> 5 unidades en un color (verde, amarillo o magenta)<\/p>\n<p><strong>Uso:<\/strong> Marca tus acciones en<a href=\"http:\/\/www.infinitythegame.com\/infinity\/es\/\"> <strong>Infinity the game<\/strong><\/a><\/p>\n<\/div>\n<div class=\"infopreorder\"><strong>Nota:<\/strong> Los colores de las piezas de metacrilato pueden variar ligeramente de los mostrados en la foto<\/div>\n","protected":false},"excerpt":{"rendered":"<p>Set oficial de ordenes para<a href=\"http:\/\/www.infinitythegame.com\/infinity\/es\/\"><strong> Infinity the game<\/strong><\/a><\/p>\n","protected":false},"featured_media":4573,"template":"","meta":{"_acf_changed":false},"product_brand":[],"product_cat":[1370,291,347,1394],"product_tag":[151,306],"class_list":{"0":"post-4683","1":"product","2":"type-product","3":"status-publish","4":"has-post-thumbnail","6":"product_cat-customeeple-es","7":"product_cat-infinity-es-2","8":"product_cat-marcadores-es","9":"product_cat-infinity-es","10":"product_tag-infinity-es","11":"product_tag-infinity-the-game-es-2","12":"pa_methacrylate-colors-amarill-fluor-mfye","13":"pa_methacrylate-colors-azul-fluor-mfbl-es","14":"pa_methacrylate-colors-naranja-fluor-mfor-es","15":"pa_methacrylate-colors-naranja-fluor-mfor","16":"pa_methacrylate-colors-magenta-fluor-mfma-es","17":"pa_methacrylate-colors-smoke-grey-mtsm","18":"pa_methacrylate-colors-verde-fluor-mfgr","20":"first","21":"instock","22":"taxable","23":"shipping-taxable","24":"purchasable","25":"product-type-variable"},"exclude_global_add_ons":[],"addons":[],"acf":[],"_links":{"self":[{"href":"https:\/\/www.customeeple.com\/es\/wp-json\/wp\/v2\/product\/4683","targetHints":{"allow":["GET"]}}],"collection":[{"href":"https:\/\/www.customeeple.com\/es\/wp-json\/wp\/v2\/product"}],"about":[{"href":"https:\/\/www.customeeple.com\/es\/wp-json\/wp\/v2\/types\/product"}],"wp:featuredmedia":[{"embeddable":true,"href":"https:\/\/www.customeeple.com\/es\/wp-json\/wp\/v2\/media\/4573"}],"wp:attachment":[{"href":"https:\/\/www.customeeple.com\/es\/wp-json\/wp\/v2\/media?parent=4683"}],"wp:term":[{"taxonomy":"product_brand","embeddable":true,"href":"https:\/\/www.customeeple.com\/es\/wp-json\/wp\/v2\/product_brand?post=4683"},{"taxonomy":"product_cat","embeddable":true,"href":"https:\/\/www.customeeple.com\/es\/wp-json\/wp\/v2\/product_cat?post=4683"},{"taxonomy":"product_tag","embeddable":true,"href":"https:\/\/www.customeeple.com\/es\/wp-json\/wp\/v2\/product_tag?post=4683"}],"curies":[{"name":"wp","href":"https:\/\/api.w.org\/{rel}","templated":true}]}}