{"id":46559,"date":"2019-08-17T14:01:47","date_gmt":"2019-08-17T13:01:47","guid":{"rendered":"https:\/\/www.customeeple.com\/?post_type=product&#038;p=46559"},"modified":"2026-03-24T11:53:38","modified_gmt":"2026-03-24T10:53:38","slug":"space-marines-primaris-lieutenant-with-power-sword-pre-order","status":"publish","type":"product","link":"https:\/\/www.customeeple.com\/es\/producto\/space-marines-primaris-lieutenant-with-power-sword-pre-order\/","title":{"rendered":"Space Marines: Primaris Lieutenant with Power Sword"},"content":{"rendered":"<p>Los Lieutenants son la mano derecha de sus Captains proporcionando flexibilidad t\u00e1ctica y ayudando a dirigir a sus hermanos de batalla en la guerra. A menudo se les conf\u00eda el mando directo en el campo de batalla de una semicompa\u00f1\u00eda o una fuerza de ataque; se ocupan de la log\u00edstica de combate a nivel de escuadra, coordinan la fuerza, act\u00faan como l\u00edderes ejemplares, y liberan a sus Captains para que se centren en el panorama estrat\u00e9gico m\u00e1s amplio de toda la zona de guerra.<\/p>\n<p>Un Primaris Lieutenant es una opci\u00f3n de C.G. para cualquier facci\u00f3n del Adeptus Astartes, incluidos Blood Angels, Dark Angels e incluso los Space Wolves (para los que desempe\u00f1a el papel de Primaris Battle Leader). Lleva una combinaci\u00f3n de armas centrada en el combate cuerpo a cuerpo: una espada de energ\u00eda y una pistola b\u00f3lter, y su servoarmadura Mark X est\u00e1 adornada con un relicario y coronas de laurel.<\/p>\n<p>Esta miniatura multicomponente de pl\u00e1stico tiene 9 piezas y se suministra con una peana redonda Citadel de 40 mm. Encontrar\u00e1s las reglas completas del Primaris Lieutenant en el Codex: Space Marines.<\/p>\n<p>A Primaris Lieutenant is an HQ choice for any Adeptus Astartes Faction \u2013 including Blood Angels, Dark Angels and even the Space Wolves (for whom he fulfils the role of Primaris Battle Leader). He wields a melee-focussed combination of power sword and bolt pistol, and his Mark X power armour is adorned with a reliquary and laurel wreaths.<\/p>\n<p>This multipart plastic model comes in 9 components and is supplied with a Citadel 40mm Round Base. You\u2019ll find the full rules for the Primaris Lieutenant in Codex: Space Marines.<\/p>\n","protected":false},"excerpt":{"rendered":"<p>Games Workshop Miniature.<\/p>\n","protected":false},"featured_media":46565,"template":"","meta":{"_acf_changed":false},"product_brand":[],"product_cat":[1177,1555,1180,1372,1554,1229],"product_tag":[1179],"class_list":{"0":"post-46559","1":"product","2":"type-product","3":"status-publish","4":"has-post-thumbnail","6":"product_cat-games-workshop-es","7":"product_cat-miniature-games-es","8":"product_cat-retail-products-es","9":"product_cat-sci-fi-es","10":"product_cat-wargames-es","11":"product_cat-warhammer-40k-es","12":"product_tag-gamesworkshop-es","14":"first","15":"onbackorder","16":"sale","17":"taxable","18":"shipping-taxable","19":"purchasable","20":"product-type-simple"},"exclude_global_add_ons":[],"addons":[],"acf":[],"_links":{"self":[{"href":"https:\/\/www.customeeple.com\/es\/wp-json\/wp\/v2\/product\/46559","targetHints":{"allow":["GET"]}}],"collection":[{"href":"https:\/\/www.customeeple.com\/es\/wp-json\/wp\/v2\/product"}],"about":[{"href":"https:\/\/www.customeeple.com\/es\/wp-json\/wp\/v2\/types\/product"}],"wp:featuredmedia":[{"embeddable":true,"href":"https:\/\/www.customeeple.com\/es\/wp-json\/wp\/v2\/media\/46565"}],"wp:attachment":[{"href":"https:\/\/www.customeeple.com\/es\/wp-json\/wp\/v2\/media?parent=46559"}],"wp:term":[{"taxonomy":"product_brand","embeddable":true,"href":"https:\/\/www.customeeple.com\/es\/wp-json\/wp\/v2\/product_brand?post=46559"},{"taxonomy":"product_cat","embeddable":true,"href":"https:\/\/www.customeeple.com\/es\/wp-json\/wp\/v2\/product_cat?post=46559"},{"taxonomy":"product_tag","embeddable":true,"href":"https:\/\/www.customeeple.com\/es\/wp-json\/wp\/v2\/product_tag?post=46559"}],"curies":[{"name":"wp","href":"https:\/\/api.w.org\/{rel}","templated":true}]}}