{"id":46555,"date":"2019-08-17T14:00:00","date_gmt":"2019-08-17T13:00:00","guid":{"rendered":"https:\/\/www.customeeple.com\/?post_type=product&#038;p=46555"},"modified":"2026-03-24T11:53:38","modified_gmt":"2026-03-24T10:53:38","slug":"space-marines-primaris-librarian-in-phobos-armour-pre-order","status":"publish","type":"product","link":"https:\/\/www.customeeple.com\/es\/producto\/space-marines-primaris-librarian-in-phobos-armour-pre-order\/","title":{"rendered":"Space Marines: Primaris Librarian in Phobos Armour"},"content":{"rendered":"<p>Con los ojos encendidos y los pu\u00f1os crujiendo con energ\u00edas crepitantes, los Librarians de los Space Marines se lanzan a la batalla para destruir a sus enemigos. Algunos lanzan explosiones de fuerza warp que aplastan a sus v\u00edctimas hasta convertirlas en fosfatina, mientras que otros se retuercen con el flujo del tiempo o revitalizan a sus hermanos con incre\u00edbles oleadas de dinamismo. Sin embargo, si eligen luchar, todos los Librarians son ps\u00edquicos poderosos, que aprovechan la potente mutaci\u00f3n que soportan como una fuerza para defender a la Humanidad.<\/p>\n<p>Un Primaris Librarian en armadura Phobos es una opci\u00f3n de C.G. para cualquier facci\u00f3n del Adeptus Astartes, incluyendo Blood Angels, Dark Angels e incluso Space Wolves (para los que desempe\u00f1a el rol de Rune Priest). Es un guerrero capaz y un ps\u00edquico poderoso que puede manifestar poderes de la debilitante Disciplina oscurecimiento. Lleva una capucha ps\u00edquica, lo que le otorga mejores oportunidades de frustrar los poderes de los ps\u00edquicos enemigos. Al igual que muchas otras unidades Vanguard, el Primaris Librarian en armadura Phobos tambi\u00e9n usa una capa de camuflaje para mejorar los efectos de la cobertura.<\/p>\n<p>Esta miniatura multicomponente de pl\u00e1stico tiene 10 piezas y se suministra con una peana redonda Citadel de 40 mm. Encontrar\u00e1s las reglas del Primaris Librarian en armadura Phobos en el Codex: Space Marines.<br \/>\nA Primaris Librarian in Phobos Armour is an HQ choice for any Adeptus Astartes Faction \u2013 including Blood Angels, Dark Angels and even the Space Wolves (for whom he fulfils the role of Rune Priest). He is a capable warrior and a powerful psyker who is able to manifest powers from the debilitating Obscuration discipline. He wears a psychic hood, granting him a better chance of thwarting the powers of enemy psykers. Like many other Vanguard units, the Primaris Librarian in Phobos Armour also wears a camo cloak to enhance the effects of cover.<\/p>\n<p>This multipart plastic model comes in 10 components and is supplied with a Citadel 40mm Round Base. You\u2019ll find the full rules for the Primaris Librarian in Phobos Armour in Codex: Space Marines.<\/p>\n","protected":false},"excerpt":{"rendered":"<p>Games Workshop Miniature.<\/p>\n","protected":false},"featured_media":46557,"template":"","meta":{"_acf_changed":false},"product_brand":[],"product_cat":[1177,1555,1180,1372,1554,1229],"product_tag":[1179],"class_list":{"0":"post-46555","1":"product","2":"type-product","3":"status-publish","4":"has-post-thumbnail","6":"product_cat-games-workshop-es","7":"product_cat-miniature-games-es","8":"product_cat-retail-products-es","9":"product_cat-sci-fi-es","10":"product_cat-wargames-es","11":"product_cat-warhammer-40k-es","12":"product_tag-gamesworkshop-es","14":"first","15":"onbackorder","16":"sale","17":"taxable","18":"shipping-taxable","19":"purchasable","20":"product-type-simple"},"exclude_global_add_ons":[],"addons":[],"acf":[],"_links":{"self":[{"href":"https:\/\/www.customeeple.com\/es\/wp-json\/wp\/v2\/product\/46555","targetHints":{"allow":["GET"]}}],"collection":[{"href":"https:\/\/www.customeeple.com\/es\/wp-json\/wp\/v2\/product"}],"about":[{"href":"https:\/\/www.customeeple.com\/es\/wp-json\/wp\/v2\/types\/product"}],"wp:featuredmedia":[{"embeddable":true,"href":"https:\/\/www.customeeple.com\/es\/wp-json\/wp\/v2\/media\/46557"}],"wp:attachment":[{"href":"https:\/\/www.customeeple.com\/es\/wp-json\/wp\/v2\/media?parent=46555"}],"wp:term":[{"taxonomy":"product_brand","embeddable":true,"href":"https:\/\/www.customeeple.com\/es\/wp-json\/wp\/v2\/product_brand?post=46555"},{"taxonomy":"product_cat","embeddable":true,"href":"https:\/\/www.customeeple.com\/es\/wp-json\/wp\/v2\/product_cat?post=46555"},{"taxonomy":"product_tag","embeddable":true,"href":"https:\/\/www.customeeple.com\/es\/wp-json\/wp\/v2\/product_tag?post=46555"}],"curies":[{"name":"wp","href":"https:\/\/api.w.org\/{rel}","templated":true}]}}