{"id":46551,"date":"2019-08-17T13:56:21","date_gmt":"2019-08-21T11:56:21","guid":{"rendered":"https:\/\/www.customeeple.com\/?post_type=product&#038;p=46551"},"modified":"2019-09-11T12:54:18","modified_gmt":"2019-09-11T10:54:18","slug":"space-marines-primaris-captain-in-phobos-armour-pre-order","status":"publish","type":"product","link":"https:\/\/www.customeeple.com\/es\/producto\/space-marines-primaris-captain-in-phobos-armour-pre-order\/","title":{"rendered":"Space Marines: Primaris Captain in Phobos Armour"},"content":{"rendered":"<p>Cada compa\u00f1\u00eda de un Cap\u00edtulo del Adeptus Astartes est\u00e1 al mando de un Captain. A menudo se dice que un Space Marine vale al menos otros diez soldados; bajo el liderazgo de un Captain, esta proporci\u00f3n aumenta a\u00fan m\u00e1s, ya que coordinan a sus guerreros con una precisi\u00f3n letal e inspiran a sus seguidores a luchar con una dedicaci\u00f3n y un esp\u00edritu que no pueden inculcarse solo con el entrenamiento o la disciplina.<\/p>\n<p>Un Primaris Captain en armadura Phobos es una opci\u00f3n de C.G. para cualquier facci\u00f3n del Adeptus Astartes, incluidos Blood Angels, Dark Angels e incluso Space Wolves (para los que desempe\u00f1a el rol de Wolf Lord). Se trata de un guerrero muy h\u00e1bil en todos los aspectos de la batalla y su habilidad de aura poderosa y va armado con una carabina b\u00f3lter instigator artesanal, un arma de francotirador dise\u00f1ada para atacar a los comandantes enemigos. Adem\u00e1s de usar una capa de camuflaje para mejorar los efectos de la cobertura, el Capit\u00e1n Primaris en armadura Phobos puede usar un omni-interferidor avanzado para desbaratar a los refuerzos enemigos mientras avanzan al campo de batalla.<\/p>\n<p>Esta miniatura multicomponente de pl\u00e1stico tiene 9 piezas y se suministra con una peana redonda Citael de 40 mm y una hoja de calcoman\u00edas de Personajes Ultramarines. Encontrar\u00e1s las reglas completas del Primaris Captain en armadura Phobos Armour en el Codex: Space Marines.<\/p>\n","protected":false},"excerpt":{"rendered":"<p>Games Workshop Miniature.<\/p>\n","protected":false},"featured_media":46553,"template":"","meta":{"_acf_changed":false},"product_brand":[],"product_cat":[1177,1555,1180,1372,1554,1229],"product_tag":[1179],"class_list":{"0":"post-46551","1":"product","2":"type-product","3":"status-publish","4":"has-post-thumbnail","6":"product_cat-games-workshop-es","7":"product_cat-miniature-games-es","8":"product_cat-retail-products-es","9":"product_cat-sci-fi-es","10":"product_cat-wargames-es","11":"product_cat-warhammer-40k-es","12":"product_tag-gamesworkshop-es","14":"first","15":"onbackorder","16":"sale","17":"taxable","18":"shipping-taxable","19":"purchasable","20":"product-type-simple"},"exclude_global_add_ons":[],"addons":[],"acf":[],"_links":{"self":[{"href":"https:\/\/www.customeeple.com\/es\/wp-json\/wp\/v2\/product\/46551","targetHints":{"allow":["GET"]}}],"collection":[{"href":"https:\/\/www.customeeple.com\/es\/wp-json\/wp\/v2\/product"}],"about":[{"href":"https:\/\/www.customeeple.com\/es\/wp-json\/wp\/v2\/types\/product"}],"wp:featuredmedia":[{"embeddable":true,"href":"https:\/\/www.customeeple.com\/es\/wp-json\/wp\/v2\/media\/46553"}],"wp:attachment":[{"href":"https:\/\/www.customeeple.com\/es\/wp-json\/wp\/v2\/media?parent=46551"}],"wp:term":[{"taxonomy":"product_brand","embeddable":true,"href":"https:\/\/www.customeeple.com\/es\/wp-json\/wp\/v2\/product_brand?post=46551"},{"taxonomy":"product_cat","embeddable":true,"href":"https:\/\/www.customeeple.com\/es\/wp-json\/wp\/v2\/product_cat?post=46551"},{"taxonomy":"product_tag","embeddable":true,"href":"https:\/\/www.customeeple.com\/es\/wp-json\/wp\/v2\/product_tag?post=46551"}],"curies":[{"name":"wp","href":"https:\/\/api.w.org\/{rel}","templated":true}]}}