{"id":46437,"date":"2019-08-20T13:21:36","date_gmt":"2019-08-20T11:21:36","guid":{"rendered":"https:\/\/www.customeeple.com\/?post_type=product&#038;p=46437"},"modified":"2025-12-31T18:49:26","modified_gmt":"2025-12-31T17:49:26","slug":"bandeja-de-dados-personalizada-hexagonal-copy","status":"publish","type":"product","link":"https:\/\/www.customeeple.com\/es\/producto\/bandeja-de-dados-personalizada-hexagonal-copy\/","title":{"rendered":"Bandeja de dados personalizada hexagonal peque\u00f1o"},"content":{"rendered":"<div class=\"add-top p_collection\">\n<p>Una bandeja de Cuero hexagonal PU plegable\u00a0<b><\/b> perfecta para usar como espacio para tirar tus dados en cualquier juego.<\/p>\n<p>Puedes elegir entre diferentes colores e incluso opcionalmente grabar el logo que prefieras<\/p>\n<p><strong>Nota: <\/strong>Es posible que tengamos que cobrar algun extra si la imagen a grabar en la bandeja es demasiado compleja. Como gu\u00eda cualuier logo en blanco y negro deber\u00eda ser f\u00e1cil de adaptar. Para cualquier consejo puedes <a href=\"hello@customeeple.com\"><strong>contactar con nosotros<\/strong><\/a>. La intensidad del grabado del logo puede variar de producto a producto por culpa de variaciones en el material.<\/p>\n<p><strong>Material:<\/strong> Cuero PU<\/p>\n<\/div>\n<div class=\"moreinfo\">\n<p dir=\"ltr\"><strong>Tama\u00f1o:<\/strong> 18,5 (diameter)\u00a0 9 cm (Side)<strong><br \/>\n<\/strong><\/p>\n<p dir=\"ltr\"><strong>Cantidad: <\/strong> 1 bandeja de dados<\/p>\n<\/div>\n","protected":false},"excerpt":{"rendered":"<p>Bandeja de dados personalizada<\/p>\n","protected":false},"featured_media":46542,"template":"","meta":{"_acf_changed":false},"product_brand":[],"product_cat":[191,1371,1258,1370,1392,1177,917,829,1567,1394,2360,1654,1426,1349],"product_tag":[2396,2397],"class_list":{"0":"post-46437","1":"product","2":"type-product","3":"status-publish","4":"has-post-thumbnail","6":"product_cat-accesorios","7":"product_cat-aristeia-es-2","8":"product_cat-blood-bowl-es","9":"product_cat-customeeple-es","10":"product_cat-dados","11":"product_cat-games-workshop-es","12":"product_cat-kings-of-war-es","13":"product_cat-krosbattle-es","14":"product_cat-monsterpocalypse-es","15":"product_cat-infinity-es","16":"product_cat-productos-oficiales","17":"product_cat-warhammer-age-of-sigmar-es-2","18":"product_cat-whu-spire-es","19":"product_cat-warhammer-shadespire-es","20":"product_tag-accesory","21":"product_tag-dice-tray","23":"first","24":"instock","25":"taxable","26":"shipping-taxable","27":"product-type-variable"},"exclude_global_add_ons":false,"addons":[{"name":"Logo para grabar","type":"heading","position":0,"required":false,"title_format":"label","default":"","description_enable":true,"description":"","placeholder_enable":false,"placeholder":"","display":"select","restrictions_type":"any_text","adjust_price":false,"price":"","price_type":"flat_fee","restrictions":false,"min":"0","max":"0","options":[],"id":1762421652},{"name":"Logo para grabar","type":"file_upload","position":1,"required":false,"title_format":"hide","default":"","description_enable":false,"description":"","placeholder_enable":false,"placeholder":"","display":"select","restrictions_type":"any_text","adjust_price":true,"price":"3.50","price_type":"quantity_based","restrictions":false,"min":"0","max":"0","options":[],"id":1762421653}],"acf":[],"_links":{"self":[{"href":"https:\/\/www.customeeple.com\/es\/wp-json\/wp\/v2\/product\/46437","targetHints":{"allow":["GET"]}}],"collection":[{"href":"https:\/\/www.customeeple.com\/es\/wp-json\/wp\/v2\/product"}],"about":[{"href":"https:\/\/www.customeeple.com\/es\/wp-json\/wp\/v2\/types\/product"}],"wp:featuredmedia":[{"embeddable":true,"href":"https:\/\/www.customeeple.com\/es\/wp-json\/wp\/v2\/media\/46542"}],"wp:attachment":[{"href":"https:\/\/www.customeeple.com\/es\/wp-json\/wp\/v2\/media?parent=46437"}],"wp:term":[{"taxonomy":"product_brand","embeddable":true,"href":"https:\/\/www.customeeple.com\/es\/wp-json\/wp\/v2\/product_brand?post=46437"},{"taxonomy":"product_cat","embeddable":true,"href":"https:\/\/www.customeeple.com\/es\/wp-json\/wp\/v2\/product_cat?post=46437"},{"taxonomy":"product_tag","embeddable":true,"href":"https:\/\/www.customeeple.com\/es\/wp-json\/wp\/v2\/product_tag?post=46437"}],"curies":[{"name":"wp","href":"https:\/\/api.w.org\/{rel}","templated":true}]}}