{"id":46305,"date":"2019-08-10T11:00:16","date_gmt":"2019-08-06T09:38:16","guid":{"rendered":"https:\/\/www.customeeple.com\/?post_type=product&#038;p=46305"},"modified":"2021-10-09T10:56:39","modified_gmt":"2021-10-09T09:56:39","slug":"white-scar-primaris-upgrades-tranfers","status":"publish","type":"product","link":"https:\/\/www.customeeple.com\/es\/producto\/white-scar-primaris-upgrades-tranfers\/","title":{"rendered":"White Scar Primaris Upgrades &amp; Tranfers"},"content":{"rendered":"<div class=\"p_collection\">\n<div id=\"primary_block\" class=\"clearfix\">\n<div class=\"add-top p_collection\">\n<p>Demuestra tu lealtad a los hijos de Chogoris con este conjunto de mejoras y calcoman\u00edas para tus Primaris Space Marines. Puede usarse para personalizar una variedad de escuadras con iconograf\u00eda y detalles espec\u00edficos del Cap\u00edtulo de los White Scars.<\/p>\n<p>Contenido:<br \/>\n\u2013 5 hombreras de servoarmadura Mk X de los White Scars (dise\u00f1adas para usarse con Hellblasters\/Intercessors)<br \/>\n\u2013 1 hombrera de servoarmadura Mk X de los White Scars (para Sergeants o personajes de escuadras de Hellblasters\/Intercessors)<br \/>\n\u2013 2 hombreras de armadura Gravis de los White Scars (dise\u00f1adas para usarse con Aggressors)<br \/>\n\u2013 1 hombrera de armadura Gravis de los White Scars (para Sergeants o personajes de escuadras de Aggressors)<br \/>\n\u2013 2 cabezas descubiertas de los White Scars<br \/>\n\u2013 1 cabeza con casco de los White Scars<br \/>\n\u2013 1 brazo derecho sujetando un par de calaveras<br \/>\n\u2013 1 brazo izquierdo empu\u00f1ando una espada sierra<br \/>\n\u2013 3 decoraciones de los White Scars, incluyendo un cr\u00e1neo, un cabello largo y una bolsa de munici\u00f3n.<br \/>\n\u2013 Hoja de calcoman\u00edas con iconograf\u00eda del Cap\u00edtulo, escuadra y veh\u00edculos, as\u00ed como emblemas de campa\u00f1a, n\u00fameros de escuadra y marcas de rango y honores.<\/p>\n<\/div>\n<\/div>\n<\/div>\n<div class=\"product_components double-top add-border\">\n<div>\n<div class=\"infopreorder\"><\/div>\n<\/div>\n<div><\/div>\n<\/div>\n","protected":false},"excerpt":{"rendered":"<p>Boardgame.<\/p>\n","protected":false},"featured_media":46376,"template":"","meta":{"_acf_changed":false},"product_brand":[],"product_cat":[1400,1180,1229],"product_tag":[1179],"class_list":{"0":"post-46305","1":"product","2":"type-product","3":"status-publish","4":"has-post-thumbnail","6":"product_cat-fantasia","7":"product_cat-retail-products-es","8":"product_cat-warhammer-40k-es","9":"product_tag-gamesworkshop-es","11":"first","12":"onbackorder","13":"sale","14":"taxable","15":"shipping-taxable","16":"purchasable","17":"product-type-simple"},"exclude_global_add_ons":[],"addons":[],"acf":[],"_links":{"self":[{"href":"https:\/\/www.customeeple.com\/es\/wp-json\/wp\/v2\/product\/46305","targetHints":{"allow":["GET"]}}],"collection":[{"href":"https:\/\/www.customeeple.com\/es\/wp-json\/wp\/v2\/product"}],"about":[{"href":"https:\/\/www.customeeple.com\/es\/wp-json\/wp\/v2\/types\/product"}],"wp:featuredmedia":[{"embeddable":true,"href":"https:\/\/www.customeeple.com\/es\/wp-json\/wp\/v2\/media\/46376"}],"wp:attachment":[{"href":"https:\/\/www.customeeple.com\/es\/wp-json\/wp\/v2\/media?parent=46305"}],"wp:term":[{"taxonomy":"product_brand","embeddable":true,"href":"https:\/\/www.customeeple.com\/es\/wp-json\/wp\/v2\/product_brand?post=46305"},{"taxonomy":"product_cat","embeddable":true,"href":"https:\/\/www.customeeple.com\/es\/wp-json\/wp\/v2\/product_cat?post=46305"},{"taxonomy":"product_tag","embeddable":true,"href":"https:\/\/www.customeeple.com\/es\/wp-json\/wp\/v2\/product_tag?post=46305"}],"curies":[{"name":"wp","href":"https:\/\/api.w.org\/{rel}","templated":true}]}}