{"id":46303,"date":"2019-08-10T11:00:30","date_gmt":"2019-08-06T09:29:30","guid":{"rendered":"https:\/\/www.customeeple.com\/?post_type=product&#038;p=46303"},"modified":"2020-11-07T20:24:51","modified_gmt":"2020-11-07T19:24:51","slug":"ultramarines-chief-librarian-tigurius","status":"publish","type":"product","link":"https:\/\/www.customeeple.com\/es\/producto\/ultramarines-chief-librarian-tigurius\/","title":{"rendered":"Ultramarines Chief Librarian Tigurius"},"content":{"rendered":"<p>Tigurius es el Librarian Jefe de los Ultramarines y siempre se ha mantenido distante y misterioso, poseedor de conocimiento que va m\u00e1s all\u00e1 de las monta\u00f1as de archivos datos y miles de pergaminos del Librarius del Cap\u00edtulo.<\/p>\n<p>Como Librarian Jefe del Cap\u00edtulo de los Ultramarines, Tigurius es uno de los ps\u00edquicos m\u00e1s poderosos del Imperium, y desde que atraves\u00f3 el Rubicon Primaris puede llevar sus capacidades a cotas a\u00fan mayores. Tambi\u00e9n lleva la Capucha Infernal, un artefacto que aumenta sus posibilidades de manifestar poderes ps\u00edquicos y de dispar los del enemigo.<\/p>\n<p>Este kit de pl\u00e1stico multicomponente de 19 piezas permite montar un Chief Librarian Tigurius e incluye una peana redonda Citadel de 40 mm.<\/p>\n<p>&nbsp;<\/p>\n<p>This box set contains one multi-part plastic Space Marine Drop Pod. This large 89-piece kit includes components to arm the Drop Pod with either a storm bolter or a Deathwind launcher, and includes a variety of Chapter symbols for the Blood Angels, the Dark Angels, the Ultramarines, the Space Wolves, the Black Templars and the Imperial and Crimson Fists.<\/p>\n<p>&nbsp;<\/p>\n","protected":false},"excerpt":{"rendered":"<p>Games Workshop miniatures.<\/p>\n","protected":false},"featured_media":46378,"template":"","meta":{"_acf_changed":false},"product_brand":[],"product_cat":[1177,1555,1180,1372,1554,1229],"product_tag":[1179,1223],"class_list":{"0":"post-46303","1":"product","2":"type-product","3":"status-publish","4":"has-post-thumbnail","6":"product_cat-games-workshop-es","7":"product_cat-miniature-games-es","8":"product_cat-retail-products-es","9":"product_cat-sci-fi-es","10":"product_cat-wargames-es","11":"product_cat-warhammer-40k-es","12":"product_tag-gamesworkshop-es","13":"product_tag-spacemarines-es","15":"first","16":"onbackorder","17":"sale","18":"taxable","19":"shipping-taxable","20":"purchasable","21":"product-type-simple"},"exclude_global_add_ons":[],"addons":[],"acf":[],"_links":{"self":[{"href":"https:\/\/www.customeeple.com\/es\/wp-json\/wp\/v2\/product\/46303","targetHints":{"allow":["GET"]}}],"collection":[{"href":"https:\/\/www.customeeple.com\/es\/wp-json\/wp\/v2\/product"}],"about":[{"href":"https:\/\/www.customeeple.com\/es\/wp-json\/wp\/v2\/types\/product"}],"wp:featuredmedia":[{"embeddable":true,"href":"https:\/\/www.customeeple.com\/es\/wp-json\/wp\/v2\/media\/46378"}],"wp:attachment":[{"href":"https:\/\/www.customeeple.com\/es\/wp-json\/wp\/v2\/media?parent=46303"}],"wp:term":[{"taxonomy":"product_brand","embeddable":true,"href":"https:\/\/www.customeeple.com\/es\/wp-json\/wp\/v2\/product_brand?post=46303"},{"taxonomy":"product_cat","embeddable":true,"href":"https:\/\/www.customeeple.com\/es\/wp-json\/wp\/v2\/product_cat?post=46303"},{"taxonomy":"product_tag","embeddable":true,"href":"https:\/\/www.customeeple.com\/es\/wp-json\/wp\/v2\/product_tag?post=46303"}],"curies":[{"name":"wp","href":"https:\/\/api.w.org\/{rel}","templated":true}]}}