{"id":46108,"date":"2021-03-02T12:45:17","date_gmt":"2021-03-02T11:45:17","guid":{"rendered":"https:\/\/www.customeeple.com\/?post_type=product&#038;p=46108"},"modified":"2021-03-02T12:45:17","modified_gmt":"2021-03-02T11:45:17","slug":"m3e-blast-marker","status":"publish","type":"product","link":"https:\/\/www.customeeple.com\/es\/producto\/m3e-blast-marker\/","title":{"rendered":"M3E Blast Big marker"},"content":{"rendered":"<p>Una plantilla de area para\u00a0<strong><a href=\"http:\/\/www.wyrd-games.net\/malifaux\">Malifaux tercera edici\u00f3n <\/a>\u00a0<\/strong>fabricada en metacrilato con un logo de facci\u00f3n grabado.\u00a0 Tiene el mismo di\u00e1metro que los efectos de \u00e1rea del juego.<\/p>\n<p>Todas las piezas han sido dise\u00f1adas en colaboraci\u00f3n con <strong><a href=\"http:\/\/www.wyrd-games.net\/\">Wyrd games<\/a><\/strong><b>\u00a0<\/b>para ser totalmente compatibles con <strong><a href=\"http:\/\/www.wyrd-games.net\/malifaux\">Malifaux<\/a><\/strong><\/p>\n<p><strong style=\"font-size: 14px; line-height: 1.5em;\">Material: <\/strong>Metacrilato fluorescente<\/p>\n<div class=\"moreinfo\">\n<p dir=\"ltr\"><strong>Espesor:<\/strong>\u00a03 mm<\/p>\n<p dir=\"ltr\"><strong>Tama\u00f1o:\u00a0<\/strong>5 cm<\/p>\n<p dir=\"ltr\"><strong>Cantidad: <\/strong>1 plantilla<\/p>\n<p><strong>Uso:<\/strong>\u00a0Marca explosiones y efectos de area en tus partidas de\u00a0<strong><a href=\"http:\/\/www.wyrd-games.net\/malifaux\">Malifaux<\/a><\/strong><\/p>\n<\/div>\n<div class=\"infopreorder\"><strong>Nota:<\/strong>\u00a0Los colores de las piezas de metacrilato pueden variar ligeramente de las mostradas en la foto<\/div>\n","protected":false},"excerpt":{"rendered":"<p>Una plantilla de area para\u00a0<strong><a href=\"http:\/\/www.wyrd-games.net\/malifaux\">Malifaux tercera edici\u00f3n <\/a>\u00a0<\/strong>fabricada en metacrilato con un logo de facci\u00f3n grabado. Tiene el mismo\u00a0di\u00e1metro\u00a0que los efectos de\u00a0\u00e1rea\u00a0del juego.<\/p>\n<p>Puedes escoger tanto el color de tu plantilla como el logo de facci\u00f3n que prefieras. Si no estas seguro de cual es el color id\u00f3neo para tus piezas puedes consultar nuestra p\u00e1gina de <em><a href=\"http:\/\/www.customeeple.com\/materials\/\"><strong>materiales<\/strong> <\/a><\/em><\/p>\n<p>Todas las piezas han sido dise\u00f1adas en colaboraci\u00f3n con <strong><a href=\"http:\/\/www.wyrd-games.net\/\">Wyrd games<\/a><\/strong><b>\u00a0<\/b>para ser totalmente compatibles con <strong><a href=\"http:\/\/www.wyrd-games.net\/malifaux\">Malifaux<\/a><\/strong><\/p>\n<p>&nbsp;<\/p>\n<div class=\"moreinfo\">\n<p><strong style=\"font-size: 14px; line-height: 1.5em;\">Material:\u00a0<\/strong>Metacrilato fluorescente<\/p>\n<p dir=\"ltr\"><strong>Espesor:<\/strong>\u00a03 mm<\/p>\n<p dir=\"ltr\"><strong>Tama\u00f1o:\u00a0<\/strong>5 cm<\/p>\n<p dir=\"ltr\"><strong>Cantidad: <\/strong>1 plantilla<\/p>\n<p><strong>Uso:<\/strong>\u00a0Marca explosiones y efectos de area en tus partidas de\u00a0<strong><a href=\"http:\/\/www.wyrd-games.net\/malifaux\">Malifaux<\/a><\/strong><\/p>\n<\/div>\n<div class=\"infopreorder\"><strong>Nota:<\/strong>\u00a0Los colores de las piezas de metacrilato pueden variar ligeramente de las mostradas en la foto<\/div>\n","protected":false},"featured_media":49244,"template":"","meta":{"_acf_changed":false},"product_brand":[],"product_cat":[1671,925],"product_tag":[1652],"class_list":{"0":"post-46108","1":"product","2":"type-product","3":"status-publish","4":"has-post-thumbnail","6":"product_cat-malifaux-es-3","7":"product_cat-markerstokens-es-2","8":"product_tag-malifaux-es-2","10":"first","11":"instock","12":"taxable","13":"shipping-taxable","14":"purchasable","15":"product-type-variable"},"exclude_global_add_ons":[],"addons":[],"acf":[],"_links":{"self":[{"href":"https:\/\/www.customeeple.com\/es\/wp-json\/wp\/v2\/product\/46108","targetHints":{"allow":["GET"]}}],"collection":[{"href":"https:\/\/www.customeeple.com\/es\/wp-json\/wp\/v2\/product"}],"about":[{"href":"https:\/\/www.customeeple.com\/es\/wp-json\/wp\/v2\/types\/product"}],"wp:featuredmedia":[{"embeddable":true,"href":"https:\/\/www.customeeple.com\/es\/wp-json\/wp\/v2\/media\/49244"}],"wp:attachment":[{"href":"https:\/\/www.customeeple.com\/es\/wp-json\/wp\/v2\/media?parent=46108"}],"wp:term":[{"taxonomy":"product_brand","embeddable":true,"href":"https:\/\/www.customeeple.com\/es\/wp-json\/wp\/v2\/product_brand?post=46108"},{"taxonomy":"product_cat","embeddable":true,"href":"https:\/\/www.customeeple.com\/es\/wp-json\/wp\/v2\/product_cat?post=46108"},{"taxonomy":"product_tag","embeddable":true,"href":"https:\/\/www.customeeple.com\/es\/wp-json\/wp\/v2\/product_tag?post=46108"}],"curies":[{"name":"wp","href":"https:\/\/api.w.org\/{rel}","templated":true}]}}