{"id":45549,"date":"2019-07-17T10:47:42","date_gmt":"2019-07-17T08:47:43","guid":{"rendered":"https:\/\/www.customeeple.com\/?post_type=product&#038;p=45549"},"modified":"2021-10-09T11:02:26","modified_gmt":"2021-10-09T10:02:26","slug":"advance-pack-convention-exclusive-pre-release","status":"publish","type":"product","link":"https:\/\/www.customeeple.com\/es\/producto\/advance-pack-convention-exclusive-pre-release\/","title":{"rendered":"Advance Pack &#8211; Convention Exclusive Pre-release"},"content":{"rendered":"<div>\n<p>En las costas de la Isla Libre de S\u00e1lvora, unidades especiales Shasvastii y de O-12 se traban en combate para decidir el destino del planeta Paradiso.<\/p>\n<p><strong>TEAM SIRIUS<\/strong><\/p>\n<p>El Equipo Sirius se concibi\u00f3 como una unidad K-9 especial con unidades rob\u00f3ticas sincronizadas. Al igual que el perro mitol\u00f3gico del que reciben el nombre, una vez esta unidad de detectives olfatea a su presa, ya no la deja escapar, son implacables. El Equipo Sirius es el destino que viene a por ti con una placa y un arma.<\/p>\n<p><strong>SHASVASTII AIRBORNE INFILTRATION GROUP CADMUS<\/strong><\/p>\n<p>Un soldado Cadmus ser\u00e1 siempre al menos tan letal como el adversario al que se enfrente. Los Cadmus son el pin\u00e1culo de la maleabilidad, capaces de escanear cualquier tropa enemiga que se encuentre cerca y copiar sus habilidades. \u00a1Una forma temible de obtener tropas de \u00e9lite a velocidad expr\u00e9s!<\/p>\n<p>Caja Exclusiva que adelanta novedades futuras, s\u00f3lo disponible durante el pre-order.<\/p>\n<p>Esta caja incluye:<\/p>\n<ul>\n<li>Team Sirius con Escopeta de Abordaje, Cargas-D + 1 SiriusBot<\/li>\n<li>Shasvastii Cadmus Hacker con Escopeta de Abordaje<\/li>\n<\/ul>\n<\/div>\n<hr \/>\n<div><\/div>\n<hr \/>\n<div class=\"mt-4\">\n<ul>\n<li><strong><i>Este producto no es un juguete.<\/i><\/strong>\u00a0\u00a0<i>No est\u00e1 pensado para ser usado por personas de 14 a\u00f1os o menos.<\/i><\/li>\n<li><i>Las miniaturas incluidas en nuestros productos se proveen sin pintar. Tambi\u00e9n puede requerir ensamblado. Los componentes reales pueden variar de los mostrados.<\/i><\/li>\n<\/ul>\n<\/div>\n","protected":false},"excerpt":{"rendered":"<p>Infinity miniatures.<\/p>\n","protected":false},"featured_media":45551,"template":"","meta":{"_acf_changed":false},"product_brand":[],"product_cat":[291,1653,1555,348,1668,1603,1180,1372],"product_tag":[1183,151,1604],"class_list":{"0":"post-45549","1":"product","2":"type-product","3":"status-publish","4":"has-post-thumbnail","6":"product_cat-infinity-es-2","7":"product_cat-boardgames","8":"product_cat-miniature-games-es","9":"product_cat-lote-infinity-es-2","10":"product_cat-miniatures-es","11":"product_cat-o12-es","12":"product_cat-retail-products-es","13":"product_cat-sci-fi-es","14":"product_tag-combinedarmy-es","15":"product_tag-infinity-es","16":"product_tag-o12-es","18":"first","19":"outofstock","20":"sale","21":"taxable","22":"shipping-taxable","23":"purchasable","24":"product-type-simple"},"exclude_global_add_ons":[],"addons":[],"acf":[],"_links":{"self":[{"href":"https:\/\/www.customeeple.com\/es\/wp-json\/wp\/v2\/product\/45549","targetHints":{"allow":["GET"]}}],"collection":[{"href":"https:\/\/www.customeeple.com\/es\/wp-json\/wp\/v2\/product"}],"about":[{"href":"https:\/\/www.customeeple.com\/es\/wp-json\/wp\/v2\/types\/product"}],"wp:featuredmedia":[{"embeddable":true,"href":"https:\/\/www.customeeple.com\/es\/wp-json\/wp\/v2\/media\/45551"}],"wp:attachment":[{"href":"https:\/\/www.customeeple.com\/es\/wp-json\/wp\/v2\/media?parent=45549"}],"wp:term":[{"taxonomy":"product_brand","embeddable":true,"href":"https:\/\/www.customeeple.com\/es\/wp-json\/wp\/v2\/product_brand?post=45549"},{"taxonomy":"product_cat","embeddable":true,"href":"https:\/\/www.customeeple.com\/es\/wp-json\/wp\/v2\/product_cat?post=45549"},{"taxonomy":"product_tag","embeddable":true,"href":"https:\/\/www.customeeple.com\/es\/wp-json\/wp\/v2\/product_tag?post=45549"}],"curies":[{"name":"wp","href":"https:\/\/api.w.org\/{rel}","templated":true}]}}