{"id":45440,"date":"2019-07-16T10:16:31","date_gmt":"2019-07-16T08:16:32","guid":{"rendered":"https:\/\/www.customeeple.com\/?post_type=product&#038;p=45440"},"modified":"2019-07-16T10:21:08","modified_gmt":"2019-07-16T08:21:08","slug":"mazo-keyforge-la-edad-de-la-ascension-esp","status":"publish","type":"product","link":"https:\/\/www.customeeple.com\/es\/producto\/mazo-keyforge-la-edad-de-la-ascension-esp\/","title":{"rendered":"Mazo KeyForge: La edad de la ascensi\u00f3n (ESP)"},"content":{"rendered":"<div class=\"p_collection\">\n<div id=\"primary_block\" class=\"clearfix\">\n<div class=\"add-top p_collection\">Cada mazo de Arconte es completamente \u00fanico y no puede ser alterado, lo que asegura que usar\u00e1s todas las facciones de tu mazo para conseguir la victoria. Cada mazo de La llamada de los Arcontes tiene un nombre y Arconte espec\u00edfico, y est\u00e1 hecho con una mezcla particular de cartas, t\u00e1cticas y potencial estrat\u00e9gico. Encontraras una oportunidad en cada mazo, la de convertirte en el mejor del mundo usando tus mazos.<\/div>\n<div><\/div>\n<\/div>\n<\/div>\n<div class=\"product_components double-top add-border\">\n<div>\n<div class=\"moreinfo\"><strong>Contiene 1 mazo de Arconte \u00fanico de 37 cartas. <\/strong><\/div>\n<div><\/div>\n<div class=\"moreinfo\"><strong>Idioma<\/strong>: Espa\u00f1ol<\/div>\n<div class=\"infopreorder\"><\/div>\n<\/div>\n<div><\/div>\n<\/div>\n","protected":false},"excerpt":{"rendered":"<p>Boardgame.<\/p>\n","protected":false},"featured_media":45442,"template":"","meta":{"_acf_changed":false},"product_brand":[],"product_cat":[1557,1653,1180],"product_tag":[1286,1264,1280],"class_list":{"0":"post-45440","1":"product","2":"type-product","3":"status-publish","4":"has-post-thumbnail","6":"product_cat-card-game-es","7":"product_cat-boardgames","8":"product_cat-retail-products-es","9":"product_tag-asmodee-es","10":"product_tag-boardgame-es","11":"product_tag-juego-de-mesa-es","13":"first","14":"onbackorder","15":"taxable","16":"shipping-taxable","17":"purchasable","18":"product-type-simple"},"exclude_global_add_ons":[],"addons":[],"acf":[],"_links":{"self":[{"href":"https:\/\/www.customeeple.com\/es\/wp-json\/wp\/v2\/product\/45440","targetHints":{"allow":["GET"]}}],"collection":[{"href":"https:\/\/www.customeeple.com\/es\/wp-json\/wp\/v2\/product"}],"about":[{"href":"https:\/\/www.customeeple.com\/es\/wp-json\/wp\/v2\/types\/product"}],"wp:featuredmedia":[{"embeddable":true,"href":"https:\/\/www.customeeple.com\/es\/wp-json\/wp\/v2\/media\/45442"}],"wp:attachment":[{"href":"https:\/\/www.customeeple.com\/es\/wp-json\/wp\/v2\/media?parent=45440"}],"wp:term":[{"taxonomy":"product_brand","embeddable":true,"href":"https:\/\/www.customeeple.com\/es\/wp-json\/wp\/v2\/product_brand?post=45440"},{"taxonomy":"product_cat","embeddable":true,"href":"https:\/\/www.customeeple.com\/es\/wp-json\/wp\/v2\/product_cat?post=45440"},{"taxonomy":"product_tag","embeddable":true,"href":"https:\/\/www.customeeple.com\/es\/wp-json\/wp\/v2\/product_tag?post=45440"}],"curies":[{"name":"wp","href":"https:\/\/api.w.org\/{rel}","templated":true}]}}